{"id":1014,"date":"2018-12-09T04:08:07","date_gmt":"2018-12-09T02:08:07","guid":{"rendered":"https:\/\/corpusry.fi\/?page_id=1014"},"modified":"2018-12-09T04:08:07","modified_gmt":"2018-12-09T02:08:07","slug":"9-luukku","status":"publish","type":"page","link":"https:\/\/corpusry.fi\/index.php\/naaga\/joulukalenteri-2018\/9-luukku\/","title":{"rendered":"9. luukku"},"content":{"rendered":"<h2>Hyv\u00e4\u00e4 toista adventtia!<\/h2>\n<p><img loading=\"lazy\" decoding=\"async\" class=\"alignnone wp-image-1015\" src=\"http:\/\/corpusry.fi\/wp-content\/uploads\/2018\/12\/Merry-Xmas-from-Putin-Bear.jpg\" alt=\"\" width=\"498\" height=\"664\" \/><\/p>\n<p>&nbsp;<\/p>\n<p>Tekij\u00e4: Riika Tyhtil\u00e4<\/p>\n","protected":false},"excerpt":{"rendered":"<p>Hyv\u00e4\u00e4 toista adventtia! &nbsp; Tekij\u00e4: Riika Tyhtil\u00e4<\/p>\n","protected":false},"author":8,"featured_media":0,"parent":977,"menu_order":0,"comment_status":"closed","ping_status":"closed","template":"","meta":{"Layout":"","footnotes":""},"class_list":["entry","author-joonas-pulkkinen","post-1014","page","type-page","status-publish"],"_links":{"self":[{"href":"https:\/\/corpusry.fi\/index.php\/wp-json\/wp\/v2\/pages\/1014","targetHints":{"allow":["GET"]}}],"collection":[{"href":"https:\/\/corpusry.fi\/index.php\/wp-json\/wp\/v2\/pages"}],"about":[{"href":"https:\/\/corpusry.fi\/index.php\/wp-json\/wp\/v2\/types\/page"}],"author":[{"embeddable":true,"href":"https:\/\/corpusry.fi\/index.php\/wp-json\/wp\/v2\/users\/8"}],"replies":[{"embeddable":true,"href":"https:\/\/corpusry.fi\/index.php\/wp-json\/wp\/v2\/comments?post=1014"}],"version-history":[{"count":1,"href":"https:\/\/corpusry.fi\/index.php\/wp-json\/wp\/v2\/pages\/1014\/revisions"}],"predecessor-version":[{"id":1016,"href":"https:\/\/corpusry.fi\/index.php\/wp-json\/wp\/v2\/pages\/1014\/revisions\/1016"}],"up":[{"embeddable":true,"href":"https:\/\/corpusry.fi\/index.php\/wp-json\/wp\/v2\/pages\/977"}],"wp:attachment":[{"href":"https:\/\/corpusry.fi\/index.php\/wp-json\/wp\/v2\/media?parent=1014"}],"curies":[{"name":"wp","href":"https:\/\/api.w.org\/{rel}","templated":true}]}}