{"id":1017,"date":"2018-12-10T14:24:48","date_gmt":"2018-12-10T12:24:48","guid":{"rendered":"https:\/\/corpusry.fi\/?page_id=1017"},"modified":"2018-12-10T14:24:48","modified_gmt":"2018-12-10T12:24:48","slug":"10-luukku","status":"publish","type":"page","link":"https:\/\/corpusry.fi\/index.php\/naaga\/joulukalenteri-2018\/10-luukku\/","title":{"rendered":"10. luukku"},"content":{"rendered":"<h3>Joulumuistoja<\/h3>\n<p>Jouluna er\u00e4\u00e4n\u00e4 is\u00e4ni ehdotti, ett\u00e4 ostaisin \u00e4idille ja siskolleni joululahjaksi hiusharjan, koska meill\u00e4 oli aina kaikki hiusharjat (ja kaikki muukin) hukassa. Aattona selvisi, ett\u00e4 h\u00e4n oli esitt\u00e4nyt saman idean my\u00f6s sisaruksilleni (2 kpl) ja lopulta kaikki saivat lahjaksi hiusharjoja. Parasta oli kuitenkin se, kun pikkusiskoni (joku esiteini tuolloin) suuttui aivan \u00e4lytt\u00f6m\u00e4sti ja m\u00f6k\u00f6tti, koska oli saanut lahjaksi hiusharjoja. Perhejoulut on parasta.<\/p>\n<p>&nbsp;<\/p>\n<p style=\"text-align: center;\">***<\/p>\n<p>&nbsp;<\/p>\n<p>Jouluna er\u00e4\u00e4n\u00e4 kanivanhukseni sairasti pasteurellaa. Kaneille yleinen virustauti. Johon puppe my\u00f6s kev\u00e4\u00e4ll\u00e4 menehtyi. Jouluna elikko oli kuitenkin kunnossa. Joulun kunniaksi j\u00e4n\u00f6 ja j\u00e4n\u00f6n kaveri saivat herkkuja. Kanivanhus pupelsi herkun menem\u00e4\u00e4n ja alkoi sitten yht\u00e4kki\u00e4 k\u00f6hi\u00e4. Se p\u00f6llisk\u00f6 meinasi tukehtua! Jouluna! Kani yski aikansa, min\u00e4 panikoin aikani, muistin Facebookin Kanit-ryhm\u00e4ss\u00e4 n\u00e4hneeni postauksen kanien Heimlich-otteesta. Jota ei tietenk\u00e4\u00e4n mist\u00e4\u00e4n l\u00f6ytynyt. Paniikki yltyi. El\u00e4inl\u00e4\u00e4k\u00e4riink\u00e4\u00e4n ei pienell\u00e4 paikkakunnalla jouluna p\u00e4\u00e4se. Paniikki yltyi enemm\u00e4n kanin jatkaessa yskimist\u00e4. Sitten se yht\u00e4kki\u00e4 lopetti, kipitti s\u00e4ngyn alle piiloon ja jatkoi olemistaan tyytyv\u00e4isen\u00e4. Loppu.<\/p>\n<p>&nbsp;<\/p>\n<p style=\"text-align: center;\">***<\/p>\n<p>&nbsp;<\/p>\n<p>Jouluna er\u00e4\u00e4n\u00e4, itse asiassa viime jouluna, ostin sisaruksilleni yhteiseksi lahjaksi Exploding Kittens -korttipelin. Hauska peli, ei siin\u00e4. My\u00f6h\u00e4\u00e4n illasta aloimme vanhempieni kanssa pelata t\u00e4t\u00e4 huimaa uutuuspeli\u00e4. Viskin ja viinin kera, tottakai. Ensimm\u00e4inen er\u00e4 oli ihan mukiinmenev\u00e4. Is\u00e4 voitti sen. Ja seuraavan. Ja my\u00f6s seuraavat. Ja oikeastaan kaikki er\u00e4t. Ja is\u00e4ll\u00e4 oli tosi hauskaa. Muilla ei. \u00c4iti ei oikein ymm\u00e4rt\u00e4nyt englanninkielisi\u00e4 kortteja, joten sill\u00e4 ei ehk\u00e4 ollut hauskaa edes ensimm\u00e4isen er\u00e4n aikana. Pelaamme aika harvoin perheen kesken mit\u00e4\u00e4n.<\/p>\n<p>&nbsp;<\/p>\n<p>&nbsp;<\/p>\n<p><em>&#8211; Anonyymi corpuslainen<\/em><\/p>\n","protected":false},"excerpt":{"rendered":"<p>Joulumuistoja Jouluna er\u00e4\u00e4n\u00e4 is\u00e4ni ehdotti, ett\u00e4 ostaisin \u00e4idille ja siskolleni joululahjaksi hiusharjan, koska meill\u00e4 oli aina kaikki hiusharjat (ja kaikki muukin) hukassa. Aattona selvisi, ett\u00e4 h\u00e4n oli esitt\u00e4nyt saman idean <a href=\"https:\/\/corpusry.fi\/index.php\/naaga\/joulukalenteri-2018\/10-luukku\/\" class=\"more-link\">[&hellip;]<\/a><\/p>\n","protected":false},"author":8,"featured_media":0,"parent":977,"menu_order":0,"comment_status":"closed","ping_status":"closed","template":"","meta":{"Layout":"","footnotes":""},"class_list":["entry","author-joonas-pulkkinen","post-1017","page","type-page","status-publish"],"_links":{"self":[{"href":"https:\/\/corpusry.fi\/index.php\/wp-json\/wp\/v2\/pages\/1017","targetHints":{"allow":["GET"]}}],"collection":[{"href":"https:\/\/corpusry.fi\/index.php\/wp-json\/wp\/v2\/pages"}],"about":[{"href":"https:\/\/corpusry.fi\/index.php\/wp-json\/wp\/v2\/types\/page"}],"author":[{"embeddable":true,"href":"https:\/\/corpusry.fi\/index.php\/wp-json\/wp\/v2\/users\/8"}],"replies":[{"embeddable":true,"href":"https:\/\/corpusry.fi\/index.php\/wp-json\/wp\/v2\/comments?post=1017"}],"version-history":[{"count":3,"href":"https:\/\/corpusry.fi\/index.php\/wp-json\/wp\/v2\/pages\/1017\/revisions"}],"predecessor-version":[{"id":1020,"href":"https:\/\/corpusry.fi\/index.php\/wp-json\/wp\/v2\/pages\/1017\/revisions\/1020"}],"up":[{"embeddable":true,"href":"https:\/\/corpusry.fi\/index.php\/wp-json\/wp\/v2\/pages\/977"}],"wp:attachment":[{"href":"https:\/\/corpusry.fi\/index.php\/wp-json\/wp\/v2\/media?parent=1017"}],"curies":[{"name":"wp","href":"https:\/\/api.w.org\/{rel}","templated":true}]}}