{"id":1029,"date":"2018-12-13T12:25:46","date_gmt":"2018-12-13T10:25:46","guid":{"rendered":"https:\/\/corpusry.fi\/?page_id=1029"},"modified":"2018-12-13T12:25:46","modified_gmt":"2018-12-13T10:25:46","slug":"13-luukku","status":"publish","type":"page","link":"https:\/\/corpusry.fi\/index.php\/naaga\/joulukalenteri-2018\/13-luukku\/","title":{"rendered":"13. luukku"},"content":{"rendered":"<h3>Vegaanifeministin joulur\u00e4ntti<\/h3>\n<p>Lapsena joulu oli parasta aikaa ikin\u00e4. Joulupukki, joulukuusi, \u00e4hky ja lahjavuori. Sitten sain tiet\u00e4\u00e4, ett\u00e4 joulupukki ei ole totta. Kerroin salaisuuden pikkuveljelleni. Olimme saunassa lauteiden alla ja vannotin pikkuvelje\u00e4, ettei h\u00e4n vasikoisi minua Suuren Huijauksen paljastamisesta. Pikkuveli lupasi ja juoksi pois kiljuen, ett\u00e4 &#8221;Joulupukkii ei oo olemassa!&#8221;. Paska, ajattelin, mokasin taas. Teinin\u00e4 p\u00e4\u00e4tin, ett\u00e4 min\u00e4h\u00e4n en tule koskaan valehtelemaan lapsilleni joulupukista. Muistin petoksen j\u00e4tt\u00e4m\u00e4n ep\u00e4ilyn liian hyvin. Jos minulle valehdeltiin t\u00e4st\u00e4 asiasta, niin mist\u00e4 muusta my\u00f6s?<\/p>\n<p>Mit\u00e4 joulu on my\u00f6hemmin merkinnyt minulle? Joskus se merkitsi hyv\u00e4\u00e4 syyt\u00e4 sy\u00f6d\u00e4 pakastepizzaa ja katsoa spl\u00e4ttereit\u00e4 pyjamassa. Fuck you joulu, min\u00e4h\u00e4n en juhli yhdenk\u00e4\u00e4n \u00e4ij\u00e4n syntym\u00e4p\u00e4iv\u00e4\u00e4! Kuka sekin kuvittelee olevansa? My\u00f6hemmin taas leivoin piparkakkuja vieno hymy huulilla, ett\u00e4 jee jouluun on vain kaksi kuukautta, l\u00e4het\u00e4np\u00e4 kaikille joulukortit ja teenp\u00e4 kaikille villasukat joululahjaksi. Secret Santa hei, kaikille lahjoja!<\/p>\n<p>Saatuani lapsen jouduin tarkastelemaan suhdettani jouluun. Jesset ja pukit eiv\u00e4t kuulu arvomaailmaani, mutta olisihan se jyrkk\u00e4 kasvatuksellinen kannanotto olla juhlimatta joulua ollenkaan. Mit\u00e4 joulu todella merkitsee minulle? Kasvava huoleni ilmastonmuutoksesta, halpaty\u00f6maissa ty\u00f6skentelev\u00e4t lapset ja j\u00e4rkytt\u00e4v\u00e4 m\u00e4\u00e4r\u00e4 teurastettuja sikoja, vaikka lihankulutusta pit\u00e4isi v\u00e4hent\u00e4\u00e4, tekev\u00e4t minut hulluksi, kun n\u00e4en kaupungilla jouluh\u00f6ss\u00f6tyst\u00e4. Osta, osta! Tee osasi Suomen talouskasvun nousuun! Synnytystalkoot!<\/p>\n<p>Lykkiess\u00e4ni lastenrattaita kaupungilla lapsi her\u00e4\u00e4 ja osoittaa puihin kiedottuja jouluvaloja. &#8221;Wautsi!&#8221;, h\u00e4n hihkaisee iloisena. Lasta ei kiinnosta punaiset nutut tai muut joulun kliseet, mutta p\u00e4iden yll\u00e4 keikkuvat valot saavat h\u00e4net osoittamaan taivaalle haltioituneena. Luin jostain eri nimityksi\u00e4 t\u00e4lle ajanjaksolle vuodesta, jota olemme tottuneet juhlimaan jouluna. Yksi sana j\u00e4i mieleeni. L\u00e4mm\u00f6n juhla. Sellainen minun jouluni nyky\u00e4\u00e4n on. Viet\u00e4n perheen kanssa aikaa, teen seitankinkun, sytyt\u00e4n kynttil\u00e4n, saunon ja nauran lapselle, joka ei ihan ymm\u00e4rr\u00e4, mik\u00e4 lahja on. Jo lahjapaperi on upean eksoottinen asia. Onneksi joulua tai l\u00e4mm\u00f6n juhlaa voi viett\u00e4\u00e4 ihan miten haluaa. Kieri\u00e4 maailmantuskassa sis\u00e4isesti ja samalla antaa pienen palan taian tuntua oman lapsen varhaismuistoihin.<\/p>\n","protected":false},"excerpt":{"rendered":"<p>Vegaanifeministin joulur\u00e4ntti Lapsena joulu oli parasta aikaa ikin\u00e4. Joulupukki, joulukuusi, \u00e4hky ja lahjavuori. Sitten sain tiet\u00e4\u00e4, ett\u00e4 joulupukki ei ole totta. Kerroin salaisuuden pikkuveljelleni. Olimme saunassa lauteiden alla ja vannotin <a href=\"https:\/\/corpusry.fi\/index.php\/naaga\/joulukalenteri-2018\/13-luukku\/\" class=\"more-link\">[&hellip;]<\/a><\/p>\n","protected":false},"author":8,"featured_media":0,"parent":977,"menu_order":0,"comment_status":"closed","ping_status":"closed","template":"","meta":{"Layout":"","footnotes":""},"class_list":["entry","author-joonas-pulkkinen","post-1029","page","type-page","status-publish"],"_links":{"self":[{"href":"https:\/\/corpusry.fi\/index.php\/wp-json\/wp\/v2\/pages\/1029","targetHints":{"allow":["GET"]}}],"collection":[{"href":"https:\/\/corpusry.fi\/index.php\/wp-json\/wp\/v2\/pages"}],"about":[{"href":"https:\/\/corpusry.fi\/index.php\/wp-json\/wp\/v2\/types\/page"}],"author":[{"embeddable":true,"href":"https:\/\/corpusry.fi\/index.php\/wp-json\/wp\/v2\/users\/8"}],"replies":[{"embeddable":true,"href":"https:\/\/corpusry.fi\/index.php\/wp-json\/wp\/v2\/comments?post=1029"}],"version-history":[{"count":1,"href":"https:\/\/corpusry.fi\/index.php\/wp-json\/wp\/v2\/pages\/1029\/revisions"}],"predecessor-version":[{"id":1030,"href":"https:\/\/corpusry.fi\/index.php\/wp-json\/wp\/v2\/pages\/1029\/revisions\/1030"}],"up":[{"embeddable":true,"href":"https:\/\/corpusry.fi\/index.php\/wp-json\/wp\/v2\/pages\/977"}],"wp:attachment":[{"href":"https:\/\/corpusry.fi\/index.php\/wp-json\/wp\/v2\/media?parent=1029"}],"curies":[{"name":"wp","href":"https:\/\/api.w.org\/{rel}","templated":true}]}}