{"id":1031,"date":"2018-12-14T11:23:07","date_gmt":"2018-12-14T09:23:07","guid":{"rendered":"https:\/\/corpusry.fi\/?page_id=1031"},"modified":"2018-12-14T11:24:08","modified_gmt":"2018-12-14T09:24:08","slug":"14-luukku","status":"publish","type":"page","link":"https:\/\/corpusry.fi\/index.php\/naaga\/joulukalenteri-2018\/14-luukku\/","title":{"rendered":"14. luukku"},"content":{"rendered":"<h3>Piparimuotti<\/h3>\n<p>&nbsp;<\/p>\n<p class=\"western\">olet luksusta<\/p>\n<p class=\"western\">k\u00e4ytett\u00e4viss\u00e4 vain kuukauden vuodessa<\/p>\n<p class=\"western\">metallisen kiillon pilkahdus kaamoksen keskell\u00e4<\/p>\n<p>&nbsp;<\/p>\n<p class=\"western\">sinussa on muotoja joista valita<\/p>\n<p class=\"western\">jokainen omanlaisensa pala nautintoa<\/p>\n<p>&nbsp;<\/p>\n<p class=\"western\">rikas tuoksu neilikkaa ja kardemummaa kaulittuna p\u00f6yd\u00e4lle<\/p>\n<p class=\"western\">sormet t\u00e4risev\u00e4t j\u00e4lleenn\u00e4keminen l\u00e4ikehtii tunnustelua<\/p>\n<p>&nbsp;<\/p>\n<p class=\"western\">teet rajat<\/p>\n<p class=\"western\">tiukat ja ylitt\u00e4m\u00e4tt\u00f6m\u00e4t<\/p>\n<p class=\"western\">k\u00e4teni on t\u00e4ss\u00e4 jotta voit toteuttaa itse\u00e4si<\/p>\n<p>&nbsp;<\/p>\n<p class=\"western\">joskus koetin piirt\u00e4\u00e4 vapaalla k\u00e4dell\u00e4<\/p>\n<p class=\"western\">siit\u00e4 tuli vain mautonta sotkua<\/p>\n<p class=\"western\">nyt muotoontaivutettu reunasi leikkaa<\/p>\n<p class=\"western\">kun painut pehme\u00e4\u00e4n<\/p>\n<p>&nbsp;<\/p>\n<p class=\"western\">ja tied\u00e4n teet virheet\u00f6nt\u00e4<\/p>\n<p>&nbsp;<\/p>\n<p><em>&#8211; Eroottinen kodinkonerunous<\/em><\/p>\n","protected":false},"excerpt":{"rendered":"<p>Piparimuotti &nbsp; olet luksusta k\u00e4ytett\u00e4viss\u00e4 vain kuukauden vuodessa metallisen kiillon pilkahdus kaamoksen keskell\u00e4 &nbsp; sinussa on muotoja joista valita jokainen omanlaisensa pala nautintoa &nbsp; rikas tuoksu neilikkaa ja kardemummaa kaulittuna <a href=\"https:\/\/corpusry.fi\/index.php\/naaga\/joulukalenteri-2018\/14-luukku\/\" class=\"more-link\">[&hellip;]<\/a><\/p>\n","protected":false},"author":8,"featured_media":0,"parent":977,"menu_order":0,"comment_status":"closed","ping_status":"closed","template":"","meta":{"Layout":"","footnotes":""},"class_list":["entry","author-joonas-pulkkinen","post-1031","page","type-page","status-publish"],"_links":{"self":[{"href":"https:\/\/corpusry.fi\/index.php\/wp-json\/wp\/v2\/pages\/1031","targetHints":{"allow":["GET"]}}],"collection":[{"href":"https:\/\/corpusry.fi\/index.php\/wp-json\/wp\/v2\/pages"}],"about":[{"href":"https:\/\/corpusry.fi\/index.php\/wp-json\/wp\/v2\/types\/page"}],"author":[{"embeddable":true,"href":"https:\/\/corpusry.fi\/index.php\/wp-json\/wp\/v2\/users\/8"}],"replies":[{"embeddable":true,"href":"https:\/\/corpusry.fi\/index.php\/wp-json\/wp\/v2\/comments?post=1031"}],"version-history":[{"count":4,"href":"https:\/\/corpusry.fi\/index.php\/wp-json\/wp\/v2\/pages\/1031\/revisions"}],"predecessor-version":[{"id":1035,"href":"https:\/\/corpusry.fi\/index.php\/wp-json\/wp\/v2\/pages\/1031\/revisions\/1035"}],"up":[{"embeddable":true,"href":"https:\/\/corpusry.fi\/index.php\/wp-json\/wp\/v2\/pages\/977"}],"wp:attachment":[{"href":"https:\/\/corpusry.fi\/index.php\/wp-json\/wp\/v2\/media?parent=1031"}],"curies":[{"name":"wp","href":"https:\/\/api.w.org\/{rel}","templated":true}]}}