{"id":1036,"date":"2018-12-15T12:30:16","date_gmt":"2018-12-15T10:30:16","guid":{"rendered":"https:\/\/corpusry.fi\/?page_id=1036"},"modified":"2018-12-15T12:30:16","modified_gmt":"2018-12-15T10:30:16","slug":"15-luukku","status":"publish","type":"page","link":"https:\/\/corpusry.fi\/index.php\/naaga\/joulukalenteri-2018\/15-luukku\/","title":{"rendered":"15. luukku"},"content":{"rendered":"<p>Kultainen valo sein\u00e4\u00e4 vasten, huuru ja kirpeys<\/p>\n<p>Kaupunki on her\u00e4\u00e4m\u00e4ss\u00e4, ei aivan tuntemassa<\/p>\n<p>&#8211; mutta kuitenkin.<\/p>\n<p>Mieless\u00e4ni kasvaneita ideoita, varovaisia ajatuksia ja<\/p>\n<p>&nbsp;<\/p>\n<p>puolittainen kysymys: mit\u00e4 teet jouluna?<\/p>\n<p>&nbsp;<\/p>\n<p>Haluaisin j\u00e4tt\u00e4\u00e4 suudelman peilin alakulmaan,<\/p>\n<p>mutta pysyn hiljaa.<\/p>\n<p>&nbsp;<\/p>\n<p>Sin\u00e4 pidit k\u00e4tt\u00e4si siin\u00e4, miss\u00e4 kukaan ei ole sit\u00e4 aiemmin pit\u00e4nyt.<\/p>\n<p>&nbsp;<\/p>\n<p>&nbsp;<\/p>\n<p><em>&#8211; Tekij\u00e4: Alma Rinta-Pollari<\/em><\/p>\n","protected":false},"excerpt":{"rendered":"<p>Kultainen valo sein\u00e4\u00e4 vasten, huuru ja kirpeys Kaupunki on her\u00e4\u00e4m\u00e4ss\u00e4, ei aivan tuntemassa &#8211; mutta kuitenkin. Mieless\u00e4ni kasvaneita ideoita, varovaisia ajatuksia ja &nbsp; puolittainen kysymys: mit\u00e4 teet jouluna? &nbsp; Haluaisin <a href=\"https:\/\/corpusry.fi\/index.php\/naaga\/joulukalenteri-2018\/15-luukku\/\" class=\"more-link\">[&hellip;]<\/a><\/p>\n","protected":false},"author":8,"featured_media":0,"parent":977,"menu_order":0,"comment_status":"closed","ping_status":"closed","template":"","meta":{"Layout":"","footnotes":""},"class_list":["entry","author-joonas-pulkkinen","post-1036","page","type-page","status-publish"],"_links":{"self":[{"href":"https:\/\/corpusry.fi\/index.php\/wp-json\/wp\/v2\/pages\/1036","targetHints":{"allow":["GET"]}}],"collection":[{"href":"https:\/\/corpusry.fi\/index.php\/wp-json\/wp\/v2\/pages"}],"about":[{"href":"https:\/\/corpusry.fi\/index.php\/wp-json\/wp\/v2\/types\/page"}],"author":[{"embeddable":true,"href":"https:\/\/corpusry.fi\/index.php\/wp-json\/wp\/v2\/users\/8"}],"replies":[{"embeddable":true,"href":"https:\/\/corpusry.fi\/index.php\/wp-json\/wp\/v2\/comments?post=1036"}],"version-history":[{"count":5,"href":"https:\/\/corpusry.fi\/index.php\/wp-json\/wp\/v2\/pages\/1036\/revisions"}],"predecessor-version":[{"id":1041,"href":"https:\/\/corpusry.fi\/index.php\/wp-json\/wp\/v2\/pages\/1036\/revisions\/1041"}],"up":[{"embeddable":true,"href":"https:\/\/corpusry.fi\/index.php\/wp-json\/wp\/v2\/pages\/977"}],"wp:attachment":[{"href":"https:\/\/corpusry.fi\/index.php\/wp-json\/wp\/v2\/media?parent=1036"}],"curies":[{"name":"wp","href":"https:\/\/api.w.org\/{rel}","templated":true}]}}