{"id":1067,"date":"2018-12-22T16:07:36","date_gmt":"2018-12-22T14:07:36","guid":{"rendered":"https:\/\/corpusry.fi\/?page_id=1067"},"modified":"2018-12-22T16:08:14","modified_gmt":"2018-12-22T14:08:14","slug":"22-luukku","status":"publish","type":"page","link":"https:\/\/corpusry.fi\/index.php\/naaga\/joulukalenteri-2018\/22-luukku\/","title":{"rendered":"22. luukku"},"content":{"rendered":"<p><span style=\"font-weight: 400;\">Talvip\u00e4iv\u00e4nseisaus on p\u00e4iv\u00e4, jolloin y\u00f6 on pisimmill\u00e4\u00e4n ja p\u00e4iv\u00e4 lyhyimmill\u00e4\u00e4n. Yleens\u00e4 t\u00e4m\u00e4 tarkoittaa aikav\u00e4li\u00e4 21.12 &#8211; 22.12 esimerkiksi aikavy\u00f6hykkeist\u00e4 ja karkausp\u00e4ivist\u00e4 riippuen. T\u00e4n\u00e4 vuonna ja t\u00e4\u00e4ll\u00e4 Suomessa tuo kyseinen hetki ja p\u00e4iv\u00e4 on t\u00e4n\u00e4\u00e4n, 22. p\u00e4iv\u00e4n\u00e4 joulukuuta kello 0.23. Greenwichiss\u00e4 virallinen seisauksen hetki on ollut jo eilen, 21. p\u00e4iv\u00e4n\u00e4 kello 22.23, mutta nyt alkaa menn\u00e4 hiustenhalkomiseen, joten.. selitet\u00e4\u00e4np\u00e4 virallsesti. Tieteellisesti sanottuna pohjoisnapa on tuona minuuttina niin kaukana Auringosta kuin mahdollista ja koko napapiirin alue kaamoksen vallassa. Luultavimmin sin\u00e4, joka t\u00e4t\u00e4 joulukalenterinluukkua luet, my\u00f6h\u00e4styit niin sanotusta H-hetkest\u00e4, mutta mit\u00e4p\u00e4 tuosta. P\u00e4iv\u00e4 on joka tapauksessa juuri t\u00e4n\u00e4\u00e4n lyhyin, joten jos tahdot n\u00e4hd\u00e4 p\u00e4iv\u00e4nvaloa niin voisi olla j\u00e4rkev\u00e4\u00e4 esimerkiksi avata verhot. <\/span><\/p>\n<p><span style=\"font-weight: 400;\">T\u00e4t\u00e4 kyseist\u00e4 seisausp\u00e4iv\u00e4\u00e4 on juhlittu ymp\u00e4ri maailmaa kivikaudesta l\u00e4htien ja esimerkiksi Mayojen kuuluisa vuoteen 2012 -loppuva kalenteri loppui talvip\u00e4iv\u00e4nseisaukseen tuona kyseisen\u00e4 vuonna. Tietenkin Mayojen etel\u00e4isell\u00e4 pallonpuoliskolla t\u00e4m\u00e4 lopun p\u00e4iv\u00e4 tarkoitti Suomessa kes\u00e4p\u00e4iv\u00e4nseisausta, eli toisin sanoen t\u00e4\u00e4ll\u00e4p\u00e4in maailman olisi pit\u00e4nyt loppua vuoden pisimp\u00e4n\u00e4 p\u00e4iv\u00e4n\u00e4. Juhannus on tunnetusti vaarallinen.. <\/span><\/p>\n<p><span style=\"font-weight: 400;\">Talvip\u00e4iv\u00e4nseisaus on ollut ja on edelleenkin merkitt\u00e4v\u00e4 juhlap\u00e4iv\u00e4. Ennen kristinuskon levi\u00e4mist\u00e4 Rooman valtakuntaan 25. joulukuuta, eli heid\u00e4n kalenterinsa mukaan talvip\u00e4iv\u00e4nseisauksen p\u00e4iv\u00e4, oli \u201cVoittamattoman auringon p\u00e4iv\u00e4\u201d, joka sittemmin omittiin Jeesuksen syntt\u00e4rip\u00e4iv\u00e4ksi ja nykyiseksi joulup\u00e4iv\u00e4ksi, vaikka kalenteri vaihtui ja 25. p\u00e4iv\u00e4 ei en\u00e4\u00e4 t\u00e4sm\u00e4nnytk\u00e4\u00e4n aivan seisauksen kanssa. <\/span><\/p>\n<p><span style=\"font-weight: 400;\">Useiden germaanisten kansojen talven juhlan nimest\u00e4 \u201cyule\u201d on v\u00e4\u00e4nnetty suomeen sek\u00e4 \u201cjoulu\u201d ett\u00e4 \u201cjuhla\u201d. Nyky\u00e4\u00e4n yulea viett\u00e4v\u00e4t esimerkiksi wiccat, joille p\u00e4iv\u00e4 on aurinkovuoden ensimm\u00e4inen p\u00e4iv\u00e4 ja jona juhlistetaan sek\u00e4 keskitalvea ett\u00e4 auringonvalon tulevaa lis\u00e4\u00e4ntymist\u00e4. On erityisesti aika tehd\u00e4 ennustuksia ja yritt\u00e4\u00e4 kurkkia tulevan puolelle.<\/span><\/p>\n<p>&nbsp;<\/p>\n<p><em>Nienna Lagus<\/em><\/p>\n","protected":false},"excerpt":{"rendered":"<p>Talvip\u00e4iv\u00e4nseisaus on p\u00e4iv\u00e4, jolloin y\u00f6 on pisimmill\u00e4\u00e4n ja p\u00e4iv\u00e4 lyhyimmill\u00e4\u00e4n. Yleens\u00e4 t\u00e4m\u00e4 tarkoittaa aikav\u00e4li\u00e4 21.12 &#8211; 22.12 esimerkiksi aikavy\u00f6hykkeist\u00e4 ja karkausp\u00e4ivist\u00e4 riippuen. T\u00e4n\u00e4 vuonna ja t\u00e4\u00e4ll\u00e4 Suomessa tuo kyseinen hetki <a href=\"https:\/\/corpusry.fi\/index.php\/naaga\/joulukalenteri-2018\/22-luukku\/\" class=\"more-link\">[&hellip;]<\/a><\/p>\n","protected":false},"author":8,"featured_media":0,"parent":977,"menu_order":0,"comment_status":"closed","ping_status":"closed","template":"","meta":{"Layout":"","footnotes":""},"class_list":["entry","author-joonas-pulkkinen","post-1067","page","type-page","status-publish"],"_links":{"self":[{"href":"https:\/\/corpusry.fi\/index.php\/wp-json\/wp\/v2\/pages\/1067","targetHints":{"allow":["GET"]}}],"collection":[{"href":"https:\/\/corpusry.fi\/index.php\/wp-json\/wp\/v2\/pages"}],"about":[{"href":"https:\/\/corpusry.fi\/index.php\/wp-json\/wp\/v2\/types\/page"}],"author":[{"embeddable":true,"href":"https:\/\/corpusry.fi\/index.php\/wp-json\/wp\/v2\/users\/8"}],"replies":[{"embeddable":true,"href":"https:\/\/corpusry.fi\/index.php\/wp-json\/wp\/v2\/comments?post=1067"}],"version-history":[{"count":3,"href":"https:\/\/corpusry.fi\/index.php\/wp-json\/wp\/v2\/pages\/1067\/revisions"}],"predecessor-version":[{"id":1070,"href":"https:\/\/corpusry.fi\/index.php\/wp-json\/wp\/v2\/pages\/1067\/revisions\/1070"}],"up":[{"embeddable":true,"href":"https:\/\/corpusry.fi\/index.php\/wp-json\/wp\/v2\/pages\/977"}],"wp:attachment":[{"href":"https:\/\/corpusry.fi\/index.php\/wp-json\/wp\/v2\/media?parent=1067"}],"curies":[{"name":"wp","href":"https:\/\/api.w.org\/{rel}","templated":true}]}}