{"id":1071,"date":"2018-12-23T11:48:49","date_gmt":"2018-12-23T09:48:49","guid":{"rendered":"https:\/\/corpusry.fi\/?page_id=1071"},"modified":"2018-12-23T11:49:17","modified_gmt":"2018-12-23T09:49:17","slug":"23-luukku","status":"publish","type":"page","link":"https:\/\/corpusry.fi\/index.php\/naaga\/joulukalenteri-2018\/23-luukku\/","title":{"rendered":"23. luukku"},"content":{"rendered":"<p dir=\"ltr\"><em>Teksti ja kuvat: Tiia Peltonen<\/em><\/p>\n<p dir=\"ltr\">Kissat ovat ihania otuksia, mutta joulun viett\u00e4minen niiden kanssa voi vaatia v\u00e4h\u00e4n tarkkaavaisuutta. Kissojen mielest\u00e4 nimitt\u00e4in parhaita asioita joulussa ovat yleens\u00e4 ne, jotka ovat niille kaikista vaarallisimpia. Monien kissojen mielest\u00e4 top 5 joulujutut ovat:<\/p>\n<ol>\n<li dir=\"ltr\">Joulukasvit. Niit\u00e4 on pakko maistaa. Ihan sama vaikka ne olisivat myrkyllisi\u00e4.<\/li>\n<li dir=\"ltr\">Lahjanarut. Ne pit\u00e4\u00e4 sy\u00f6d\u00e4 my\u00f6s.<\/li>\n<li dir=\"ltr\">Joulukuusi. Sinne voi kiivet\u00e4. Se on kivaa. Paitsi jos kuusi kaatuu.<\/li>\n<li dir=\"ltr\">Lahjapaperi. Paketointi muuttuu yll\u00e4tt\u00e4v\u00e4n haastavaksi, kun saa apuriksi kissan. Voi my\u00f6s k\u00e4yd\u00e4 niin, ettei paketeissa ole aattona mit\u00e4\u00e4n avattavaa&#8230;<\/li>\n<li dir=\"ltr\">Joulukoristeet. Koska neh\u00e4n ripustetaan vain kissanleluiksi.<\/li>\n<\/ol>\n<p>Mutta kunhan n\u00e4m\u00e4 jutut muistaa ottaa huomioon niin joulu sujuu varmasti kivasti ja turvallisesti \ud83d\ude42<\/p>\n<p>Mei ja Milo l\u00e4hett\u00e4v\u00e4t jouluterkkuja!<\/p>\n<p><img loading=\"lazy\" decoding=\"async\" class=\"alignnone size-full wp-image-1072\" src=\"http:\/\/corpusry.fi\/wp-content\/uploads\/2018\/12\/IMG_6025.jpg\" alt=\"\" width=\"1750\" height=\"1167\" \/><em><img loading=\"lazy\" decoding=\"async\" class=\"alignnone size-full wp-image-1073\" src=\"http:\/\/corpusry.fi\/wp-content\/uploads\/2018\/12\/IMG_5987-2.jpg\" alt=\"\" width=\"1396\" height=\"1056\" \/><img loading=\"lazy\" decoding=\"async\" class=\"alignnone size-full wp-image-1074\" src=\"http:\/\/corpusry.fi\/wp-content\/uploads\/2018\/12\/milon_joulu.jpg\" alt=\"\" width=\"768\" height=\"1024\" \/><\/em><\/p>\n","protected":false},"excerpt":{"rendered":"<p>Teksti ja kuvat: Tiia Peltonen Kissat ovat ihania otuksia, mutta joulun viett\u00e4minen niiden kanssa voi vaatia v\u00e4h\u00e4n tarkkaavaisuutta. Kissojen mielest\u00e4 nimitt\u00e4in parhaita asioita joulussa ovat yleens\u00e4 ne, jotka ovat niille <a href=\"https:\/\/corpusry.fi\/index.php\/naaga\/joulukalenteri-2018\/23-luukku\/\" class=\"more-link\">[&hellip;]<\/a><\/p>\n","protected":false},"author":8,"featured_media":0,"parent":977,"menu_order":0,"comment_status":"closed","ping_status":"closed","template":"","meta":{"Layout":"","footnotes":""},"class_list":["entry","author-joonas-pulkkinen","post-1071","page","type-page","status-publish"],"_links":{"self":[{"href":"https:\/\/corpusry.fi\/index.php\/wp-json\/wp\/v2\/pages\/1071","targetHints":{"allow":["GET"]}}],"collection":[{"href":"https:\/\/corpusry.fi\/index.php\/wp-json\/wp\/v2\/pages"}],"about":[{"href":"https:\/\/corpusry.fi\/index.php\/wp-json\/wp\/v2\/types\/page"}],"author":[{"embeddable":true,"href":"https:\/\/corpusry.fi\/index.php\/wp-json\/wp\/v2\/users\/8"}],"replies":[{"embeddable":true,"href":"https:\/\/corpusry.fi\/index.php\/wp-json\/wp\/v2\/comments?post=1071"}],"version-history":[{"count":2,"href":"https:\/\/corpusry.fi\/index.php\/wp-json\/wp\/v2\/pages\/1071\/revisions"}],"predecessor-version":[{"id":1076,"href":"https:\/\/corpusry.fi\/index.php\/wp-json\/wp\/v2\/pages\/1071\/revisions\/1076"}],"up":[{"embeddable":true,"href":"https:\/\/corpusry.fi\/index.php\/wp-json\/wp\/v2\/pages\/977"}],"wp:attachment":[{"href":"https:\/\/corpusry.fi\/index.php\/wp-json\/wp\/v2\/media?parent=1071"}],"curies":[{"name":"wp","href":"https:\/\/api.w.org\/{rel}","templated":true}]}}