{"id":1078,"date":"2018-12-24T14:28:53","date_gmt":"2018-12-24T12:28:53","guid":{"rendered":"https:\/\/corpusry.fi\/?page_id=1078"},"modified":"2018-12-24T14:30:32","modified_gmt":"2018-12-24T12:30:32","slug":"24-luukku","status":"publish","type":"page","link":"https:\/\/corpusry.fi\/index.php\/naaga\/joulukalenteri-2018\/24-luukku\/","title":{"rendered":"24. luukku"},"content":{"rendered":"<p><img loading=\"lazy\" decoding=\"async\" class=\"alignnone size-full wp-image-1079\" src=\"http:\/\/corpusry.fi\/wp-content\/uploads\/2018\/12\/JoulukalenterinluukkunenLITOSA2.jpg\" alt=\"\" width=\"1110\" height=\"1110\" \/><\/p>\n<p>Kuva: Riikka Kommio<\/p>\n<p>&nbsp;<\/p>\n<h2>Naaga toivottaa hyv\u00e4\u00e4 joulua ja onnea vuodelle 2019!<\/h2>\n<p>Terv. p\u00e4\u00e4tontut Riikka ja Johannes<\/p>\n","protected":false},"excerpt":{"rendered":"<p>Kuva: Riikka Kommio &nbsp; Naaga toivottaa hyv\u00e4\u00e4 joulua ja onnea vuodelle 2019! Terv. p\u00e4\u00e4tontut Riikka ja Johannes<\/p>\n","protected":false},"author":8,"featured_media":0,"parent":977,"menu_order":0,"comment_status":"closed","ping_status":"closed","template":"","meta":{"Layout":"","footnotes":""},"class_list":["entry","author-joonas-pulkkinen","post-1078","page","type-page","status-publish"],"_links":{"self":[{"href":"https:\/\/corpusry.fi\/index.php\/wp-json\/wp\/v2\/pages\/1078","targetHints":{"allow":["GET"]}}],"collection":[{"href":"https:\/\/corpusry.fi\/index.php\/wp-json\/wp\/v2\/pages"}],"about":[{"href":"https:\/\/corpusry.fi\/index.php\/wp-json\/wp\/v2\/types\/page"}],"author":[{"embeddable":true,"href":"https:\/\/corpusry.fi\/index.php\/wp-json\/wp\/v2\/users\/8"}],"replies":[{"embeddable":true,"href":"https:\/\/corpusry.fi\/index.php\/wp-json\/wp\/v2\/comments?post=1078"}],"version-history":[{"count":2,"href":"https:\/\/corpusry.fi\/index.php\/wp-json\/wp\/v2\/pages\/1078\/revisions"}],"predecessor-version":[{"id":1081,"href":"https:\/\/corpusry.fi\/index.php\/wp-json\/wp\/v2\/pages\/1078\/revisions\/1081"}],"up":[{"embeddable":true,"href":"https:\/\/corpusry.fi\/index.php\/wp-json\/wp\/v2\/pages\/977"}],"wp:attachment":[{"href":"https:\/\/corpusry.fi\/index.php\/wp-json\/wp\/v2\/media?parent=1078"}],"curies":[{"name":"wp","href":"https:\/\/api.w.org\/{rel}","templated":true}]}}