{"id":112,"date":"2017-04-24T09:48:45","date_gmt":"2017-04-24T06:48:45","guid":{"rendered":"https:\/\/corpusry.wordpress.com\/?page_id=112"},"modified":"2026-02-25T19:59:43","modified_gmt":"2026-02-25T17:59:43","slug":"kirjallisuus","status":"publish","type":"page","link":"https:\/\/corpusry.fi\/index.php\/jasenille\/oppiaineet\/kirjallisuus\/","title":{"rendered":"Kirjallisuus ja kirjoittaminen"},"content":{"rendered":"<p><a href=\"https:\/\/opinto-opas.jyu.fi\/2025\/fi\/koulutus\/kirkandimaisterikou\/\" target=\"_blank\" rel=\"noopener\">Kirjallisuuden kandidaatti- ja maisteriohjelman OPS -&gt; (Jyu.fi)<\/a><\/p>\n<p><a href=\"https:\/\/opinto-opas.jyu.fi\/2025\/fi\/koulutus\/kikkandikou\/\" target=\"_blank\" rel=\"noopener\">Kirjoittamisen kandidaattiohjelman OPS <\/a><a href=\"https:\/\/opinto-opas.jyu.fi\/2025\/fi\/koulutus\/kirkandimaisterikou\/\" target=\"_blank\" rel=\"noopener\">-&gt; (Jyu.fi)<\/a><\/p>\n<p><em><span style=\"font-weight: 400;\">\u201dMin\u00e4 tiivist\u00e4isin opiskeluni n\u00e4in oppiaineelleni sopivasti lainauksella Umberto Econ Ruusun Nimest\u00e4: \u201dMe el\u00e4mme kirjoille. Suloinen teht\u00e4v\u00e4 t\u00e4ss\u00e4 ep\u00e4j\u00e4rjestyksen ja rappion hallitsemassa maailmassa.\u201d<\/span><\/em><\/p>\n<p><em><span style=\"font-weight: 400;\">\u201dMinulle kirjallisuuden opiskelu on ollut ennen kaikkea vapautta valita ja seurata kiinnostukseni kohteita. Eik\u00e4 se ole rankaissut jos ne sivuainevalinnat eiv\u00e4t olekaan pysyneet paria kurssia pidemp\u00e4\u00e4n. On saanut etsi\u00e4 itse\u00e4\u00e4n akateemisesti ja pit\u00e4\u00e4 hauskaa samalla.\u201d<\/span><\/em><\/p>\n<p><em><span style=\"font-weight: 400;\">\u201dKirjallisuus taipuu moneen ja moneksi. Ala on laaja ja kaipaa viel\u00e4 moninaisempia n\u00e4k\u00f6kulmia. Siin\u00e4 miss\u00e4 l\u00e4nsimaisen kirjallisuuden kaanon vaikuttaakin kapealta, niin me voimme sit\u00e4 laajentaa ja moninaistaa.\u201d<\/span><\/em><\/p>\n<p><span style=\"font-weight: 400;\">Kirjallisuuden opiskelun keski\u00f6ss\u00e4 ovat niin nykykirjallisuuden tutkimus kuin l\u00e4nsimaisen kirjallisuuden kaanonin klassikkoteokset. Kirjallisuuden opinnoissa analysoidaan tekstej\u00e4, tutustutaan kirjallisuushistoriaan ja kirjallisuuteen tieteen n\u00e4k\u00f6kulmasta sek\u00e4 pohditaan, miten tekstit vaikuttavat lukijaan ja yhteis\u00f6\u00f6n. Opintoihin kuuluu my\u00f6s joko kotimaisen tai yleisen (ulkomaalaisen) kirjallisuuden lukupiiri- tai kirjatenttikursseja. N\u00e4ill\u00e4 kursseilla syvennyt\u00e4\u00e4n kirjallisuuden klassikoihin ilmi\u00f6in\u00e4 ja niiden j\u00e4tt\u00e4miin j\u00e4lkiin sek\u00e4 kirjallisuuden ett\u00e4 kulttuurin historiassa. <\/span><\/p>\n<p><span style=\"font-weight: 400;\">Kirjallisuuden opinnoissa tutustutaan laajasti monenlaiseen kirjallisuuteen ja Mutkussa voi suorittaa kursseja esimerkiksi sarjakuvan tutkimuksesta. Kirjallisuuden opinnot kannustavat my\u00f6s l\u00f6yt\u00e4m\u00e4\u00e4n oman polkunsa kiinnostuksien mukaan, sill\u00e4 ne ovat itsess\u00e4\u00e4n niin joustavat ja sopivat hyvin yhteen monen opintokokonaisuuden kanssa.\u00a0<\/span><\/p>\n<p><span style=\"font-weight: 400;\">Kirjallisuuden syvent\u00e4vien opintojen vaiheessa on mahdollista valita kirjoittamisen opintosuunta, joka on Mutkun erikoisuus ainoana Suomessa. Kirjoittamisen opinnoissa perehdyt\u00e4\u00e4n kirjoittamisen tutkimukseen, luovaan kirjoittamiseen sek\u00e4 kirjoittamisen pedagogiikkaan. Syvent\u00e4v\u00e4t opinnot koostuvat k\u00e4yt\u00e4nn\u00f6llisest\u00e4 ja teoreettisesta osuudesta, joihin voi yhdistell\u00e4 opintoja kirjallisuuden ja kirjoittamisen kursseista. Opiskelija voi lis\u00e4ksi liitt\u00e4\u00e4 maisterintutkielmaansa my\u00f6s taiteellisen osuuden. Kirjoittamisen perus- ja aineopinnot voi tehd\u00e4 Jyv\u00e4skyl\u00e4n avoimessa yliopistossa, jonne on oma hakunsa.<\/span><\/p>\n","protected":false},"excerpt":{"rendered":"<p>Kirjallisuuden kandidaatti- ja maisteriohjelman OPS -&gt; (Jyu.fi) Kirjoittamisen kandidaattiohjelman OPS -&gt; (Jyu.fi) \u201dMin\u00e4 tiivist\u00e4isin opiskeluni n\u00e4in oppiaineelleni sopivasti lainauksella Umberto Econ Ruusun Nimest\u00e4: \u201dMe el\u00e4mme kirjoille. Suloinen teht\u00e4v\u00e4 t\u00e4ss\u00e4 ep\u00e4j\u00e4rjestyksen <a href=\"https:\/\/corpusry.fi\/index.php\/jasenille\/oppiaineet\/kirjallisuus\/\" class=\"more-link\">[&hellip;]<\/a><\/p>\n","protected":false},"author":3,"featured_media":0,"parent":108,"menu_order":0,"comment_status":"closed","ping_status":"closed","template":"","meta":{"Layout":"","footnotes":""},"class_list":["entry","author-maisa-virtanen","post-112","page","type-page","status-publish"],"_links":{"self":[{"href":"https:\/\/corpusry.fi\/index.php\/wp-json\/wp\/v2\/pages\/112","targetHints":{"allow":["GET"]}}],"collection":[{"href":"https:\/\/corpusry.fi\/index.php\/wp-json\/wp\/v2\/pages"}],"about":[{"href":"https:\/\/corpusry.fi\/index.php\/wp-json\/wp\/v2\/types\/page"}],"author":[{"embeddable":true,"href":"https:\/\/corpusry.fi\/index.php\/wp-json\/wp\/v2\/users\/3"}],"replies":[{"embeddable":true,"href":"https:\/\/corpusry.fi\/index.php\/wp-json\/wp\/v2\/comments?post=112"}],"version-history":[{"count":10,"href":"https:\/\/corpusry.fi\/index.php\/wp-json\/wp\/v2\/pages\/112\/revisions"}],"predecessor-version":[{"id":3071,"href":"https:\/\/corpusry.fi\/index.php\/wp-json\/wp\/v2\/pages\/112\/revisions\/3071"}],"up":[{"embeddable":true,"href":"https:\/\/corpusry.fi\/index.php\/wp-json\/wp\/v2\/pages\/108"}],"wp:attachment":[{"href":"https:\/\/corpusry.fi\/index.php\/wp-json\/wp\/v2\/media?parent=112"}],"curies":[{"name":"wp","href":"https:\/\/api.w.org\/{rel}","templated":true}]}}