{"id":125,"date":"2017-04-24T09:54:40","date_gmt":"2017-04-24T06:54:40","guid":{"rendered":"https:\/\/corpusry.wordpress.com\/?page_id=125"},"modified":"2023-02-15T07:45:47","modified_gmt":"2023-02-15T05:45:47","slug":"museologia","status":"publish","type":"page","link":"https:\/\/corpusry.fi\/index.php\/jasenille\/oppiaineet\/museologia\/","title":{"rendered":"Museologia"},"content":{"rendered":"\n<p>Museologiassa tarkastellaan kulttuuri- ja luonnonperint\u00f6\u00e4 sek\u00e4 tutustutaan siihen, miten yksil\u00f6t ja yhteis\u00f6t hahmottavat aineellista ja aineetonta ymp\u00e4rist\u00f6\u00e4\u00e4n. Museologian kohteena eiv\u00e4t ole pelk\u00e4st\u00e4\u00e4n muistiorganisaatiot vaan my\u00f6s niiden takana oleva kulttuuri ja sen muistiprosessit. Museologian perus- ja aineopinnot ovat vapaita sivuaineita, ja museologia sopii sivuaineeksi kaikille kiinnostuneille p\u00e4\u00e4aineesta riippumatta. Jos olet ajatellut ty\u00f6llistyv\u00e4si museoalalle, museologian perusopinnot p\u00e4tev\u00f6itt\u00e4v\u00e4t sinut siihen. Omaa erikoisosaamista kannattaa kuitenkin lis\u00e4t\u00e4 muilla sivuaineilla tai museologian aineopinnoilla.<\/p>\n\n\n\n<p>Perusopintojen kurssit suoritetaan yleisesti kontaktiopetuksena ja kursseihin sis\u00e4ltyy muun muassa tallennusharjoituksia museoille, ekskursioita ja tutustumista museoiden yleis\u00f6- ja kokoelmaty\u00f6h\u00f6n k\u00e4yt\u00e4nn\u00f6n oppimisteht\u00e4vien ja harjoitteluiden kautta. Aine- ja syvent\u00e4viss\u00e4 opinnoissa kurssit painottuvat itsen\u00e4isemp\u00e4\u00e4n ty\u00f6skentelyyn ja toimivat osana omaa teoreettista osaamista, omia museologisia kiinnostuksen kohteita sek\u00e4 tukena kandi- ja maisteritutkielmien teossa. Sek\u00e4 perus-, aine-, ett\u00e4 syvent\u00e4viin opintoihin sis\u00e4ltyy my\u00f6s ty\u00f6harjoittelu. Museologiassa on mahdollista hy\u00f6dynt\u00e4\u00e4 aikaisempaa museoty\u00f6kokemusta korvaamaan joitakin teht\u00e4vi\u00e4 esimerkiksi harjoitteluja tai oppimisteht\u00e4vi\u00e4, mutta korvaavuuksista tulee neuvotella vastuuopettajan kanssa.<\/p>\n\n\n\n<p>Museologian hakuv\u00e4yl\u00e4t ovat:<\/p>\n\n\n\n<ul class=\"wp-block-list\"><li>Museologian kandidaatti- ja maisteriohjelma, avoimen v\u00e4yl\u00e4, haku kev\u00e4isin<\/li><li>Museologian kandidaatti- ja maisteriohjelma, siirtohaku toisesta tutkinto-ohjelmasta tai toisesta yliopistosta, haku syksyisin ja kev\u00e4isin<\/li><li>Museologian maisteriohjelma, haku kev\u00e4isin TAI<\/li><li>Kulttuuriymp\u00e4rist\u00f6n tutkimuksen maisteriohjelma (KUOMA), jossa museologia on yksi mahdollinen opintosuunta, haku kev\u00e4isin.<\/li><\/ul>\n\n\n\n<p>Valintaperusteet p\u00e4\u00e4tet\u00e4\u00e4n vuosittain ja mahdollisten muutosten vuoksi kannattaa k\u00e4yd\u00e4 tarkistamassa n\u00e4m\u00e4 aina opintopolusta hakukohteen valintaperusteista tai yliopiston \u201chakijalle\u201d-sivuilta: <a href=\"https:\/\/www.jyu.fi\/fi\/hakijalle\">https:\/\/www.jyu.fi\/fi\/hakijalle<\/a><\/p>\n\n\n\n<p><a href=\"https:\/\/opinto-opas.jyu.fi\/2022\/fi\/tutkintoohjelma\/mslka2020\/\">Museologian kandidaattiohjelman OPS<\/a><\/p>\n\n\n\n<p><a href=\"https:\/\/opinto-opas.jyu.fi\/2022\/fi\/tutkintoohjelma\/mslma2020\/\">Museologian maisteriohjelman OPS<\/a><\/p>\n\n\n\n<p><a href=\"https:\/\/opinto-opas.jyu.fi\/2022\/fi\/tutkintoohjelma\/kulma2020\/\">Kulttuuriymp\u00e4rist\u00f6n tutkimuksen maisteriohjelman OPS<\/a><\/p>\n\n\n\n<p>&#8212;<\/p>\n\n\n\n<p>Mutkun kaikki opetussuunnitelmat l\u00f6ytyv\u00e4t <a href=\"https:\/\/opinto-opas.jyu.fi\/2022\/fi\/hytk\/\">t\u00e4\u00e4lt\u00e4<\/a>.<\/p>\n","protected":false},"excerpt":{"rendered":"<p>Museologiassa tarkastellaan kulttuuri- ja luonnonperint\u00f6\u00e4 sek\u00e4 tutustutaan siihen, miten yksil\u00f6t ja yhteis\u00f6t hahmottavat aineellista ja aineetonta ymp\u00e4rist\u00f6\u00e4\u00e4n. Museologian kohteena eiv\u00e4t ole pelk\u00e4st\u00e4\u00e4n muistiorganisaatiot vaan my\u00f6s niiden takana oleva kulttuuri ja <a href=\"https:\/\/corpusry.fi\/index.php\/jasenille\/oppiaineet\/museologia\/\" class=\"more-link\">[&hellip;]<\/a><\/p>\n","protected":false},"author":3,"featured_media":0,"parent":108,"menu_order":0,"comment_status":"closed","ping_status":"closed","template":"","meta":{"Layout":"","footnotes":""},"class_list":["entry","author-maisa-virtanen","post-125","page","type-page","status-publish"],"_links":{"self":[{"href":"https:\/\/corpusry.fi\/index.php\/wp-json\/wp\/v2\/pages\/125","targetHints":{"allow":["GET"]}}],"collection":[{"href":"https:\/\/corpusry.fi\/index.php\/wp-json\/wp\/v2\/pages"}],"about":[{"href":"https:\/\/corpusry.fi\/index.php\/wp-json\/wp\/v2\/types\/page"}],"author":[{"embeddable":true,"href":"https:\/\/corpusry.fi\/index.php\/wp-json\/wp\/v2\/users\/3"}],"replies":[{"embeddable":true,"href":"https:\/\/corpusry.fi\/index.php\/wp-json\/wp\/v2\/comments?post=125"}],"version-history":[{"count":5,"href":"https:\/\/corpusry.fi\/index.php\/wp-json\/wp\/v2\/pages\/125\/revisions"}],"predecessor-version":[{"id":2193,"href":"https:\/\/corpusry.fi\/index.php\/wp-json\/wp\/v2\/pages\/125\/revisions\/2193"}],"up":[{"embeddable":true,"href":"https:\/\/corpusry.fi\/index.php\/wp-json\/wp\/v2\/pages\/108"}],"wp:attachment":[{"href":"https:\/\/corpusry.fi\/index.php\/wp-json\/wp\/v2\/media?parent=125"}],"curies":[{"name":"wp","href":"https:\/\/api.w.org\/{rel}","templated":true}]}}