{"id":1322,"date":"2019-12-03T14:53:19","date_gmt":"2019-12-03T12:53:19","guid":{"rendered":"https:\/\/corpusry.fi\/?page_id=1322"},"modified":"2019-12-03T14:54:02","modified_gmt":"2019-12-03T12:54:02","slug":"3-luukku-2019","status":"publish","type":"page","link":"https:\/\/corpusry.fi\/index.php\/naaga\/3-luukku-2019\/","title":{"rendered":"3. luukku"},"content":{"rendered":"\n<figure class=\"wp-block-image size-large\"><img loading=\"lazy\" decoding=\"async\" width=\"1600\" height=\"1200\" src=\"http:\/\/corpusry.fi\/wp-content\/uploads\/2019\/12\/IMG-20191202-WA0006.jpg\" alt=\"\" class=\"wp-image-1323\"\/><\/figure>\n\n\n\n<p>Corpuksen v\u00e4istyv\u00e4t hallituslaiset ja vastaavat toivottavat hyv\u00e4\u00e4 joulunaikaa!\u00a0<\/p>\n","protected":false},"excerpt":{"rendered":"<p>Corpuksen v\u00e4istyv\u00e4t hallituslaiset ja vastaavat toivottavat hyv\u00e4\u00e4 joulunaikaa!\u00a0<\/p>\n","protected":false},"author":9,"featured_media":0,"parent":33,"menu_order":0,"comment_status":"closed","ping_status":"closed","template":"","meta":{"Layout":"","footnotes":""},"class_list":["entry","author-enni-kuortti","post-1322","page","type-page","status-publish"],"_links":{"self":[{"href":"https:\/\/corpusry.fi\/index.php\/wp-json\/wp\/v2\/pages\/1322","targetHints":{"allow":["GET"]}}],"collection":[{"href":"https:\/\/corpusry.fi\/index.php\/wp-json\/wp\/v2\/pages"}],"about":[{"href":"https:\/\/corpusry.fi\/index.php\/wp-json\/wp\/v2\/types\/page"}],"author":[{"embeddable":true,"href":"https:\/\/corpusry.fi\/index.php\/wp-json\/wp\/v2\/users\/9"}],"replies":[{"embeddable":true,"href":"https:\/\/corpusry.fi\/index.php\/wp-json\/wp\/v2\/comments?post=1322"}],"version-history":[{"count":1,"href":"https:\/\/corpusry.fi\/index.php\/wp-json\/wp\/v2\/pages\/1322\/revisions"}],"predecessor-version":[{"id":1324,"href":"https:\/\/corpusry.fi\/index.php\/wp-json\/wp\/v2\/pages\/1322\/revisions\/1324"}],"up":[{"embeddable":true,"href":"https:\/\/corpusry.fi\/index.php\/wp-json\/wp\/v2\/pages\/33"}],"wp:attachment":[{"href":"https:\/\/corpusry.fi\/index.php\/wp-json\/wp\/v2\/media?parent=1322"}],"curies":[{"name":"wp","href":"https:\/\/api.w.org\/{rel}","templated":true}]}}