{"id":1326,"date":"2019-12-04T12:08:52","date_gmt":"2019-12-04T10:08:52","guid":{"rendered":"https:\/\/corpusry.fi\/?page_id=1326"},"modified":"2020-01-15T15:39:57","modified_gmt":"2020-01-15T13:39:57","slug":"4-luukku","status":"publish","type":"page","link":"https:\/\/corpusry.fi\/index.php\/naaga\/4-luukku\/","title":{"rendered":"4. luukku"},"content":{"rendered":"\n<p> T\u00e4htivarkaat<\/p>\n\n\n\n<p><br>Ja ne t\u00e4hdet,<br>      Jotka varastimme sin\u00e4 y\u00f6n\u00e4, <br> Eiv\u00e4t vastanneet toiveisiimme.<br> Katsoivat vain <br>    Kuinka maa paloi jalkojemme alta. <br>  Kuiskivat kesken\u00e4\u00e4n <br> Kuinka ihmisyys <br>      On kuin tomua t\u00e4htien v\u00e4liss\u00e4. <br><br>     Ei ihmisyys edes yll\u00e4 t\u00e4htikartastoon.<br> Naurettavaa,<br>     siis synty\u00e4 ihmiseksi.<br> Kun voisi loistaa t\u00e4htien lailla <br>     Ja sitten sammua.<br> Olla tuhoamatta <br>      Ja tulla tuhotuksi. <br><br> Mutta t\u00e4hdet eiv\u00e4t vastaa toiveisiin.<br> Vaikka varastaisimme ne taivaalta,<br>    k\u00e4\u00e4risimme n\u00e4ttiin pakettiin <br>  voitelisimme rakkaudella <br>   Ja loistaisimme niiden lailla. <br><br>    Toiveet ovat ihmisille,<br> Ja niille, jotka kuuntelevat.<br> Ei tuikkeelle, jossain valovuosien p\u00e4\u00e4ss\u00e4,<br>     joka johtaa meit\u00e4 pimess\u00e4. <br><br> K\u00e4sitt\u00e4m\u00e4tt\u00f6m\u00e4n ajatonta<br> Olla osa <br>    universumin unelmaa<br> Leijua painovoimattomana <br>      T\u00e4htitomuna<br> Jossain linnunradan laidalla.<br> Vai v\u00e4it\u00e4tk\u00f6, <br> ett\u00e4 t\u00e4hdet tahtoisivat kantaa kivi\u00e4 sel\u00e4ss\u00e4\u00e4n? <br><br> Ei, <br> t\u00e4hdet vain tarkkailevat ja loistavat, <br>    Kun ihmiset sotkevat <br> ja toistavat,<br>     Sit\u00e4 samaa oravanpy\u00f6r\u00e4\u00e4 <br> p\u00e4iv\u00e4st\u00e4 toiseen.<br> Katsoen harvoin yl\u00f6s,<br>    usein vain silloin kun toivomme jotain.<br> Kiitt\u00e4m\u00e4t\u00f6nt\u00e4. <br><br> Kuitenkin, <br> me hautaamme viimeiset toiveemme<br> loisteemme mukana,<br> Ja valitamme<br> Kuinka olemme kyll\u00e4styneet pime\u00e4\u00e4n. <br> Kierimme rakkauden haudassa <br> Toiveiden arkussa<br> Ja mietimme,<br> Miksemme kurkoittaneet silloin kuin viel\u00e4 pystyimme.<br> Aika \u00e4lyt\u00f6nt\u00e4,<br> J\u00e4tt\u00e4\u00e4 j\u00e4lkens\u00e4 <br>   kuiskausksena ajan olemattomuuteen. <br><br> Mik\u00e4 saa meid\u00e4t uskomaan<br>ett\u00e4 kuiskauksemme kuuluu t\u00e4htiin?<br> Olemme heille vain sanomaton toive jossain tuulen mukana.<br>Vaikka kuiskivat ne t\u00e4hdet<br>    joskus takaisinkin.<br> Ja vastauksena <br> me varastamme ne taivaalta.  <br><br> Ja jos ihmiset toivovat t\u00e4hdilt\u00e4,<br>    Kenelt\u00e4 t\u00e4hdet toivovat?<br> Armottomassa yksin\u00e4isyydess\u00e4\u00e4n<br> \u00c4\u00e4rett\u00f6myyden hunnun alla <br>    v\u00e4risten.<br><br> Ket\u00e4 p\u00e4\u00e4tti pist\u00e4\u00e4 toiveemme <br> t\u00e4htien taakaksi?<br> Ket\u00e4 kehtasi siirt\u00e4\u00e4 syntiemme painon taivaan tuskaksi?<br> Kanna hyv\u00e4 ihminen omat multasi,<br> Jos sit\u00e4 hautaakin jaksat jatkuvasti itsellesi kaivaa. <br><br> Niin, t\u00e4htivarkaat,<br>      kehdosta hautaan<br>             taivaalta maahan<br>         maasta maaksi<br> tuhkasta tomuksi,<br>   arkemme orjaksi. <br><br> Ei se t\u00e4hden matka, <br> ehk\u00e4 eroakkaan ihmisen oravanpy\u00f6r\u00e4st\u00e4.<br> Vaikka niiden loistetta onkin vaikeampi vangita. <br><br> T\u00e4hdet eiv\u00e4t vastaa toiveisiin.<br>    Emme mek\u00e4\u00e4n vastaa niille.  <br> Kuinka siis katsomme itse\u00e4mme peilist\u00e4,<br> kun oma tuikkeemme viimein katoaa? <br>   Varastammeko loputkin t\u00e4hdet taivaalta? <br><br> Ja ne t\u00e4hdet<br>     Jotka varastimme sin\u00e4 y\u00f6n\u00e4,<br> hiipuivat hiljalleen,<br>    lopulta sammuen syleilyymme.<br> Ja me t\u00e4htivarkaat,<br> Siirsimme katseemme kohti linnunrataa,<br>    toivoen l\u00f6yt\u00e4v\u00e4mme,<br> jotain,<br> joka ei tule koskaan sammumaan.\u00a0 <\/p>\n\n\n\n<p>Sanni Hyllinen<\/p>\n","protected":false},"excerpt":{"rendered":"<p>T\u00e4htivarkaat Ja ne t\u00e4hdet, Jotka varastimme sin\u00e4 y\u00f6n\u00e4, Eiv\u00e4t vastanneet toiveisiimme. Katsoivat vain Kuinka maa paloi jalkojemme alta. Kuiskivat kesken\u00e4\u00e4n Kuinka ihmisyys On kuin tomua t\u00e4htien v\u00e4liss\u00e4. Ei ihmisyys edes <a href=\"https:\/\/corpusry.fi\/index.php\/naaga\/4-luukku\/\" class=\"more-link\">[&hellip;]<\/a><\/p>\n","protected":false},"author":22,"featured_media":0,"parent":33,"menu_order":0,"comment_status":"closed","ping_status":"closed","template":"","meta":{"Layout":"","footnotes":""},"class_list":["entry","author-siirinen","post-1326","page","type-page","status-publish"],"_links":{"self":[{"href":"https:\/\/corpusry.fi\/index.php\/wp-json\/wp\/v2\/pages\/1326","targetHints":{"allow":["GET"]}}],"collection":[{"href":"https:\/\/corpusry.fi\/index.php\/wp-json\/wp\/v2\/pages"}],"about":[{"href":"https:\/\/corpusry.fi\/index.php\/wp-json\/wp\/v2\/types\/page"}],"author":[{"embeddable":true,"href":"https:\/\/corpusry.fi\/index.php\/wp-json\/wp\/v2\/users\/22"}],"replies":[{"embeddable":true,"href":"https:\/\/corpusry.fi\/index.php\/wp-json\/wp\/v2\/comments?post=1326"}],"version-history":[{"count":4,"href":"https:\/\/corpusry.fi\/index.php\/wp-json\/wp\/v2\/pages\/1326\/revisions"}],"predecessor-version":[{"id":1330,"href":"https:\/\/corpusry.fi\/index.php\/wp-json\/wp\/v2\/pages\/1326\/revisions\/1330"}],"up":[{"embeddable":true,"href":"https:\/\/corpusry.fi\/index.php\/wp-json\/wp\/v2\/pages\/33"}],"wp:attachment":[{"href":"https:\/\/corpusry.fi\/index.php\/wp-json\/wp\/v2\/media?parent=1326"}],"curies":[{"name":"wp","href":"https:\/\/api.w.org\/{rel}","templated":true}]}}