{"id":1337,"date":"2019-12-06T13:54:25","date_gmt":"2019-12-06T11:54:25","guid":{"rendered":"https:\/\/corpusry.fi\/?page_id=1337"},"modified":"2020-01-15T15:39:57","modified_gmt":"2020-01-15T13:39:57","slug":"6-luukku","status":"publish","type":"page","link":"https:\/\/corpusry.fi\/index.php\/naaga\/6-luukku\/","title":{"rendered":"6. luukku"},"content":{"rendered":"\n<p> On onneni olla syntynyt Suomeen.<br> K\u00e4vell\u00e4 j\u00e4isill\u00e4 teill\u00e4<br> liukastua<br> ja muistaa ett\u00e4 el\u00e4\u00e4<br> <br> Istua hiljaisuudessa<br> pakkasen puremana<br> keskell\u00e4 niin kaunista v\u00e4ritt\u00f6myytt\u00e4<br> <br> Havahtua y\u00f6ll\u00e4 kylmyyteen<br> ja kuunnella<br> pohjolan valoja taivaankannella<br> <br> Niin karua, niin kaunista<br> On onneni olla syntynyt Suomeen.<br> Hyv\u00e4\u00e4 Itsen\u00e4isyysp\u00e4iv\u00e4\u00e4!<\/p>\n\n\n\n<p>Katariina Viirret<br> <\/p>\n","protected":false},"excerpt":{"rendered":"<p>On onneni olla syntynyt Suomeen. K\u00e4vell\u00e4 j\u00e4isill\u00e4 teill\u00e4 liukastua ja muistaa ett\u00e4 el\u00e4\u00e4 Istua hiljaisuudessa pakkasen puremana keskell\u00e4 niin kaunista v\u00e4ritt\u00f6myytt\u00e4 Havahtua y\u00f6ll\u00e4 kylmyyteen ja kuunnella pohjolan valoja taivaankannella Niin <a href=\"https:\/\/corpusry.fi\/index.php\/naaga\/6-luukku\/\" class=\"more-link\">[&hellip;]<\/a><\/p>\n","protected":false},"author":22,"featured_media":0,"parent":33,"menu_order":0,"comment_status":"closed","ping_status":"closed","template":"","meta":{"Layout":"","footnotes":""},"class_list":["entry","author-siirinen","post-1337","page","type-page","status-publish"],"_links":{"self":[{"href":"https:\/\/corpusry.fi\/index.php\/wp-json\/wp\/v2\/pages\/1337","targetHints":{"allow":["GET"]}}],"collection":[{"href":"https:\/\/corpusry.fi\/index.php\/wp-json\/wp\/v2\/pages"}],"about":[{"href":"https:\/\/corpusry.fi\/index.php\/wp-json\/wp\/v2\/types\/page"}],"author":[{"embeddable":true,"href":"https:\/\/corpusry.fi\/index.php\/wp-json\/wp\/v2\/users\/22"}],"replies":[{"embeddable":true,"href":"https:\/\/corpusry.fi\/index.php\/wp-json\/wp\/v2\/comments?post=1337"}],"version-history":[{"count":2,"href":"https:\/\/corpusry.fi\/index.php\/wp-json\/wp\/v2\/pages\/1337\/revisions"}],"predecessor-version":[{"id":1339,"href":"https:\/\/corpusry.fi\/index.php\/wp-json\/wp\/v2\/pages\/1337\/revisions\/1339"}],"up":[{"embeddable":true,"href":"https:\/\/corpusry.fi\/index.php\/wp-json\/wp\/v2\/pages\/33"}],"wp:attachment":[{"href":"https:\/\/corpusry.fi\/index.php\/wp-json\/wp\/v2\/media?parent=1337"}],"curies":[{"name":"wp","href":"https:\/\/api.w.org\/{rel}","templated":true}]}}