{"id":1346,"date":"2019-12-08T11:43:43","date_gmt":"2019-12-08T09:43:43","guid":{"rendered":"https:\/\/corpusry.fi\/?page_id=1346"},"modified":"2020-01-15T15:39:57","modified_gmt":"2020-01-15T13:39:57","slug":"8-luukku","status":"publish","type":"page","link":"https:\/\/corpusry.fi\/index.php\/naaga\/8-luukku\/","title":{"rendered":"8. luukku"},"content":{"rendered":"\n<p><em> Henkev\u00e4t Runoilijat: Nana Greijer &amp; Ofimia Kirsikka-aho<\/em><\/p>\n\n\n\n<p><em>Konsultoijat: Joona Nissinen &amp; Google k\u00e4\u00e4nt\u00e4j\u00e4 <\/em><\/p>\n\n\n\n<p>&#8230;<\/p>\n\n\n\n<p><strong>Sylvian joululaulu<\/strong><\/p>\n\n\n\n<p>Ja niin joulu palasi Pohjoismaihin<\/p>\n\n\n\n<p>Joulu on ohi<\/p>\n\n\n\n<p>Ja voit luoda kirkkaan kuusen heid\u00e4n kunniakseen<\/p>\n\n\n\n<p>Miniatyyriuintiin<\/p>\n\n\n\n<p>Mutta ensimm\u00e4inen osa on edelleen olemassa<\/p>\n\n\n\n<p>Lukitsimme itsemme konnaan t\u00e4h\u00e4n parannukseen<\/p>\n\n\n\n<p>Ja hiljainen valitus on vankilassa<\/p>\n\n\n\n<p>Voi kuka voi laulaa surullisia muistoja?<br><\/p>\n\n\n\n<p><em>Sakari Topeliusta mukaillen Nepalista Suomeksi<\/em><\/p>\n\n\n\n<p>&#8230;<\/p>\n\n\n\n<p><strong>Me k\u00e4ymme joulun viettohon<\/strong><\/p>\n\n\n\n<p><\/p>\n\n\n\n<p>Turhamaisuus on kaikki mit\u00e4<\/p>\n\n\n\n<p>Se on turhaa tehd\u00e4 sit\u00e4.<\/p>\n\n\n\n<p>Meill\u00e4 on kylm\u00e4 syd\u00e4mess\u00e4,<\/p>\n\n\n\n<p>Lapsi on vain sivussa, jos j\u00e4tet\u00e4\u00e4n taakse.<\/p>\n\n\n\n<p>Annamme paljon lahjoja,<\/p>\n\n\n\n<p>Lasten tyhj\u00e4t k\u00e4det ovat ihania.<\/p>\n\n\n\n<p>Voi yst\u00e4v\u00e4t, jos teemme niin<\/p>\n\n\n\n<p>Viisaimien tavoin saamme kullan,<\/p>\n\n\n\n<p>T\u00e4lle Miramin rakastetulle lapselle,<\/p>\n\n\n\n<p>Joten meille joulu on kosminen<\/p>\n\n\n\n<p>Se olisi Kristuksen alku taivaassa.<br><\/p>\n\n\n\n<p><em>Matti Turusta ja Mauno Isolaa mukaillen kreikasta suomeen<\/em><\/p>\n\n\n\n<p>&#8230;<\/p>\n\n\n\n<p><\/p>\n\n\n\n<p><\/p>\n\n\n\n<p><strong>Joulupukki puree ja ly\u00f6<\/strong><\/p>\n\n\n\n<p><\/p>\n\n\n\n<p>Joulu kynttil\u00e4t,<\/p>\n\n\n\n<p>Vauvan silm\u00e4t loistavat.<\/p>\n\n\n\n<p>Se on jo hallissa<\/p>\n\n\n\n<p>Ja ovi halkeilee.<br><\/p>\n\n\n\n<p>T\u00e4m\u00e4 on joulupukki,<\/p>\n\n\n\n<p>Vauvan korppi, parrakas.<\/p>\n\n\n\n<p>Nosta iso nyrkki,<\/p>\n\n\n\n<p>Perheenj\u00e4senet itkev\u00e4t:<br><\/p>\n\n\n\n<p>&#8221;Hymyilet t\u00e4\u00e4ll\u00e4<\/p>\n\n\n\n<p>Ja onnellinen hymy?<\/p>\n\n\n\n<p>Miss\u00e4 ovat Joulupukin lahjat,<\/p>\n\n\n\n<p>Ja miss\u00e4 voin korottaa palkkani?<br><\/p>\n\n\n\n<p>Hitto, veljet<\/p>\n\n\n\n<p>Pakarat pian!<\/p>\n\n\n\n<p>Nyt kaikki menev\u00e4t h\u00e4rien luo,<\/p>\n\n\n\n<p>My\u00f6s is\u00e4lle ja \u00e4idille! &#8221;<br><\/p>\n\n\n\n<p>Joulupukki huusi:<\/p>\n\n\n\n<p>P\u00e4\u00e4tuki lapsille,<\/p>\n\n\n\n<p>Kynttil\u00e4t ovat joulukynttil\u00f6it\u00e4,<\/p>\n\n\n\n<p>Lasten silm\u00e4t kimaltelevat.<br><\/p>\n\n\n\n<p>Se on jo hallissa<\/p>\n\n\n\n<p>Murtaan oven.<\/p>\n\n\n\n<p>Joulupukin akseli,<\/p>\n\n\n\n<p>Harrastusvaris, parrakas mies.<br><\/p>\n\n\n\n<p>Iso luoti nousee,<\/p>\n\n\n\n<p>Chleny sim&#8217;yi huutaa:<\/p>\n\n\n\n<p>&#8221;Mit\u00e4 sin\u00e4 hymyilet t\u00e4\u00e4ll\u00e4<\/p>\n\n\n\n<p>Olen terveoyu kanssa posmishkoyu?<br><\/p>\n\n\n\n<p>Miss\u00e4 ovat Joulupukin lahjat,<\/p>\n\n\n\n<p>Ja mihin palkkioni annetaan<\/p>\n\n\n\n<p>Jumalani, veljet,<\/p>\n\n\n\n<p>Pian ly\u00f6nti perseesi!<br><\/p>\n\n\n\n<p><\/p>\n\n\n\n<p>Nyt usi menee rangaistuslaitokselle,<\/p>\n\n\n\n<p>My\u00f6s is\u00e4 ja \u00e4iti! &#8221;<\/p>\n\n\n\n<p>Is\u00e4 Frost itkee,<\/p>\n\n\n\n<p>P\u00e4\u00e4tuki lapsille<br><\/p>\n\n\n\n<p><em>M.A. Nummista ja Jarkko Lainea mukaillen Ukrainasta Suomeen k\u00e4\u00e4nnetty<\/em><\/p>\n\n\n\n<p><\/p>\n\n\n\n<p><\/p>\n\n\n\n<p><\/p>\n\n\n\n<p><\/p>\n","protected":false},"excerpt":{"rendered":"<p>Henkev\u00e4t Runoilijat: Nana Greijer &amp; Ofimia Kirsikka-aho Konsultoijat: Joona Nissinen &amp; Google k\u00e4\u00e4nt\u00e4j\u00e4 &#8230; Sylvian joululaulu Ja niin joulu palasi Pohjoismaihin Joulu on ohi Ja voit luoda kirkkaan kuusen heid\u00e4n <a href=\"https:\/\/corpusry.fi\/index.php\/naaga\/8-luukku\/\" class=\"more-link\">[&hellip;]<\/a><\/p>\n","protected":false},"author":22,"featured_media":0,"parent":33,"menu_order":0,"comment_status":"closed","ping_status":"closed","template":"","meta":{"Layout":"","footnotes":""},"class_list":["entry","author-siirinen","post-1346","page","type-page","status-publish"],"_links":{"self":[{"href":"https:\/\/corpusry.fi\/index.php\/wp-json\/wp\/v2\/pages\/1346","targetHints":{"allow":["GET"]}}],"collection":[{"href":"https:\/\/corpusry.fi\/index.php\/wp-json\/wp\/v2\/pages"}],"about":[{"href":"https:\/\/corpusry.fi\/index.php\/wp-json\/wp\/v2\/types\/page"}],"author":[{"embeddable":true,"href":"https:\/\/corpusry.fi\/index.php\/wp-json\/wp\/v2\/users\/22"}],"replies":[{"embeddable":true,"href":"https:\/\/corpusry.fi\/index.php\/wp-json\/wp\/v2\/comments?post=1346"}],"version-history":[{"count":6,"href":"https:\/\/corpusry.fi\/index.php\/wp-json\/wp\/v2\/pages\/1346\/revisions"}],"predecessor-version":[{"id":1352,"href":"https:\/\/corpusry.fi\/index.php\/wp-json\/wp\/v2\/pages\/1346\/revisions\/1352"}],"up":[{"embeddable":true,"href":"https:\/\/corpusry.fi\/index.php\/wp-json\/wp\/v2\/pages\/33"}],"wp:attachment":[{"href":"https:\/\/corpusry.fi\/index.php\/wp-json\/wp\/v2\/media?parent=1346"}],"curies":[{"name":"wp","href":"https:\/\/api.w.org\/{rel}","templated":true}]}}