{"id":1354,"date":"2019-12-09T12:21:00","date_gmt":"2019-12-09T10:21:00","guid":{"rendered":"https:\/\/corpusry.fi\/?page_id=1354"},"modified":"2020-01-15T15:39:57","modified_gmt":"2020-01-15T13:39:57","slug":"9-luukku","status":"publish","type":"page","link":"https:\/\/corpusry.fi\/index.php\/naaga\/9-luukku\/","title":{"rendered":"9. luukku"},"content":{"rendered":"\n<figure class=\"wp-block-gallery columns-1 is-cropped wp-block-gallery-1 is-layout-flex wp-block-gallery-is-layout-flex\"><ul class=\"blocks-gallery-grid\"><li class=\"blocks-gallery-item\"><figure><img loading=\"lazy\" decoding=\"async\" width=\"2730\" height=\"2731\" src=\"http:\/\/corpusry.fi\/wp-content\/uploads\/2019\/12\/IMG_20191208_205700.jpg\" alt=\"\" data-id=\"1355\" data-link=\"https:\/\/corpusry.fi\/?attachment_id=1355\" class=\"wp-image-1355\"\/><\/figure><\/li><\/ul><figcaption class=\"blocks-gallery-caption\"> T\u00e4\u00e4ll\u00e4 odotellaan jo innolla joulup\u00f6yd\u00e4n herkkuja!<br>&#8211; Sofia Tammisto &amp; Nahkis <\/figcaption><\/figure>\n","protected":false},"excerpt":{"rendered":"","protected":false},"author":22,"featured_media":0,"parent":33,"menu_order":0,"comment_status":"closed","ping_status":"closed","template":"","meta":{"Layout":"","footnotes":""},"class_list":["entry","author-siirinen","post-1354","page","type-page","status-publish"],"_links":{"self":[{"href":"https:\/\/corpusry.fi\/index.php\/wp-json\/wp\/v2\/pages\/1354","targetHints":{"allow":["GET"]}}],"collection":[{"href":"https:\/\/corpusry.fi\/index.php\/wp-json\/wp\/v2\/pages"}],"about":[{"href":"https:\/\/corpusry.fi\/index.php\/wp-json\/wp\/v2\/types\/page"}],"author":[{"embeddable":true,"href":"https:\/\/corpusry.fi\/index.php\/wp-json\/wp\/v2\/users\/22"}],"replies":[{"embeddable":true,"href":"https:\/\/corpusry.fi\/index.php\/wp-json\/wp\/v2\/comments?post=1354"}],"version-history":[{"count":1,"href":"https:\/\/corpusry.fi\/index.php\/wp-json\/wp\/v2\/pages\/1354\/revisions"}],"predecessor-version":[{"id":1356,"href":"https:\/\/corpusry.fi\/index.php\/wp-json\/wp\/v2\/pages\/1354\/revisions\/1356"}],"up":[{"embeddable":true,"href":"https:\/\/corpusry.fi\/index.php\/wp-json\/wp\/v2\/pages\/33"}],"wp:attachment":[{"href":"https:\/\/corpusry.fi\/index.php\/wp-json\/wp\/v2\/media?parent=1354"}],"curies":[{"name":"wp","href":"https:\/\/api.w.org\/{rel}","templated":true}]}}