{"id":1422,"date":"2019-12-21T16:51:22","date_gmt":"2019-12-21T14:51:22","guid":{"rendered":"https:\/\/corpusry.fi\/?page_id=1422"},"modified":"2020-01-15T15:39:56","modified_gmt":"2020-01-15T13:39:56","slug":"21-luukku","status":"publish","type":"page","link":"https:\/\/corpusry.fi\/index.php\/naaga\/21-luukku\/","title":{"rendered":"21. luukku"},"content":{"rendered":"\n<p><em> Henkev\u00e4t Runoilijat: Nana Greijer &amp; Ofimia Kirsikka-aho<\/em><\/p>\n\n\n\n<p><em>Konsultoijat: Joona Nissinen &amp; Google k\u00e4\u00e4nt\u00e4j\u00e4 <\/em><\/p>\n\n\n\n<p>&#8230;<\/p>\n\n\n\n<p>No onkos tullut kes\u00e4<\/p>\n\n\n\n<p>No on kes\u00e4<\/p>\n\n\n\n<p>nyt keskell\u00e4 talvea,<\/p>\n\n\n\n<p>tehty pes\u00e4st\u00e4<\/p>\n\n\n\n<p>my\u00f6s pienet linnut.<br><\/p>\n\n\n\n<p>Jo kuusi kynttil\u00e4\u00e4<\/p>\n\n\n\n<p>ovat menestyneet,<\/p>\n\n\n\n<p>kylm\u00e4n\u00e4 talviy\u00f6n\u00e4<\/p>\n\n\n\n<p>t\u00e4m\u00e4 on luultavasti miten valaista se.<br><\/p>\n\n\n\n<p>Ja entinen pienenee<\/p>\n\n\n\n<p>kuin pieni lapsi pelaa<\/p>\n\n\n\n<p>murtuneella leualla<\/p>\n\n\n\n<p>joten kaikki ovat onnellinen.<br><\/p>\n\n\n\n<p>Hyvin tehty, l\u00e4mmin, hell\u00e4<\/p>\n\n\n\n<p>on kaikkien mieless\u00e4.<\/p>\n\n\n\n<p>Voi mies<\/p>\n\n\n\n<p>joulun iloa ikuisesti!<br><\/p>\n\n\n\n<p><em>Somalista suomeksi k\u00e4\u00e4nnetty<\/em><\/p>\n\n\n\n<p>&#8230;<\/p>\n\n\n\n<p><strong>Joulupukki suukon sai<\/strong><\/p>\n\n\n\n<p>Joulupukin lahjat on jo annettu<\/p>\n\n\n\n<p>Jukka pieni, mutta ei viel\u00e4<\/p>\n\n\n\n<p>voit nukkua<\/p>\n\n\n\n<p>No, stressi on j\u00e4nnitt\u00e4v\u00e4\u00e4<\/p>\n\n\n\n<p>nyt niin suuri mysteeri<\/p>\n\n\n\n<p>Valvoja ei kuitenkaan osaa puhua kielt\u00e4\u00e4n<\/p>\n\n\n\n<p>kuule uusi nalle<\/p>\n\n\n\n<p>Voi, kuinka hauskaa n\u00e4in<\/p>\n\n\n\n<p>juuri kun etsin karkkia<\/p>\n\n\n\n<p>Katsoin salia<\/p>\n\n\n\n<p>Salaisesti kaipasin oven avaamista<\/p>\n\n\n\n<p>kun \u00e4iti santa kanssa<\/p>\n\n\n\n<p>puhua niin<\/p>\n\n\n\n<p>Ja kuinka hauskaa se oli<\/p>\n\n\n\n<p>Joulupukin parta valkoisena<\/p>\n\n\n\n<p>Voi, mik\u00e4 nauraa<\/p>\n\n\n\n<p>jos h\u00e4nen is\u00e4ns\u00e4 selvisi<\/p>\n\n\n\n<p>ett\u00e4 joulupukki sai suukon<br><\/p>\n\n\n\n<p><em>Skottigaelista Suomeen k\u00e4\u00e4nnetty<\/em><br>&#8230;<\/p>\n\n\n\n<p><strong>Sika<\/strong><\/p>\n\n\n\n<p>N\u00e4in kyydin m\u00f6kiss\u00e4<\/p>\n\n\n\n<p>K\u00e4rsiv\u00e4llinen ilme, vatsavaivat<\/p>\n\n\n\n<p>En muista Piggy\u00e4 jouluna<\/p>\n\n\n\n<p>Sianlihaa tarkkailun vain himoa<\/p>\n\n\n\n<p>Lapset laulavat: Absoluuttinen joulut\u00e4hti<\/p>\n\n\n\n<p>Sika suolattuna<\/p>\n\n\n\n<p>Sika, he kuolevat yhdess\u00e4<\/p>\n\n\n\n<p>Sika, onnellinen is\u00e4<\/p>\n\n\n\n<p>Sika, h\u00e4nen kielell\u00e4\u00e4n on vett\u00e4<br><\/p>\n\n\n\n<p><em>Arabiasta suomeksi<\/em><\/p>\n","protected":false},"excerpt":{"rendered":"<p>Henkev\u00e4t Runoilijat: Nana Greijer &amp; Ofimia Kirsikka-aho Konsultoijat: Joona Nissinen &amp; Google k\u00e4\u00e4nt\u00e4j\u00e4 &#8230; No onkos tullut kes\u00e4 No on kes\u00e4 nyt keskell\u00e4 talvea, tehty pes\u00e4st\u00e4 my\u00f6s pienet linnut. Jo <a href=\"https:\/\/corpusry.fi\/index.php\/naaga\/21-luukku\/\" class=\"more-link\">[&hellip;]<\/a><\/p>\n","protected":false},"author":22,"featured_media":0,"parent":33,"menu_order":0,"comment_status":"closed","ping_status":"closed","template":"","meta":{"Layout":"","footnotes":""},"class_list":["entry","author-siirinen","post-1422","page","type-page","status-publish"],"_links":{"self":[{"href":"https:\/\/corpusry.fi\/index.php\/wp-json\/wp\/v2\/pages\/1422","targetHints":{"allow":["GET"]}}],"collection":[{"href":"https:\/\/corpusry.fi\/index.php\/wp-json\/wp\/v2\/pages"}],"about":[{"href":"https:\/\/corpusry.fi\/index.php\/wp-json\/wp\/v2\/types\/page"}],"author":[{"embeddable":true,"href":"https:\/\/corpusry.fi\/index.php\/wp-json\/wp\/v2\/users\/22"}],"replies":[{"embeddable":true,"href":"https:\/\/corpusry.fi\/index.php\/wp-json\/wp\/v2\/comments?post=1422"}],"version-history":[{"count":1,"href":"https:\/\/corpusry.fi\/index.php\/wp-json\/wp\/v2\/pages\/1422\/revisions"}],"predecessor-version":[{"id":1423,"href":"https:\/\/corpusry.fi\/index.php\/wp-json\/wp\/v2\/pages\/1422\/revisions\/1423"}],"up":[{"embeddable":true,"href":"https:\/\/corpusry.fi\/index.php\/wp-json\/wp\/v2\/pages\/33"}],"wp:attachment":[{"href":"https:\/\/corpusry.fi\/index.php\/wp-json\/wp\/v2\/media?parent=1422"}],"curies":[{"name":"wp","href":"https:\/\/api.w.org\/{rel}","templated":true}]}}