{"id":1527,"date":"2020-09-17T11:47:10","date_gmt":"2020-09-17T08:47:10","guid":{"rendered":"https:\/\/corpusry.fi\/?page_id=1527"},"modified":"2020-09-17T11:49:45","modified_gmt":"2020-09-17T08:49:45","slug":"corpuksen-historiikki","status":"publish","type":"page","link":"https:\/\/corpusry.fi\/index.php\/corpuksen-historiikki\/","title":{"rendered":"Corpuksen historiikki"},"content":{"rendered":"\n<p><strong>Corpus on\u00a0<\/strong>Jyv\u00e4skyl\u00e4n yliopiston taiteiden ja kulttuurin tutkimuksen laitoksen kirjallisuuden, museologian, taidehistorian ja taidekasvatuksen opiskelijoiden yhteinen ainej\u00e4rjest\u00f6. Se on perustettu 22.8.2013 yhdist\u00e4m\u00e4\u00e4n kolme ainej\u00e4rjest\u00f6\u00e4: Diaario (museologia), Opus (kirjallisuus) sek\u00e4 Rana (taidehistoria, taidekasvatus).<\/p>\n\n\n\n<h2 class=\"wp-block-heading\">Corpuksen nimi ja logo<\/h2>\n\n\n\n<p><em>corpus<\/em>&nbsp;(monikko corpora)<br>\u2013 keho, ruumis (latina)<br>\u2013 taju ja tuntu ihmisen kehosta tai kehollisuudesta (1400-luvun puoliv\u00e4liss\u00e4 englannin kieless\u00e4)<br>\u2013 tietojen ja asioiden kokoelma (1727 englannin kieless\u00e4)<\/p>\n\n\n\n<p>Nykyaikana sanalla corpus (suom. korpus) voidaan viitata tekstin ytimeen, laajaan kieliaineistoon tai tekij\u00e4n koko tuotantoon kokoelmana. Vaikka se usein liitet\u00e4\u00e4n kirjallisuuteen, se on vahva termi, joka pystyy paljon muuhunkin. L\u00e4nsimaisista taiteen muodoista tuskin l\u00f6ytyy osa-aluetta, jota aihe ei olisi jollain tavoin koskettanut tai johon sit\u00e4 ei olisi yhdistetty. Eik\u00f6 kaikki taide synny osittain kehollisuuden ja sen ymm\u00e4rt\u00e4misen kautta? Eiv\u00e4tk\u00f6 museot tavalla tai toisella ole tietojen ja asioiden kokoelma?<\/p>\n\n\n\n<p>Nimen\u00e4 Corpus esiintyy muun muassa museossa, veistotaiteen klassikoissa, tanssiryhm\u00e4ss\u00e4 ja jopa tatutointiliikkess\u00e4. Kirjoituksia ja musiikkia l\u00f6ytyy runsain m\u00e4\u00e4rin.<\/p>\n\n\n\n<p>Corpuksen logon avoin silm\u00e4 kuvastaa uteliaisuutta ja monenlaisten taide-el\u00e4mysten kokemista. Alkukirjaimet C ja O kuvastavat my\u00f6s etuliitett\u00e4 \u201cco-\u201d eli \u201cyhdess\u00e4\u201d tai \u201cyhteinen\u201d.  Logon on suunnitellut Sakari Kursula. <\/p>\n\n\n\n<h2 class=\"wp-block-heading\">Mielenterveysp\u00e4iv\u00e4n seminaari<\/h2>\n\n\n\n<p>Corpus j\u00e4rjesti vuosina 2014-2018 Maailman mielenterveysp\u00e4iv\u00e4n\u00e4 10.10. seminaaria Mielen kulttuuri.  Vuodesta 2019 eteenp\u00e4in JYY on ottanut vetovastuun seminaarista. Mielenterveysp\u00e4iv\u00e4n seminaarin&nbsp;tavoitteena<strong>&nbsp;<\/strong>on her\u00e4tt\u00e4\u00e4 keskustelua  henkisen hyvinvoinnin edist\u00e4misest\u00e4, mielenterveyden ongelmien ehk\u00e4isemisest\u00e4 ja hoidosta sek\u00e4 mielenterveyspotilaiden ja omaisten asemasta maailmanlaajuisesti. Lis\u00e4ksi tavoitteena on lis\u00e4t\u00e4 opiskelijoiden, tutkijoiden ja muun henkil\u00f6kunnan yhteisty\u00f6t\u00e4 sek\u00e4 yhteyksi\u00e4 yliopiston ulkopuolelle. <\/p>\n\n\n\n<p>Seminaarin verkkosivut:&nbsp;<a rel=\"noreferrer noopener\" href=\"http:\/\/mielenkulttuuri.wordpress.com\/\" target=\"_blank\">http:\/\/mielenkulttuuri.wordpress.com<\/a>.<\/p>\n\n\n<p><!--EndFragment--><br \/><br \/><\/p>","protected":false},"excerpt":{"rendered":"<p>Corpus on\u00a0Jyv\u00e4skyl\u00e4n yliopiston taiteiden ja kulttuurin tutkimuksen laitoksen kirjallisuuden, museologian, taidehistorian ja taidekasvatuksen opiskelijoiden yhteinen ainej\u00e4rjest\u00f6. Se on perustettu 22.8.2013 yhdist\u00e4m\u00e4\u00e4n kolme ainej\u00e4rjest\u00f6\u00e4: Diaario (museologia), Opus (kirjallisuus) sek\u00e4 Rana (taidehistoria, <a href=\"https:\/\/corpusry.fi\/index.php\/corpuksen-historiikki\/\" class=\"more-link\">[&hellip;]<\/a><\/p>\n","protected":false},"author":14,"featured_media":0,"parent":0,"menu_order":0,"comment_status":"closed","ping_status":"closed","template":"","meta":{"Layout":"","footnotes":""},"class_list":["entry","author-janne-haatyla","post-1527","page","type-page","status-publish"],"_links":{"self":[{"href":"https:\/\/corpusry.fi\/index.php\/wp-json\/wp\/v2\/pages\/1527","targetHints":{"allow":["GET"]}}],"collection":[{"href":"https:\/\/corpusry.fi\/index.php\/wp-json\/wp\/v2\/pages"}],"about":[{"href":"https:\/\/corpusry.fi\/index.php\/wp-json\/wp\/v2\/types\/page"}],"author":[{"embeddable":true,"href":"https:\/\/corpusry.fi\/index.php\/wp-json\/wp\/v2\/users\/14"}],"replies":[{"embeddable":true,"href":"https:\/\/corpusry.fi\/index.php\/wp-json\/wp\/v2\/comments?post=1527"}],"version-history":[{"count":3,"href":"https:\/\/corpusry.fi\/index.php\/wp-json\/wp\/v2\/pages\/1527\/revisions"}],"predecessor-version":[{"id":1533,"href":"https:\/\/corpusry.fi\/index.php\/wp-json\/wp\/v2\/pages\/1527\/revisions\/1533"}],"wp:attachment":[{"href":"https:\/\/corpusry.fi\/index.php\/wp-json\/wp\/v2\/media?parent=1527"}],"curies":[{"name":"wp","href":"https:\/\/api.w.org\/{rel}","templated":true}]}}