{"id":1569,"date":"2020-10-01T12:45:01","date_gmt":"2020-10-01T09:45:01","guid":{"rendered":"https:\/\/corpusry.fi\/?page_id=1569"},"modified":"2024-05-22T12:31:17","modified_gmt":"2024-05-22T09:31:17","slug":"kerhot","status":"publish","type":"page","link":"https:\/\/corpusry.fi\/index.php\/toiminta\/kerhot\/","title":{"rendered":"Kerhot"},"content":{"rendered":"\n<h2 class=\"wp-block-heading\">Sanapaja<\/h2>\n\n\n\n<p>Corpuksen Sanapajassa (aka Sapassa) kokoonnutaan noin kerran kuussa kirjoittamaan ohjattujen kirjoitusharjoitusten pohjalta, keskustelemaan kirjoittamisesta ja viett\u00e4m\u00e4\u00e4n aikaa ihanassa seurassa. Kerhon kokoontumisista sovitaan ja tiedotetaan Corpuksen tiedotuskanavissa. Kerho on avoin kaikille corpuslaisille. Sanapaja tarjoaa turvallisen, kannustavan ja innostavan ilmapiirin jakaa kirjoittamisen ilo muiden kirjoittajien kanssa. Sanapajan periaatteisiin kuuluu, ett\u00e4 kaikki saavat jakaa tekstej\u00e4\u00e4n ryhm\u00e4n kanssa sen mukaan, mik\u00e4 itsest\u00e4 tuntuu parhaalta: aina saa olla lukematta, mutta yht\u00e4 lailla aina on my\u00f6s lupa lukea ja jakaa tekstins\u00e4 muiden kanssa. L\u00e4mpim\u00e4sti tervetuloa mukaan Sanapajan toimintaan!<\/p>\n\n\n\n<figure class=\"wp-block-image size-full is-resized\"><img loading=\"lazy\" decoding=\"async\" width=\"720\" height=\"653\" src=\"https:\/\/corpusry.fi\/wp-content\/uploads\/2023\/05\/WhatsApp-Image-2023-05-09-at-15.47.06.jpeg\" alt=\"\" class=\"wp-image-2247\" style=\"width:418px;height:379px\" srcset=\"https:\/\/corpusry.fi\/wp-content\/uploads\/2023\/05\/WhatsApp-Image-2023-05-09-at-15.47.06.jpeg 720w, https:\/\/corpusry.fi\/wp-content\/uploads\/2023\/05\/WhatsApp-Image-2023-05-09-at-15.47.06-300x272.jpeg 300w, https:\/\/corpusry.fi\/wp-content\/uploads\/2023\/05\/WhatsApp-Image-2023-05-09-at-15.47.06-551x500.jpeg 551w\" sizes=\"auto, (max-width: 720px) 100vw, 720px\" \/><\/figure>\n\n\n\n<h2 class=\"wp-block-heading\">K\u00e4ss\u00e4kerho<\/h2>\n\n\n\n<p>Corpuksen k\u00e4ss\u00e4kerhossa saat aikaa k\u00e4sit\u00f6ille! Vuonna 2010 perustettu matalan kynnyksen kerhotoiminta tarjoaa k\u00e4sity\u00f6aiheisen heng\u00e4hdyshetken arkeen erilaisten tapahtumien merkeiss\u00e4. Vuosien varrella on j\u00e4rjestetty ristipistopaja Radikaalien Pistojen kanssa, virkattu kestovanulappuja, korjattu vaatteita ja opeteltu villasukan tekoa. N\u00e4emme my\u00f6s usein ihan vain kahvittelun, hyv\u00e4n seuran ja omien k\u00e4sit\u00f6iden parissa.<br><\/p>\n\n\n\n<p>Kerhon kokoontumisista sovitaan ja tiedotetaan Corpuksen k\u00e4ss\u00e4kerhon <a href=\"https:\/\/www.facebook.com\/groups\/367504793327426\">Facebook-ryhm\u00e4ss\u00e4.<\/a> Keskustelua k\u00e4sit\u00f6ist\u00e4 voi k\u00e4yd\u00e4 Facebookin lis\u00e4ksi my\u00f6s Discordissa. Ohjeet liittymiseen l\u00f6yd\u00e4t Facebook-ryhm\u00e4st\u00e4. Tapaamisista infotaan my\u00f6s Corpuksen muissa tiedotuskanavissa. K\u00e4ss\u00e4kerho on avoin kysymyksille, palautteelle ja uusille ideoille, joita voi osoittaa k\u00e4ss\u00e4kerhovastaaville!<\/p>\n\n\n\n<p><br><img loading=\"lazy\" decoding=\"async\" width=\"400\" height=\"533\" class=\"wp-image-1709\" src=\"http:\/\/corpusry.fi\/wp-content\/uploads\/2020\/12\/WhatsApp-Image-2020-10-29-at-15.32.54.jpeg\" alt=\"\" style=\"width: 400px;\"><\/p>\n\n\n\n<h2 class=\"wp-block-heading\">Lukupiiri<\/h2>\n\n\n\n<p>Lukupiiriss\u00e4 pyrit\u00e4\u00e4n lukemaan vaihtelevasti erilaisia tekstej\u00e4. Kyseess\u00e4 voi siis olla esimerkiksi romaani, runoteos, novellikokoelma, sarjakuva, tieteellinen artikkeli tai luku tieteellisest\u00e4 teoksesta. Ryhm\u00e4 on avoin kaikille corpuslaisille riippumatta p\u00e4\u00e4aineesta tai opintojen vaiheesta ja kokoontuu suunnilleen kerran kuukaudessa. <\/p>\n\n\n\n<p>Lukupiiritoimintaan osallistumisesta on mahdollista saada kaksi opintopistett\u00e4. Lis\u00e4tietoja voit kysy\u00e4 lukupiirin vet\u00e4jilt\u00e4.<\/p>\n\n\n\n<p>Lukupiirill\u00e4 on oma&nbsp;<a href=\"https:\/\/www.facebook.com\/groups\/212249309639648\/\">Facebook-ryhm\u00e4<\/a>, jossa tiedotetaan tapaamisista ja \u00e4\u00e4nestet\u00e4\u00e4n luettavista teoksista. Tapaamisista infotaan my\u00f6s Corpuksen muissa tiedotuskanavissa.<\/p>\n\n\n\n<figure class=\"wp-block-image size-large is-resized\"><img loading=\"lazy\" decoding=\"async\" width=\"1280\" height=\"1600\" src=\"http:\/\/corpusry.fi\/wp-content\/uploads\/2020\/12\/lukupiiri.jpeg\" alt=\"\" class=\"wp-image-1713\" style=\"width:398px;height:498px\"\/><\/figure>\n","protected":false},"excerpt":{"rendered":"<p>Sanapaja Corpuksen Sanapajassa (aka Sapassa) kokoonnutaan noin kerran kuussa kirjoittamaan ohjattujen kirjoitusharjoitusten pohjalta, keskustelemaan kirjoittamisesta ja viett\u00e4m\u00e4\u00e4n aikaa ihanassa seurassa. Kerhon kokoontumisista sovitaan ja tiedotetaan Corpuksen tiedotuskanavissa. Kerho on avoin <a href=\"https:\/\/corpusry.fi\/index.php\/toiminta\/kerhot\/\" class=\"more-link\">[&hellip;]<\/a><\/p>\n","protected":false},"author":19,"featured_media":0,"parent":151,"menu_order":0,"comment_status":"closed","ping_status":"closed","template":"","meta":{"Layout":"","footnotes":""},"class_list":["entry","author-snupponen","post-1569","page","type-page","status-publish"],"_links":{"self":[{"href":"https:\/\/corpusry.fi\/index.php\/wp-json\/wp\/v2\/pages\/1569","targetHints":{"allow":["GET"]}}],"collection":[{"href":"https:\/\/corpusry.fi\/index.php\/wp-json\/wp\/v2\/pages"}],"about":[{"href":"https:\/\/corpusry.fi\/index.php\/wp-json\/wp\/v2\/types\/page"}],"author":[{"embeddable":true,"href":"https:\/\/corpusry.fi\/index.php\/wp-json\/wp\/v2\/users\/19"}],"replies":[{"embeddable":true,"href":"https:\/\/corpusry.fi\/index.php\/wp-json\/wp\/v2\/comments?post=1569"}],"version-history":[{"count":9,"href":"https:\/\/corpusry.fi\/index.php\/wp-json\/wp\/v2\/pages\/1569\/revisions"}],"predecessor-version":[{"id":2518,"href":"https:\/\/corpusry.fi\/index.php\/wp-json\/wp\/v2\/pages\/1569\/revisions\/2518"}],"up":[{"embeddable":true,"href":"https:\/\/corpusry.fi\/index.php\/wp-json\/wp\/v2\/pages\/151"}],"wp:attachment":[{"href":"https:\/\/corpusry.fi\/index.php\/wp-json\/wp\/v2\/media?parent=1569"}],"curies":[{"name":"wp","href":"https:\/\/api.w.org\/{rel}","templated":true}]}}