{"id":1577,"date":"2020-10-01T13:07:11","date_gmt":"2020-10-01T10:07:11","guid":{"rendered":"https:\/\/corpusry.fi\/?page_id=1577"},"modified":"2020-12-16T12:02:04","modified_gmt":"2020-12-16T10:02:04","slug":"kahvila-kultavatkain","status":"publish","type":"page","link":"https:\/\/corpusry.fi\/index.php\/toiminta\/kahvila-kultavatkain\/","title":{"rendered":"Kahvila Kultavatkain"},"content":{"rendered":"\n<p>Kahvila Kultavatkain on Corpuksen oma kahvila, joka j\u00e4rjest\u00e4\u00e4 kahvituksia erilaisiin tapahtumiin. Kultavatkain on toiminut kahvittajana esimerkiksi seminaareissa, laitoksen tapahtumissa ja onpa osallistuttu my\u00f6s Herkkuapproille! Tarjoamme vegaanisia ja maistuvia makeita ja suolaisia herkkuja, ottaen huomioon my\u00f6s muut erityisruokavaliot sek\u00e4 tarjoilujen esteettisyyden.<\/p>\n\n\n\n<p>Kultavatkaimen toimintaa johtavat ja koordinoivat kahvilan vastaavat, mutta kahvituksien j\u00e4rjest\u00e4miseen tarvitaan aina apuk\u00e4si\u00e4. Jos siis olet v\u00e4h\u00e4nk\u00e4\u00e4n kiinnostunut toimintaan osallistumisesta leipomalla herkkuja tai toimimalla kahvittajana, niin liity Kultavatkaimen<a href=\"https:\/\/www.facebook.com\/groups\/337255989643194\"> Facebook-ryhm\u00e4\u00e4n<\/a>, jossa ilmoitetaan tulevista kahvituksista!Ota yhteytt\u00e4 Kahvila Kultavatkaimeen kahvilakultavatkain@gmail.com tai k\u00e4y<a href=\"https:\/\/www.facebook.com\/KahvilaKultavatkain\/\"> Facebook-sivuillamme<\/a>.<\/p>\n","protected":false},"excerpt":{"rendered":"<p>Kahvila Kultavatkain on Corpuksen oma kahvila, joka j\u00e4rjest\u00e4\u00e4 kahvituksia erilaisiin tapahtumiin. Kultavatkain on toiminut kahvittajana esimerkiksi seminaareissa, laitoksen tapahtumissa ja onpa osallistuttu my\u00f6s Herkkuapproille! Tarjoamme vegaanisia ja maistuvia makeita ja <a href=\"https:\/\/corpusry.fi\/index.php\/toiminta\/kahvila-kultavatkain\/\" class=\"more-link\">[&hellip;]<\/a><\/p>\n","protected":false},"author":14,"featured_media":0,"parent":151,"menu_order":0,"comment_status":"closed","ping_status":"closed","template":"","meta":{"Layout":"","footnotes":""},"class_list":["entry","author-janne-haatyla","post-1577","page","type-page","status-publish"],"_links":{"self":[{"href":"https:\/\/corpusry.fi\/index.php\/wp-json\/wp\/v2\/pages\/1577","targetHints":{"allow":["GET"]}}],"collection":[{"href":"https:\/\/corpusry.fi\/index.php\/wp-json\/wp\/v2\/pages"}],"about":[{"href":"https:\/\/corpusry.fi\/index.php\/wp-json\/wp\/v2\/types\/page"}],"author":[{"embeddable":true,"href":"https:\/\/corpusry.fi\/index.php\/wp-json\/wp\/v2\/users\/14"}],"replies":[{"embeddable":true,"href":"https:\/\/corpusry.fi\/index.php\/wp-json\/wp\/v2\/comments?post=1577"}],"version-history":[{"count":2,"href":"https:\/\/corpusry.fi\/index.php\/wp-json\/wp\/v2\/pages\/1577\/revisions"}],"predecessor-version":[{"id":1732,"href":"https:\/\/corpusry.fi\/index.php\/wp-json\/wp\/v2\/pages\/1577\/revisions\/1732"}],"up":[{"embeddable":true,"href":"https:\/\/corpusry.fi\/index.php\/wp-json\/wp\/v2\/pages\/151"}],"wp:attachment":[{"href":"https:\/\/corpusry.fi\/index.php\/wp-json\/wp\/v2\/media?parent=1577"}],"curies":[{"name":"wp","href":"https:\/\/api.w.org\/{rel}","templated":true}]}}