{"id":1585,"date":"2020-10-29T11:07:53","date_gmt":"2020-10-29T09:07:53","guid":{"rendered":"https:\/\/corpusry.fi\/?page_id=1585"},"modified":"2020-12-16T12:24:30","modified_gmt":"2020-12-16T10:24:30","slug":"sektoritoiminta","status":"publish","type":"page","link":"https:\/\/corpusry.fi\/index.php\/toiminta\/sektoritoiminta\/","title":{"rendered":"Sektoritoiminta"},"content":{"rendered":"\n<h2 class=\"wp-block-heading\">Sopokopo<\/h2>\n\n\n\n<p>Corpuksen edunvalvontaty\u00f6n p\u00e4\u00e4prioriteetti on opiskelijoiden hyvinvoinnissa niin opiskelujen kuin yleishyvinvoinninkin saralla. Sosiaalipoliittinen vastaava eli sopo ja koulutuspoliittinen vastaava eli kopo yhdess\u00e4 muodostavat Corpuksen edunvalvontasektorin. Sopo ja kopo ovat my\u00f6s taho, johon opiskelijat voivat ottaa yhteytt\u00e4 hyvinvointiin, yhdenvertaisuuteen tai opiskelijan oikeuksiin liittyviss\u00e4 asioissa. L\u00f6yd\u00e4t sopokopojen yhteystiedot Hallitus ja vastaavat -sivulta.<\/p>\n\n\n\n<p>Kopon toimenkuvaan kuuluu yhteydenpito laitoksen ja ainej\u00e4rjest\u00f6n v\u00e4lill\u00e4. Kopo my\u00f6s vastaa koulutukseen ja opintoihin liittyvist\u00e4 asioista, kuten esimerkiksi opiskelijan oikeuksista. Sopon vastuualueeseen taas kuuluu opiskelijoiden hyvinvointi (terveys, talous, asuminen) sek\u00e4 esteett\u00f6myys ja yhdenvertaisuus.\u00a0Sopon vastuulla on Corpuksen on oma VeriRyhm\u00e4 ja v\u00e4lill\u00e4 k\u00e4ymme porukalla luovuttamassa verta. Mainitse VeriRyhm\u00e4 Corpus my\u00f6s silloin, kun k\u00e4yt luovuttamassa yksin!<\/p>\n\n\n\n<p>Sopokopot j\u00e4rjest\u00e4v\u00e4t my\u00f6s tapahtumia! Suosittuja sopokopotapahtumakonsepteja ovat olleet mm. valitusillat ja luontoretket. Sopokoposektori j\u00e4rjest\u00e4\u00e4 my\u00f6s esimerkiksi kahvihetki\u00e4.<\/p>\n\n\n\n<h2 class=\"wp-block-heading\">Ymp\u00e4rist\u00f6<\/h2>\n\n\n\n<p>Ymp\u00e4rist\u00f6yst\u00e4v\u00e4llisyys on yksi Corpuksen arvoista ja siksi sen huomioiminen ainej\u00e4rjest\u00f6n toiminnassa on merkitt\u00e4v\u00e4ss\u00e4 asemassa. Tavoitteena on, ett\u00e4 j\u00e4rjest\u00f6n toiminta kuormittaisi ymp\u00e4rist\u00f6\u00e4 mahdollisimman v\u00e4h\u00e4n. T\u00e4t\u00e4 edist\u00e4\u00e4 esimerkiksi kestoastioiden k\u00e4ytt\u00f6, kierr\u00e4tys ja kasvisruoka. Corpukselle on ainej\u00e4rjest\u00f6n perustamisesta asti nimitetty joka vuosi ymp\u00e4rist\u00f6vastaava. Ymp\u00e4rist\u00f6vastaavan teht\u00e4v\u00e4 on huolehtia siit\u00e4, ett\u00e4 ymp\u00e4rist\u00f6arvot ovat mukana ja kehittyv\u00e4t Corpuksen toiminnan rinnalla.<\/p>\n\n\n\n<p>K\u00e4yt\u00e4nn\u00f6ss\u00e4 Corpus pyrkii osallistumaan aktiivisesti erilaisiin ymp\u00e4rist\u00f6tempauksiin ja j\u00e4rjest\u00e4m\u00e4\u00e4n itse monipuolisia ymp\u00e4rist\u00f6tapahtumia. N\u00e4ihin kuuluu esimerkiksi luontoretket sek\u00e4 vaatteenkorjaus ja -vaihtotapahtumat. Sen lis\u00e4ksi ymp\u00e4rist\u00f6vastaava pit\u00e4\u00e4 yll\u00e4 facebookissa Corpuksen omaa Kirpuksen Corpputori \u2013 kirpputoriryhm\u00e4\u00e4, jossa j\u00e4senist\u00f6 voi myyd\u00e4 ja vaihtaa itselle tarpeettomasi k\u00e4ynytt\u00e4 omaisuutta tutulla porukalla.<\/p>\n\n\n\n<p>Ymp\u00e4rist\u00f6vastaava pyrkii my\u00f6s v\u00e4litt\u00e4m\u00e4\u00e4n tietoa ajankohtaisista ymp\u00e4rist\u00f6aiheista ja kest\u00e4v\u00e4st\u00e4 kehityksest\u00e4. Hyvi\u00e4 vinkkej\u00e4 ja infoa l\u00f6ytyy esimerkiksi Corpuksen omasta ymp\u00e4rist\u00f6oppaasta!<br><\/p>\n\n\n\n<h2 class=\"wp-block-heading\">Liikunta<\/h2>\n\n\n\n<p>Corpuksen vastaaviin kuuluu liikuntavastaava, joka j\u00e4rjest\u00e4\u00e4 Corpuksen j\u00e4senist\u00f6lle erilaisia liikunnallisia tapahtumia sek\u00e4 tiedottaa Corpuksen kanavissa liikunta-aiheisista ajankohtaisista ja relevanteista uutisista. T\u00e4m\u00e4nhetkisen Corpuksen liikuntavastaavan ja h\u00e4nen yhteystietonsa l\u00f6yd\u00e4t Hallitus ja vastaavat -sivulta.<\/p>\n\n\n\n<p>Corpuksen j\u00e4rjest\u00e4mist\u00e4 liikuntatapahtumista perinteeksi on jo ehtinyt muodostua Corpus laskee pulkalla -laskiaistapahtuma, jossa Harjulla tapahtuvan riehakkaan m\u00e4enlaskun j\u00e4lkeen l\u00e4mmitell\u00e4\u00e4n Opinkiven saunan l\u00e4mm\u00f6ss\u00e4 ja nautitaan laskiaispullista. Muita useamman kerran j\u00e4rjestettyj\u00e4 liikuntatapahtumia ovat olleet mm. ainej\u00e4rjest\u00f6jen v\u00e4linen lumisota, pihapeli-illat sek\u00e4 yhteisty\u00f6ss\u00e4 Corpuksen sopokoposektorin ja ymp\u00e4rist\u00f6vastaavan kanssa j\u00e4rjestetyt luontoretket.&nbsp;<\/p>\n\n\n\n<p>Suurta suosiota ovat my\u00f6s saavuttaneet Corpuksen lajikokeilut, joissa on corpuslaisten kesken k\u00e4yty testaamassa v\u00e4h\u00e4n erikoisempia liikuntalajeja. Lajikokeiluja on l\u00e4hivuosina tehty mm. historiallisten tanssien ja itsepuolustuksen parissa. Corpuksen liikuntavastaava ottaa mielell\u00e4\u00e4n vastaan vinkkej\u00e4 uusista lajikokeilukohteista!<\/p>\n\n\n\n<h2 class=\"wp-block-heading\">Kulttuuri<\/h2>\n\n\n\n<p>Corpuksen kulttuuritoiminta pyrkii j\u00e4rjest\u00e4m\u00e4\u00e4n sek\u00e4 vinkkaamaan j\u00e4senilleen monipuolisesti uusia kulttuurikokemuksia. Vuosittain j\u00e4rjestet\u00e4\u00e4n Runebergin p\u00e4iv\u00e4n illallinen teemaan sopivan kutsuvieraan kera. Lis\u00e4ksi Corpuksen tapahtumakonsepteihin on kuulunut niin Kirkko &amp; Baari -kierroksia kuin Dinner &amp; Teatteri-iltoja Lingviestien kanssa. P\u00e4\u00e4vastuu kulttuurisektorista on kulttuurivastaavilla, joiden mukana p\u00e4\u00e4set sin\u00e4kin niin teatteriin ja museoon kuin nauttimaan musiikista ja uppoamaan kirjallisuuteen.<\/p>\n\n\n\n<h2 class=\"wp-block-heading\">Ekskursiot<\/h2>\n\n\n\n<p>Corpuksen ekskursiovastaavat j\u00e4rjest\u00e4v\u00e4t yleens\u00e4 kerran vuodessa ekskursion joko Suomessa tai ulkomailla. Retki\u00e4 on tehty mm. kirjamessuille ja museoihin. Yleens\u00e4 matkat liittyv\u00e4t opiskelemiimme aloihin. My\u00f6s esimerkiksi risteilyt ovat mahdollisia.<br><\/p>\n\n\n\n<h2 class=\"wp-block-heading\">Kansainv\u00e4lisyys<\/h2>\n\n\n\n<p>Corpuksen kansainv\u00e4lisyysvastaava (kv-vastaava) j\u00e4rjest\u00e4\u00e4 kaksi kertaa vuodessa vaihtoiltaman ennen vaihtohakua, jossa vaihdossa olleet, vaihto-opiskelijat ja vaihdosta kiinnostuneet voivat tavata ja keskustella kesken\u00e4\u00e4n.&nbsp;<\/p>\n\n\n\n<p>Kv-vastaavalta voi kysy\u00e4 vaihtoon liittyvist\u00e4 asioista ja h\u00e4n vastaa mielell\u00e4\u00e4n kysymyksiin. Corpus haluaa auttaa opiskelijoitaan niin kansainv\u00e4listymisess\u00e4 kuin kotikansainv\u00e4listymisess\u00e4.&nbsp;Kv-vastaavan yhteystiedot l\u00f6yd\u00e4t Hallitus ja vastaavat -sivulta.<\/p>\n\n\n\n<h2 class=\"wp-block-heading\">Ty\u00f6el\u00e4m\u00e4<\/h2>\n\n\n\n<p>Ty\u00f6el\u00e4m\u00e4vastaavan teht\u00e4v\u00e4n\u00e4 on nimens\u00e4 mukaisesti j\u00e4rjest\u00e4\u00e4 corpuslaisille erilaisia ty\u00f6el\u00e4m\u00e4\u00e4n liittyvi\u00e4 tapahtumia. T\u00e4llaisia ovat esimerkiksi ty\u00f6el\u00e4m\u00e4p\u00e4iv\u00e4t, joilla meid\u00e4n oppiaineistamme valmistuneet kertovat uratarinoitaan corpuslaisille. Lis\u00e4ksi on j\u00e4rjestetty monenlaisia ty\u00f6nhakuun liittyvi\u00e4 ty\u00f6pajoja, muun muassa Linkedinist\u00e4 ja CV:n kirjoittamisesta.&nbsp;<br><\/p>\n\n\n\n<p>Ty\u00f6el\u00e4m\u00e4tapahtumia j\u00e4rjestet\u00e4\u00e4n yleens\u00e4 yhteisty\u00f6ss\u00e4 muiden toimijoiden kanssa. Taku ry (Taide- ja kulttuurialan ammattij\u00e4rjest\u00f6)&nbsp; ja Mal ry (Museoalan ammattiliitto) ovat yleisi\u00e4 yhteisty\u00f6kumppaneitaan, jotka j\u00e4rjest\u00e4v\u00e4t erilaisia koulutuksia&nbsp; ja tapahtumia corpuslaisille. Yhteisty\u00f6t\u00e4 tehd\u00e4\u00e4n my\u00f6s muiden ainaj\u00e4rjest\u00f6jen kanssa, kuten Trioli ry:n ja Sane ry:n kanssa. Kouluttajia tai ty\u00f6pajojen vet\u00e4ji\u00e4 voi tulla my\u00f6s muista yhteis\u00f6ist\u00e4, esimerkiksi yliopiston ty\u00f6el\u00e4m\u00e4palveluista.&nbsp;<br><\/p>\n\n\n\n<p>Jos mieless\u00e4si on jokin oivallinen ty\u00f6el\u00e4m\u00e4tapahtuma tai kaipaat ty\u00f6nhakuun liittyv\u00e4\u00e4 koulutusta, ota rohkeasti yhteytt\u00e4 Corpuksen ty\u00f6elm\u00e4vastaavaan! T\u00e4m\u00e4nhetkisen vastaavan yhteystiedot l\u00f6yd\u00e4t Hallitus ja vastaavat -sivulta.<\/p>\n","protected":false},"excerpt":{"rendered":"<p>Sopokopo Corpuksen edunvalvontaty\u00f6n p\u00e4\u00e4prioriteetti on opiskelijoiden hyvinvoinnissa niin opiskelujen kuin yleishyvinvoinninkin saralla. Sosiaalipoliittinen vastaava eli sopo ja koulutuspoliittinen vastaava eli kopo yhdess\u00e4 muodostavat Corpuksen edunvalvontasektorin. Sopo ja kopo ovat my\u00f6s <a href=\"https:\/\/corpusry.fi\/index.php\/toiminta\/sektoritoiminta\/\" class=\"more-link\">[&hellip;]<\/a><\/p>\n","protected":false},"author":14,"featured_media":0,"parent":151,"menu_order":0,"comment_status":"closed","ping_status":"closed","template":"","meta":{"Layout":"","footnotes":""},"class_list":["entry","author-janne-haatyla","post-1585","page","type-page","status-publish"],"_links":{"self":[{"href":"https:\/\/corpusry.fi\/index.php\/wp-json\/wp\/v2\/pages\/1585","targetHints":{"allow":["GET"]}}],"collection":[{"href":"https:\/\/corpusry.fi\/index.php\/wp-json\/wp\/v2\/pages"}],"about":[{"href":"https:\/\/corpusry.fi\/index.php\/wp-json\/wp\/v2\/types\/page"}],"author":[{"embeddable":true,"href":"https:\/\/corpusry.fi\/index.php\/wp-json\/wp\/v2\/users\/14"}],"replies":[{"embeddable":true,"href":"https:\/\/corpusry.fi\/index.php\/wp-json\/wp\/v2\/comments?post=1585"}],"version-history":[{"count":3,"href":"https:\/\/corpusry.fi\/index.php\/wp-json\/wp\/v2\/pages\/1585\/revisions"}],"predecessor-version":[{"id":1740,"href":"https:\/\/corpusry.fi\/index.php\/wp-json\/wp\/v2\/pages\/1585\/revisions\/1740"}],"up":[{"embeddable":true,"href":"https:\/\/corpusry.fi\/index.php\/wp-json\/wp\/v2\/pages\/151"}],"wp:attachment":[{"href":"https:\/\/corpusry.fi\/index.php\/wp-json\/wp\/v2\/media?parent=1585"}],"curies":[{"name":"wp","href":"https:\/\/api.w.org\/{rel}","templated":true}]}}