{"id":1629,"date":"2020-12-02T12:28:04","date_gmt":"2020-12-02T10:28:04","guid":{"rendered":"https:\/\/corpusry.fi\/?page_id=1629"},"modified":"2020-12-02T12:28:05","modified_gmt":"2020-12-02T10:28:05","slug":"2-luukku","status":"publish","type":"page","link":"https:\/\/corpusry.fi\/index.php\/2-luukku\/","title":{"rendered":"2. luukku"},"content":{"rendered":"\n<figure class=\"wp-block-image size-large is-resized\"><img loading=\"lazy\" decoding=\"async\" src=\"http:\/\/corpusry.fi\/wp-content\/uploads\/2020\/12\/Nimet\u00f6n.png\" alt=\"\" class=\"wp-image-1630\" width=\"348\" height=\"218\"\/><\/figure>\n\n\n\n<p><strong>Jouluinen\nkananmunanl\u00e4mmitin<\/strong><\/p>\n\n\n\n<p>Matalan\nkynnyksen virkkausohje<\/p>\n\n\n\n<p>Siev\u00e4\njouluinen lis\u00e4 ruokap\u00f6yt\u00e4\u00e4n! Toimii my\u00f6s koristeena, jos kananmunanl\u00e4mmittimen\nk\u00e4ytt\u00f6 ei kuulu tapoihisi. Pieni pitsihelmainen kuusi saa sopivan s\u00e4v\u00e4yksen\nlatvat\u00e4hdest\u00e4.<\/p>\n\n\n\n<p>Alkuper\u00e4inen\nohje l\u00f6ytyy osoitteesta <a href=\"https:\/\/www.garnstudio.com\/pattern.php?id=7298&amp;cid=11\">https:\/\/www.garnstudio.com\/pattern.php?id=7298&amp;cid=11<\/a>.\n<\/p>\n\n\n\n<p>Allaoleva\nohje on hieman erilainen niilt\u00e4 osin kuin alkuper\u00e4ist\u00e4 on ollut hyv\u00e4 helpottaa\nja selkeytt\u00e4\u00e4. Aloitus kiristyssilmukkaan on yksi n\u00e4ist\u00e4; kiristyssilmukalla\naloittaessa ty\u00f6h\u00f6n ei j\u00e4\u00e4 pient\u00e4 reik\u00e4\u00e4 toisin kuin ketjusilmukoilla\naloittaessa, eik\u00e4 valmiista ty\u00f6st\u00e4 erota kerroksen vaihtumiskohtaa. Jos\nkiristyssilmukka ei kuitenkaan ole tuttu, voi allaolevan ohjeen tekstiselitys\nolla vaikeaselkoinen. T\u00e4ll\u00f6in kannattaa selvitt\u00e4\u00e4 oheisen opetusvideon avulla,\nmist\u00e4 on kyse: <a href=\"https:\/\/www.garnstudio.com\/video.php?id=98&amp;lang=fi\">https:\/\/www.garnstudio.com\/video.php?id=98&amp;lang=fi<\/a> <\/p>\n\n\n\n<p>Viimeiselt\u00e4\nsivulta l\u00f6yd\u00e4t piirroskaavat kuusen alareunan ja t\u00e4hden virkkaamiseen. Kuvat on\nkopioitu Garnstudion verkkosivulta.<\/p>\n\n\n\n<p>Valitse\nvirkkaukseen soveltuvaa vihre\u00e4\u00e4 lankaa. Kuvan kuuseen olen k\u00e4ytt\u00e4nyt Catania\nOriginals -lankaa, joka kiilt\u00e4\u00e4 hieman ja on siksi juhlavan n\u00e4k\u00f6inen.\nVirkkuukoukuksi k\u00e4y langasta riippuen koot 2.5\u20133.5. Pienemm\u00e4ll\u00e4 koukulla tehty\nkuusi pysyy paremmin suorana seistess\u00e4\u00e4n itsekseen koristeena, sill\u00e4 se on\ntiiviimpi kuin suuremmalla koukulla virkattu kuusi. Koukun koko vaikuttaa\nmerkitt\u00e4v\u00e4sti my\u00f6s latvat\u00e4hden kokoon.<\/p>\n\n\n\n<p>Jos\nmenet helposti sekaisin silmukoiden laskemisessa, kannattaa merkit\u00e4 kerroksen\nalku esimerkiksi kiinnitt\u00e4m\u00e4ll\u00e4 pieni hakaneula kerroksen ensimm\u00e4iseen\nsilmukkaan.<\/p>\n\n\n\n<p>T\u00e4ss\u00e4\nohjeessa k\u00e4ytet\u00e4\u00e4n tavanomaisia silmukoita. Jos vasta harjoittelet, kannattaa\ntarkistaa esimerkiksi netin avulla, miten eri silmukat tehd\u00e4\u00e4n.<\/p>\n\n\n\n<p><strong>Merkint\u00f6jen selityksi\u00e4:<\/strong><\/p>\n\n\n\n<p>krs = kerros<\/p>\n\n\n\n<p>kjs = ketjusilmukka<\/p>\n\n\n\n<p>ks\n= kiinte\u00e4 silmukka<\/p>\n\n\n\n<p>ps\n= piilosilmukka<\/p>\n\n\n\n<p>p\n= pylv\u00e4s<\/p>\n\n\n\n<p>pp\n= puolipylv\u00e4s<\/p>\n\n\n\n<p>1&lt;2\n= lis\u00e4ys: virkkaa 2 kiinte\u00e4\u00e4 silmukkaa samaan (edellisen kerroksen) kiinte\u00e4\u00e4n\nsilmukkaan<\/p>\n\n\n\n<p>[\u2026]\nx 4 = toista hakasulkeiden sis\u00e4ll\u00e4 oleva nelj\u00e4 kertaa per\u00e4kk\u00e4in<\/p>\n\n\n\n<p>=\n8 s = kerroksen valmistuttua kierroksella tulisi olla 8 silmukkaa<\/p>\n\n\n\n<p>Aloita\nkiristyssilmukalla: kierr\u00e4 lanka sormesi ymp\u00e4ri siten, ett\u00e4 ker\u00e4st\u00e4 tuleva\nlanka kulkee langanp\u00e4\u00e4n yli. Ved\u00e4 virkkuukoukulla ker\u00e4st\u00e4 tuleva lanka\nlanganp\u00e4\u00e4n alitse ja ota lenkki pois sormen ymp\u00e4rilt\u00e4. Tee yksi ketjusilmukka,\njolloin lenkin pit\u00e4isi pysy\u00e4 koossa ja koukulla tulisi olla aloitussilmukka.\nT\u00e4st\u00e4 eteenp\u00e4in jatketaan virkkausta spiraalina.<\/p>\n\n\n\n<p>1.krs&nbsp;&nbsp;&nbsp;&nbsp;&nbsp;&nbsp; 4 ks kiristyssilmukkaan lankojen\nymp\u00e4rille (ved\u00e4 lopuksi langanp\u00e4\u00e4st\u00e4 lenkki umpeen)<\/p>\n\n\n\n<p>&nbsp;&nbsp;&nbsp;&nbsp;&nbsp;&nbsp;&nbsp;&nbsp;&nbsp;&nbsp;&nbsp;&nbsp;&nbsp; = 4 s<\/p>\n\n\n\n<p>2.krs&nbsp;&nbsp;&nbsp;&nbsp;&nbsp;&nbsp; [1&lt;2] x 4&nbsp;&nbsp;&nbsp;&nbsp;&nbsp;&nbsp;&nbsp;&nbsp;&nbsp;&nbsp;&nbsp;&nbsp;&nbsp; = 8 s<\/p>\n\n\n\n<p>3.krs&nbsp;&nbsp;&nbsp;&nbsp;&nbsp;&nbsp; 8 ks&nbsp;&nbsp;&nbsp;&nbsp;&nbsp;&nbsp;&nbsp;&nbsp;&nbsp;&nbsp;&nbsp;&nbsp;&nbsp;&nbsp;&nbsp;&nbsp;&nbsp;&nbsp;&nbsp;&nbsp;&nbsp;&nbsp; =\n8 s<\/p>\n\n\n\n<p>4.krs&nbsp;&nbsp;&nbsp;&nbsp;&nbsp;&nbsp; [1 ks, 1&lt;2] x 4&nbsp;&nbsp;&nbsp;&nbsp;&nbsp; = 12 s<\/p>\n\n\n\n<p>5.krs&nbsp;&nbsp;&nbsp;&nbsp;&nbsp;&nbsp; 12 ks&nbsp;&nbsp;&nbsp;&nbsp;&nbsp;&nbsp;&nbsp;&nbsp;&nbsp;&nbsp;&nbsp;&nbsp;&nbsp;&nbsp;&nbsp;&nbsp;&nbsp;&nbsp;&nbsp;&nbsp; =\n12 s<\/p>\n\n\n\n<p>6.krs&nbsp;&nbsp;&nbsp;&nbsp;&nbsp;&nbsp; [2 ks, 1&lt;2] x 4&nbsp;&nbsp;&nbsp;&nbsp;&nbsp; = 16 s<\/p>\n\n\n\n<p>7.krs&nbsp;&nbsp;&nbsp;&nbsp;&nbsp;&nbsp; 16 ks&nbsp;&nbsp;&nbsp;&nbsp;&nbsp;&nbsp;&nbsp;&nbsp;&nbsp;&nbsp;&nbsp;&nbsp;&nbsp;&nbsp;&nbsp;&nbsp;&nbsp;&nbsp;&nbsp;&nbsp; =\n16 s<\/p>\n\n\n\n<p>8.krs&nbsp;&nbsp;&nbsp;&nbsp;&nbsp;&nbsp; [3 ks, 1&lt;2] x 4&nbsp;&nbsp;&nbsp;&nbsp;&nbsp; = 20 s<\/p>\n\n\n\n<p>9.krs&nbsp;&nbsp;&nbsp;&nbsp;&nbsp;&nbsp; 20 ks&nbsp;&nbsp;&nbsp;&nbsp;&nbsp;&nbsp;&nbsp;&nbsp;&nbsp;&nbsp;&nbsp;&nbsp;&nbsp;&nbsp;&nbsp;&nbsp;&nbsp;&nbsp;&nbsp;&nbsp; =\n20 s<\/p>\n\n\n\n<p>10.krs&nbsp;&nbsp;&nbsp;&nbsp; [4 ks, 1&lt;2] x 4&nbsp;&nbsp;&nbsp;&nbsp;&nbsp; = 24 s<\/p>\n\n\n\n<p>11.krs&nbsp;&nbsp;&nbsp;&nbsp; 24 ks&nbsp;&nbsp;&nbsp;&nbsp;&nbsp;&nbsp;&nbsp;&nbsp;&nbsp;&nbsp;&nbsp;&nbsp;&nbsp;&nbsp;&nbsp;&nbsp;&nbsp;&nbsp;&nbsp;&nbsp; =\n24 s<\/p>\n\n\n\n<p>12.krs&nbsp;&nbsp;&nbsp;&nbsp; [5 ks, 1&lt;2] x 4&nbsp;&nbsp;&nbsp;&nbsp;&nbsp; = 28 s<\/p>\n\n\n\n<p>13.krs&nbsp;&nbsp;&nbsp;&nbsp; 28 ks&nbsp;&nbsp;&nbsp;&nbsp;&nbsp;&nbsp;&nbsp;&nbsp;&nbsp;&nbsp;&nbsp;&nbsp;&nbsp;&nbsp;&nbsp;&nbsp;&nbsp;&nbsp;&nbsp;&nbsp; =\n28 s<\/p>\n\n\n\n<p>14.krs&nbsp;&nbsp;&nbsp;&nbsp; [6 ks, 1&lt;2] x 4&nbsp;&nbsp;&nbsp;&nbsp;&nbsp; = 32 s<\/p>\n\n\n\n<p>15.krs&nbsp;&nbsp;&nbsp;&nbsp; 32 ks&nbsp;&nbsp;&nbsp;&nbsp;&nbsp;&nbsp;&nbsp;&nbsp;&nbsp;&nbsp;&nbsp;&nbsp;&nbsp;&nbsp;&nbsp;&nbsp;&nbsp;&nbsp;&nbsp;&nbsp; =\n32 s<\/p>\n\n\n\n<p>16.krs&nbsp;&nbsp;&nbsp;&nbsp; [7 ks, 1&lt;2] x 3, 8 ks&nbsp;&nbsp;&nbsp;&nbsp;&nbsp;&nbsp;&nbsp;&nbsp;&nbsp;&nbsp;&nbsp;&nbsp;&nbsp;&nbsp;&nbsp;&nbsp;&nbsp;&nbsp; = 35 s<\/p>\n\n\n\n<p>Seuraavaksi\naloitetaan reunuskuvio piirroksen A.1 mukaisesti. Kerrosten silmukoiden\nkokonaism\u00e4\u00e4riss\u00e4 on huomioitu my\u00f6s piilosilmukat. Huomaa, ett\u00e4 allaoleva ohje\npoikkeaa hieman piirroksesta joidenkin piilosilmukoiden osalta.<\/p>\n\n\n\n<p>17.krs&nbsp;&nbsp;&nbsp;&nbsp; [1 ks, 2 kjs, hypp\u00e4\u00e4 yhden silmukan yli, 1\nks, 4 kjs, hypp\u00e4\u00e4 kahden silmukan yli, 1 ks, 2 <\/p>\n\n\n\n<p>&nbsp;&nbsp;&nbsp;&nbsp;&nbsp;&nbsp;&nbsp;&nbsp;&nbsp;&nbsp;&nbsp;&nbsp;&nbsp; kjs, hypp\u00e4\u00e4 yhden silmukan yli] x\n5 = 55 s<\/p>\n\n\n\n<p>18.krs&nbsp;&nbsp;&nbsp;&nbsp; [1 ps, hypp\u00e4\u00e4 lyhyen kjs-kaaren yli, 8 p\npitk\u00e4n kjs-kaaren ymp\u00e4rille, hypp\u00e4\u00e4 lyhyen kjs-<\/p>\n\n\n\n<p>&nbsp;&nbsp;&nbsp;&nbsp;&nbsp;&nbsp;&nbsp;&nbsp;&nbsp;&nbsp;&nbsp;&nbsp;&nbsp; kaaren yli] x 5, 1 ps kerroksen\nensimm\u00e4iseen piilosilmukkaan = 45 s<\/p>\n\n\n\n<p>HUOM!\nSeuraavan kerroksen ensimm\u00e4inen kiinte\u00e4 silmukka virkataan samaan silmukkaan\nkuin viimeksi tehty piilosilmukka.<\/p>\n\n\n\n<p>19.krs&nbsp;&nbsp;&nbsp;&nbsp; [1 ks, 4 kjs, hypp\u00e4\u00e4 kahden silmukan yli, 1\np, 3 kjs, hypp\u00e4\u00e4 kahden silmukan yli, 1 p, 4 kjs, <\/p>\n\n\n\n<p>&nbsp;&nbsp;&nbsp;&nbsp;&nbsp;&nbsp;&nbsp;&nbsp;&nbsp;&nbsp;&nbsp;&nbsp;&nbsp; hypp\u00e4\u00e4 kahden silmukan yli] x 5, 1\nps = 71 s<\/p>\n\n\n\n<p>20.krs&nbsp;&nbsp;&nbsp;&nbsp; [4 ks kjs-kaaren ymp\u00e4rille, 1 kjs, 4 ks\nseuraavan kjs-kaaren ymp\u00e4rille, 1 kjs, 4 ks seuraavan <\/p>\n\n\n\n<p>&nbsp;&nbsp;&nbsp;&nbsp;&nbsp;&nbsp;&nbsp;&nbsp;&nbsp;&nbsp;&nbsp;&nbsp;&nbsp; kjs-kaaren ymp\u00e4rille] x 5, 1 ps =\n71 s<\/p>\n\n\n\n<p>Kirist\u00e4\nviimeinen piilosilmukka ja katkaise lanka. P\u00e4\u00e4ttele langanp\u00e4\u00e4.<br><\/p>\n\n\n\n<p><strong>Latvat\u00e4hti<\/strong><\/p>\n\n\n\n<p>T\u00e4hden\nohje on niin ik\u00e4\u00e4n tietyilt\u00e4 osin erilainen kuin alkuper\u00e4inen. Huomaa, ett\u00e4\npiirroksen A.2 yksi sakara on piirroksessa yhden ketjusilmukan verran pidempi\nkuin muut. Allaolevassa ohjeessa ylim\u00e4\u00e4r\u00e4inen ketjusilmukka on j\u00e4tetty pois ymm\u00e4rrett\u00e4vyyden\nja symmetrian vuoksi.<\/p>\n\n\n\n<p>Aloita\ntekem\u00e4ll\u00e4 kiristyssilmukka samoin kuin kuusen k\u00e4rjess\u00e4kin ja jatka virkkausta\nspiraalina.<\/p>\n\n\n\n<p>1.krs&nbsp;&nbsp;&nbsp;&nbsp;&nbsp;&nbsp; 1 kjs, 4 ks kiristyssilmukkaan lankojen\nymp\u00e4rille (ved\u00e4 lopuksi langanp\u00e4\u00e4st\u00e4 lenkki <\/p>\n\n\n\n<p>&nbsp;&nbsp;&nbsp;&nbsp;&nbsp;&nbsp;&nbsp;&nbsp;&nbsp;&nbsp;&nbsp;&nbsp;&nbsp; umpeen), 1 ps aloituksen\nketjusilmukkaan = 5 s<\/p>\n\n\n\n<p>2.krs&nbsp;&nbsp;&nbsp;&nbsp;&nbsp;&nbsp; [4 kjs, k\u00e4\u00e4nny takaisinp\u00e4in ja virkkaa 1\nks kolmanteen ketjusilmukkaan koukusta laskien,<\/p>\n\n\n\n<p>&nbsp;&nbsp;&nbsp;&nbsp;&nbsp;&nbsp;&nbsp;&nbsp;&nbsp;&nbsp;&nbsp;&nbsp;&nbsp; 1 pp, 1 ks ensimm\u00e4isen kerroksen\nkiinte\u00e4\u00e4n silmukkaan] x 4, 4 kjs, k\u00e4\u00e4nny takaisinp\u00e4in ja<\/p>\n\n\n\n<p>&nbsp;&nbsp;&nbsp;&nbsp;&nbsp;&nbsp;&nbsp;&nbsp;&nbsp;&nbsp;&nbsp;&nbsp;&nbsp; virkkaa 1 ks kolmanteen\nketjusilmukkaan koukusta laskien, 1 pp, 1 ps ensimm\u00e4isen<\/p>\n\n\n\n<p>&nbsp;&nbsp;&nbsp;&nbsp;&nbsp;&nbsp;&nbsp;&nbsp;&nbsp;&nbsp;&nbsp;&nbsp;&nbsp; kerroksen lopussa olevaan\npiilosilmukkaan = 5 sakaraa<\/p>\n\n\n\n<p>Katkaise\nlanka. Kiinnit\u00e4 t\u00e4hti kuusenlatvaan ja p\u00e4\u00e4ttele kaikki langanp\u00e4\u00e4t.<\/p>\n\n\n\n<p>Vinkki:\nKoristele kuusi esimerkiksi liimaamalla kuuseen pieni\u00e4, py\u00f6reit\u00e4, punaisia\naskartelukivi\u00e4 joulupalloiksi.<br><\/p>\n\n\n\n<p>Merkkien\nselitykset:<\/p>\n\n\n\n<p>x\n= kiinte\u00e4 silmukka<\/p>\n\n\n\n<p>\u2013\n= ketjusilmukka<\/p>\n\n\n\n<p>neli\u00f6\n= piilosilmukka<\/p>\n\n\n\n<p>pitk\u00e4\nviiva, jossa musta pallo = pylv\u00e4s kjs-kaaren ymp\u00e4rille<\/p>\n\n\n\n<p>pitk\u00e4\nviiva, jossa suora poikkiviiva: pylv\u00e4s<\/p>\n\n\n\n<p>T\n= piirroksessa A.1 kiinte\u00e4 silmukka kjs-kaaren ymp\u00e4rille; piirroksessa A.2\nkiinte\u00e4 silmukka <\/p>\n\n\n\n<p>&nbsp;&nbsp;&nbsp;&nbsp;&nbsp;&nbsp;&nbsp;&nbsp;&nbsp;&nbsp;&nbsp;&nbsp;&nbsp; kiristyssilmukkaan (1.krs) ja\nkiinte\u00e4 silmukka tavallisesti edellisen kerroksen <\/p>\n\n\n\n<p>&nbsp;&nbsp;&nbsp;&nbsp;&nbsp;&nbsp;&nbsp;&nbsp;&nbsp;&nbsp;&nbsp;&nbsp;&nbsp; silmukkaan (2.krs)<\/p>\n\n\n\n<p>Pieni\nt\u00e4hti piirroksessa A.1 merkitsee jo virkattua 16. kerrosta.<\/p>\n\n\n\n<p>Keskiympyr\u00e4\npiirroksessa A.2 merkitsee kiristyssilmukkaa.<\/p>\n\n\n\n<p>V\n= 1. kerroksen alun kjs, johon virkataan 1. kerroksen lopussa 1 ps<\/p>\n\n\n\n<p>musta\npallo = toisen kerroksen lopussa virkattava 1 ps<\/p>\n\n\n\n<p>pitk\u00e4 viiva, jossa vino poikkiviiva = puolipylv\u00e4s ketjusilmukkaan<\/p>\n\n\n\n<figure class=\"wp-block-image size-large\"><img loading=\"lazy\" decoding=\"async\" width=\"300\" height=\"566\" src=\"http:\/\/corpusry.fi\/wp-content\/uploads\/2020\/12\/jokalenteri.png\" alt=\"\" class=\"wp-image-1632\"\/><figcaption><br><\/figcaption><\/figure>\n\n\n\n<p>-Elina Majuri<\/p>\n","protected":false},"excerpt":{"rendered":"<p>Jouluinen kananmunanl\u00e4mmitin Matalan kynnyksen virkkausohje Siev\u00e4 jouluinen lis\u00e4 ruokap\u00f6yt\u00e4\u00e4n! Toimii my\u00f6s koristeena, jos kananmunanl\u00e4mmittimen k\u00e4ytt\u00f6 ei kuulu tapoihisi. Pieni pitsihelmainen kuusi saa sopivan s\u00e4v\u00e4yksen latvat\u00e4hdest\u00e4. Alkuper\u00e4inen ohje l\u00f6ytyy osoitteesta https:\/\/www.garnstudio.com\/pattern.php?id=7298&amp;cid=11. <a href=\"https:\/\/corpusry.fi\/index.php\/2-luukku\/\" class=\"more-link\">[&hellip;]<\/a><\/p>\n","protected":false},"author":14,"featured_media":0,"parent":0,"menu_order":0,"comment_status":"closed","ping_status":"closed","template":"","meta":{"Layout":"","footnotes":""},"class_list":["entry","author-janne-haatyla","post-1629","page","type-page","status-publish"],"_links":{"self":[{"href":"https:\/\/corpusry.fi\/index.php\/wp-json\/wp\/v2\/pages\/1629","targetHints":{"allow":["GET"]}}],"collection":[{"href":"https:\/\/corpusry.fi\/index.php\/wp-json\/wp\/v2\/pages"}],"about":[{"href":"https:\/\/corpusry.fi\/index.php\/wp-json\/wp\/v2\/types\/page"}],"author":[{"embeddable":true,"href":"https:\/\/corpusry.fi\/index.php\/wp-json\/wp\/v2\/users\/14"}],"replies":[{"embeddable":true,"href":"https:\/\/corpusry.fi\/index.php\/wp-json\/wp\/v2\/comments?post=1629"}],"version-history":[{"count":2,"href":"https:\/\/corpusry.fi\/index.php\/wp-json\/wp\/v2\/pages\/1629\/revisions"}],"predecessor-version":[{"id":1633,"href":"https:\/\/corpusry.fi\/index.php\/wp-json\/wp\/v2\/pages\/1629\/revisions\/1633"}],"wp:attachment":[{"href":"https:\/\/corpusry.fi\/index.php\/wp-json\/wp\/v2\/media?parent=1629"}],"curies":[{"name":"wp","href":"https:\/\/api.w.org\/{rel}","templated":true}]}}