{"id":1636,"date":"2020-12-03T09:54:56","date_gmt":"2020-12-03T07:54:56","guid":{"rendered":"https:\/\/corpusry.fi\/?page_id=1636"},"modified":"2020-12-03T09:54:57","modified_gmt":"2020-12-03T07:54:57","slug":"3-luukku","status":"publish","type":"page","link":"https:\/\/corpusry.fi\/index.php\/3-luukku\/","title":{"rendered":"3. luukku"},"content":{"rendered":"\n<p>Kuvissa esiintyy jouluinen Felix-pupu, ja ne on ottanut  Asbj\u00f8rn Kenne. Felixill\u00e4 on my\u00f6s Instagram-tili, jonka l\u00f6yt\u00e4\u00e4 nimell\u00e4  @felixdabunny, jos kaipaa el\u00e4m\u00e4\u00e4ns\u00e4 lis\u00e4\u00e4 pupukuvia. Rauhallista  joulunodotusta, corpuslaiset!<br>Toivottelee, Heta V.  <\/p>\n\n\n\n<figure class=\"wp-block-image size-large\"><img loading=\"lazy\" decoding=\"async\" width=\"1600\" height=\"1063\" src=\"http:\/\/corpusry.fi\/wp-content\/uploads\/2020\/12\/IMG-20201114-WA0011.jpg\" alt=\"\" class=\"wp-image-1638\"\/><\/figure>\n\n\n\n<figure class=\"wp-block-image size-large\"><img loading=\"lazy\" decoding=\"async\" width=\"1600\" height=\"1063\" src=\"http:\/\/corpusry.fi\/wp-content\/uploads\/2020\/12\/IMG-20201114-WA0006.jpg\" alt=\"\" class=\"wp-image-1637\"\/><\/figure>\n\n\n\n<figure class=\"wp-block-image size-large\"><img loading=\"lazy\" decoding=\"async\" width=\"1600\" height=\"1063\" src=\"http:\/\/corpusry.fi\/wp-content\/uploads\/2020\/12\/IMG-20201114-WA0014.jpg\" alt=\"\" class=\"wp-image-1639\"\/><\/figure>\n","protected":false},"excerpt":{"rendered":"<p>Kuvissa esiintyy jouluinen Felix-pupu, ja ne on ottanut Asbj\u00f8rn Kenne. Felixill\u00e4 on my\u00f6s Instagram-tili, jonka l\u00f6yt\u00e4\u00e4 nimell\u00e4 @felixdabunny, jos kaipaa el\u00e4m\u00e4\u00e4ns\u00e4 lis\u00e4\u00e4 pupukuvia. Rauhallista joulunodotusta, corpuslaiset!Toivottelee, Heta V.<\/p>\n","protected":false},"author":14,"featured_media":0,"parent":0,"menu_order":0,"comment_status":"closed","ping_status":"closed","template":"","meta":{"Layout":"","footnotes":""},"class_list":["entry","author-janne-haatyla","post-1636","page","type-page","status-publish"],"_links":{"self":[{"href":"https:\/\/corpusry.fi\/index.php\/wp-json\/wp\/v2\/pages\/1636","targetHints":{"allow":["GET"]}}],"collection":[{"href":"https:\/\/corpusry.fi\/index.php\/wp-json\/wp\/v2\/pages"}],"about":[{"href":"https:\/\/corpusry.fi\/index.php\/wp-json\/wp\/v2\/types\/page"}],"author":[{"embeddable":true,"href":"https:\/\/corpusry.fi\/index.php\/wp-json\/wp\/v2\/users\/14"}],"replies":[{"embeddable":true,"href":"https:\/\/corpusry.fi\/index.php\/wp-json\/wp\/v2\/comments?post=1636"}],"version-history":[{"count":1,"href":"https:\/\/corpusry.fi\/index.php\/wp-json\/wp\/v2\/pages\/1636\/revisions"}],"predecessor-version":[{"id":1640,"href":"https:\/\/corpusry.fi\/index.php\/wp-json\/wp\/v2\/pages\/1636\/revisions\/1640"}],"wp:attachment":[{"href":"https:\/\/corpusry.fi\/index.php\/wp-json\/wp\/v2\/media?parent=1636"}],"curies":[{"name":"wp","href":"https:\/\/api.w.org\/{rel}","templated":true}]}}