{"id":1646,"date":"2020-12-05T14:28:56","date_gmt":"2020-12-05T12:28:56","guid":{"rendered":"https:\/\/corpusry.fi\/?page_id=1646"},"modified":"2020-12-05T14:28:56","modified_gmt":"2020-12-05T12:28:56","slug":"5-luukku","status":"publish","type":"page","link":"https:\/\/corpusry.fi\/index.php\/5-luukku\/","title":{"rendered":"5. luukku"},"content":{"rendered":"\n<p>\nToiveena luova, ekologinen, uniikki ja helppotekoinen jouluntoivotus? Leikerunokortti t\u00e4ytt\u00e4\u00e4 kaikki kriteerisi.<\/p>\n\n\n\n<p>\nTarvitset edellisvuoden joulukortteja (tai muita pohjia), sanomalehti\u00e4\/aikakauslehti\u00e4\/mainoskatalogeja, sakset ja liimapuikon.&nbsp;<\/p>\n\n\n\n<ol class=\"wp-block-list\"><li>Leikkaa lehdist\u00e4 kasa kiehtovia jouluisia\/talvisia sanoja. Tai ehk\u00e4 inspiroidutkin kortin saajasta tai vaikka mustasta joulusta?<\/li><li>Anna  intuition puhua ja sommittele sanoista runo vanhan joulukortin p\u00e4\u00e4lle.  Liimaa sanat korttiin. Edellisvuoden toivotukset saat peittoon  liimaamalla p\u00e4\u00e4lle kivan kuvan tai yksiv\u00e4risen paperin.<\/li><li>Lopputulos voi n\u00e4ytt\u00e4\u00e4 vaikka t\u00e4m\u00e4nsuuntaiselta:<\/li><\/ol>\n\n\n\n<p> <\/p>\n\n\n\n<figure class=\"wp-block-image size-large\"><img loading=\"lazy\" decoding=\"async\" width=\"1600\" height=\"1200\" src=\"http:\/\/corpusry.fi\/wp-content\/uploads\/2020\/12\/unnamed.jpg\" alt=\"\" class=\"wp-image-1647\"\/><\/figure>\n\n\n\n<p><\/p>\n\n\n\n<p> T\u00e4m\u00e4 vanha kaksiosainen joulukortti on avattu kokonaan sel\u00e4lleen,  joten vasemmanpuoleinen kuvitettu takakansikin n\u00e4kyy. Kun annoin kortin  saajalleen, k\u00e4\u00e4nsin kuvapuolet toisiaan vasten ja teippasin kortin  pysym\u00e4\u00e4n kiinni. Jouluntoivotukset kirjoitin suoraan  kanteen ja peitin edellisvuotiset jouluisella kuvalla. Narulla tai  langalla sitominen lahjapaketin tapaan olisi sofistikoituneempi  vaihtoehto!\u00a0<\/p>\n\n\n\n<p> Ohje: Vilma Tammelin <\/p>\n","protected":false},"excerpt":{"rendered":"<p>Toiveena luova, ekologinen, uniikki ja helppotekoinen jouluntoivotus? Leikerunokortti t\u00e4ytt\u00e4\u00e4 kaikki kriteerisi. Tarvitset edellisvuoden joulukortteja (tai muita pohjia), sanomalehti\u00e4\/aikakauslehti\u00e4\/mainoskatalogeja, sakset ja liimapuikon.&nbsp; Leikkaa lehdist\u00e4 kasa kiehtovia jouluisia\/talvisia sanoja. Tai ehk\u00e4 inspiroidutkin <a href=\"https:\/\/corpusry.fi\/index.php\/5-luukku\/\" class=\"more-link\">[&hellip;]<\/a><\/p>\n","protected":false},"author":14,"featured_media":0,"parent":0,"menu_order":0,"comment_status":"closed","ping_status":"closed","template":"","meta":{"Layout":"","footnotes":""},"class_list":["entry","author-janne-haatyla","post-1646","page","type-page","status-publish"],"_links":{"self":[{"href":"https:\/\/corpusry.fi\/index.php\/wp-json\/wp\/v2\/pages\/1646","targetHints":{"allow":["GET"]}}],"collection":[{"href":"https:\/\/corpusry.fi\/index.php\/wp-json\/wp\/v2\/pages"}],"about":[{"href":"https:\/\/corpusry.fi\/index.php\/wp-json\/wp\/v2\/types\/page"}],"author":[{"embeddable":true,"href":"https:\/\/corpusry.fi\/index.php\/wp-json\/wp\/v2\/users\/14"}],"replies":[{"embeddable":true,"href":"https:\/\/corpusry.fi\/index.php\/wp-json\/wp\/v2\/comments?post=1646"}],"version-history":[{"count":1,"href":"https:\/\/corpusry.fi\/index.php\/wp-json\/wp\/v2\/pages\/1646\/revisions"}],"predecessor-version":[{"id":1648,"href":"https:\/\/corpusry.fi\/index.php\/wp-json\/wp\/v2\/pages\/1646\/revisions\/1648"}],"wp:attachment":[{"href":"https:\/\/corpusry.fi\/index.php\/wp-json\/wp\/v2\/media?parent=1646"}],"curies":[{"name":"wp","href":"https:\/\/api.w.org\/{rel}","templated":true}]}}