{"id":1681,"date":"2020-12-11T12:08:58","date_gmt":"2020-12-11T10:08:58","guid":{"rendered":"https:\/\/corpusry.fi\/?page_id=1681"},"modified":"2020-12-11T12:09:23","modified_gmt":"2020-12-11T10:09:23","slug":"11-luukku","status":"publish","type":"page","link":"https:\/\/corpusry.fi\/index.php\/11-luukku\/","title":{"rendered":"11. luukku"},"content":{"rendered":"\n<p> <strong>Vahvistava havukylpy <\/strong><\/p>\n\n\n\n<p>Yhteen kokokylpyyn tarvitaan nelj\u00e4nnes\u00e4mp\u00e4rillinen kuusen- tai m\u00e4nnynhavuja \u2013 yhdest\u00e4 suuresta oksasta saa sopivan m\u00e4\u00e4r\u00e4n havuja. Talvella kylpyaineita voidaan s\u00e4ilytt\u00e4\u00e4 parvekkeella. Havuja haudotaan l\u00e4hes kiehuvassa vedess\u00e4 noin puoli tuntia ja haude lis\u00e4t\u00e4\u00e4n kylpyveteen. Kylpy auttaa flunssaan ja virkist\u00e4\u00e4 \u2013 ja kylpij\u00e4 voi nauttia havumets\u00e4n tunnelmasta omassa kylpyhuoneessaan. <\/p>\n\n\n\n<p><strong>P\u00e4\u00e4ns\u00e4rkyyn vinkkej\u00e4:<\/strong><\/p>\n\n\n\n<p> \u2022 Er\u00e4\u00e4n mummun vinkki p\u00e4\u00e4ns\u00e4rkyyn: viipaloi raakaa perunaa, mene makuulle, laita viipaleet otsalle ja pyyhe niiden p\u00e4\u00e4lle. Helpottaa hetkess\u00e4.<\/p>\n\n\n\n<p> \u2022 Kansanperinteeseen kuuluu my\u00f6s muutaman sekunnin ajan p\u00e4\u00e4n kastaminen kylm\u00e4\u00e4n veteen. N\u00e4in verenkierto vilkastuu ja oireet voivat hetkess\u00e4 h\u00e4vit\u00e4. <\/p>\n\n\n\n<p><em>N\u00e4m\u00e4 ohjeet ovat otettu kirjoista: Kansanl\u00e4\u00e4kint\u00e4seura ry:n Kansanl\u00e4\u00e4kint\u00e4 ja kotikonsteja -kirjasta ja Virpi Raipala-Cormier Luonto\u00e4idin kasvil\u00e4\u00e4kint\u00e4 ja luontaishoidot kotiapteekki -kirjasta<\/em>.<\/p>\n\n\n\n<p>-Oona Suominen<\/p>\n","protected":false},"excerpt":{"rendered":"<p>Vahvistava havukylpy Yhteen kokokylpyyn tarvitaan nelj\u00e4nnes\u00e4mp\u00e4rillinen kuusen- tai m\u00e4nnynhavuja \u2013 yhdest\u00e4 suuresta oksasta saa sopivan m\u00e4\u00e4r\u00e4n havuja. Talvella kylpyaineita voidaan s\u00e4ilytt\u00e4\u00e4 parvekkeella. Havuja haudotaan l\u00e4hes kiehuvassa vedess\u00e4 noin puoli tuntia <a href=\"https:\/\/corpusry.fi\/index.php\/11-luukku\/\" class=\"more-link\">[&hellip;]<\/a><\/p>\n","protected":false},"author":14,"featured_media":0,"parent":0,"menu_order":0,"comment_status":"closed","ping_status":"closed","template":"","meta":{"Layout":"","footnotes":""},"class_list":["entry","author-janne-haatyla","post-1681","page","type-page","status-publish"],"_links":{"self":[{"href":"https:\/\/corpusry.fi\/index.php\/wp-json\/wp\/v2\/pages\/1681","targetHints":{"allow":["GET"]}}],"collection":[{"href":"https:\/\/corpusry.fi\/index.php\/wp-json\/wp\/v2\/pages"}],"about":[{"href":"https:\/\/corpusry.fi\/index.php\/wp-json\/wp\/v2\/types\/page"}],"author":[{"embeddable":true,"href":"https:\/\/corpusry.fi\/index.php\/wp-json\/wp\/v2\/users\/14"}],"replies":[{"embeddable":true,"href":"https:\/\/corpusry.fi\/index.php\/wp-json\/wp\/v2\/comments?post=1681"}],"version-history":[{"count":3,"href":"https:\/\/corpusry.fi\/index.php\/wp-json\/wp\/v2\/pages\/1681\/revisions"}],"predecessor-version":[{"id":1684,"href":"https:\/\/corpusry.fi\/index.php\/wp-json\/wp\/v2\/pages\/1681\/revisions\/1684"}],"wp:attachment":[{"href":"https:\/\/corpusry.fi\/index.php\/wp-json\/wp\/v2\/media?parent=1681"}],"curies":[{"name":"wp","href":"https:\/\/api.w.org\/{rel}","templated":true}]}}