{"id":1715,"date":"2020-12-16T11:25:48","date_gmt":"2020-12-16T09:25:48","guid":{"rendered":"https:\/\/corpusry.fi\/?page_id=1715"},"modified":"2023-03-02T09:12:09","modified_gmt":"2023-03-02T07:12:09","slug":"kuoma","status":"publish","type":"page","link":"https:\/\/corpusry.fi\/index.php\/jasenille\/oppiaineet\/kuoma\/","title":{"rendered":"KUOMA (kulttuuriymp\u00e4rist\u00f6n tutkimuksen maisterikoulutus)"},"content":{"rendered":"\n<p>Kulttuuriymp\u00e4rist\u00f6n tutkimuksen maisterikoulutuksessa (KUOMA) saat mahdollisuuden perehty\u00e4 nelj\u00e4n opintosuunnan &#8211; taidehistorian, taidekasvatuksen, museologian ja nykykulttuurin tutkimuksen &#8211; n\u00e4kemyksiin kulttuuriymp\u00e4rist\u00f6st\u00e4 ja erilaisiin kulttuuriymp\u00e4rist\u00f6ihin. KUOMA kouluttaa maistereita, jotka ovat kriittisi\u00e4 ja laaja-alaisia asiantuntijoita ja tarttuvat kansallisen tai kansainv\u00e4lisen kulttuuriymp\u00e4rist\u00f6alan haasteisiin. KUOMAsta valmistuneena maisterina sinulla on valmiudet ymm\u00e4rt\u00e4\u00e4 kulttuuriymp\u00e4rist\u00f6alan kehittymist\u00e4 ja toimia asiantuntija- tai johtoteht\u00e4viss\u00e4 sen monialaisessa ja haastavissa toimintaymp\u00e4rist\u00f6ss\u00e4.<br><\/p>\n\n\n\n<p>Kulttuuriymp\u00e4rist\u00f6n tutkimuksen maisterikoulutuksesta valmistuvat ty\u00f6llistyv\u00e4t johto- ja asiantuntijateht\u00e4viin valtion, maakuntien, kaupunkien ja kuntien hallinnossa sek\u00e4 yksityisell\u00e4 sektorilla. Opintosuunnan ja erikoisosaamisensa mukaan maisterit ty\u00f6llistyv\u00e4t rakennustutkijoina, taide- ja ymp\u00e4rist\u00f6kasvattajina ja erikoistutkijoina. Yritystoiminnassa maisterit ty\u00f6llistyv\u00e4t kulttuuriperint\u00f6alan digitaalisten sis\u00e4lt\u00f6jen ja palveluiden tuottajina ja kehitt\u00e4jin\u00e4 sek\u00e4 kulttuuriymp\u00e4rist\u00f6alan tutkimus- ja suunnitteluteht\u00e4viss\u00e4. Tutkinto antaa valmiudet tieteellisiin jatko-opintoihin.<\/p>\n\n\n\n<p>Lue tarkemmin KUOMAsta <a href=\"https:\/\/www.jyu.fi\/hytk\/fi\/laitokset\/mutku\/oppiaineet\/kuoma\">t\u00e4\u00e4lt\u00e4<\/a>.<\/p>\n\n\n\n<p><a href=\"https:\/\/opinto-opas.jyu.fi\/2022\/fi\/koulutus\/kulmaisterikou\/\">Kulttuuriymp\u00e4rist\u00f6n tutkimuksen maisteriohjelman OPS<\/a><\/p>\n","protected":false},"excerpt":{"rendered":"<p>Kulttuuriymp\u00e4rist\u00f6n tutkimuksen maisterikoulutuksessa (KUOMA) saat mahdollisuuden perehty\u00e4 nelj\u00e4n opintosuunnan &#8211; taidehistorian, taidekasvatuksen, museologian ja nykykulttuurin tutkimuksen &#8211; n\u00e4kemyksiin kulttuuriymp\u00e4rist\u00f6st\u00e4 ja erilaisiin kulttuuriymp\u00e4rist\u00f6ihin. KUOMA kouluttaa maistereita, jotka ovat kriittisi\u00e4 ja laaja-alaisia <a href=\"https:\/\/corpusry.fi\/index.php\/jasenille\/oppiaineet\/kuoma\/\" class=\"more-link\">[&hellip;]<\/a><\/p>\n","protected":false},"author":14,"featured_media":0,"parent":108,"menu_order":0,"comment_status":"closed","ping_status":"closed","template":"","meta":{"Layout":"","footnotes":""},"class_list":["entry","author-janne-haatyla","post-1715","page","type-page","status-publish"],"_links":{"self":[{"href":"https:\/\/corpusry.fi\/index.php\/wp-json\/wp\/v2\/pages\/1715","targetHints":{"allow":["GET"]}}],"collection":[{"href":"https:\/\/corpusry.fi\/index.php\/wp-json\/wp\/v2\/pages"}],"about":[{"href":"https:\/\/corpusry.fi\/index.php\/wp-json\/wp\/v2\/types\/page"}],"author":[{"embeddable":true,"href":"https:\/\/corpusry.fi\/index.php\/wp-json\/wp\/v2\/users\/14"}],"replies":[{"embeddable":true,"href":"https:\/\/corpusry.fi\/index.php\/wp-json\/wp\/v2\/comments?post=1715"}],"version-history":[{"count":3,"href":"https:\/\/corpusry.fi\/index.php\/wp-json\/wp\/v2\/pages\/1715\/revisions"}],"predecessor-version":[{"id":2214,"href":"https:\/\/corpusry.fi\/index.php\/wp-json\/wp\/v2\/pages\/1715\/revisions\/2214"}],"up":[{"embeddable":true,"href":"https:\/\/corpusry.fi\/index.php\/wp-json\/wp\/v2\/pages\/108"}],"wp:attachment":[{"href":"https:\/\/corpusry.fi\/index.php\/wp-json\/wp\/v2\/media?parent=1715"}],"curies":[{"name":"wp","href":"https:\/\/api.w.org\/{rel}","templated":true}]}}