{"id":1751,"date":"2020-12-18T10:53:04","date_gmt":"2020-12-18T08:53:04","guid":{"rendered":"https:\/\/corpusry.fi\/?page_id=1751"},"modified":"2020-12-18T10:53:05","modified_gmt":"2020-12-18T08:53:05","slug":"18-luukku","status":"publish","type":"page","link":"https:\/\/corpusry.fi\/index.php\/18-luukku\/","title":{"rendered":"18. luukku"},"content":{"rendered":"\n<p><strong> Joulun viettoa tonttujen matkassa <\/strong><\/p>\n\n\n\n<p>Jo 1400 -luvulla on uskottu taikaolentoihin, jotka suojelivat kotia.Kodinhaltijan, eli tontun, n\u00e4keminen saattoi olla vaikeaa, koska se osasi muuttua n\u00e4kym\u00e4tt\u00f6m\u00e4ksi. <\/p>\n\n\n\n<p>Ihminen rakensi talonsa pihalle, jonne kotitonttu asettui asumaan. Tontusta tuli talon henki, joka piti huolta talosta. Talon henki kuvasti paikan luonnetta. Ihmisen asuessa talossa, muodostui tontun ja ihmisen v\u00e4lille erityinen suhde. Kun paikasta tuli tuttu ihmiselle, muuttui se kotoisaksi. Suomenruotsalaisilla on ollut tapana sanoa \u201cHyv\u00e4\u00e4 p\u00e4iv\u00e4\u00e4\u201d tai \u201cHyv\u00e4\u00e4 iltaa\u201d kotiin eli tupaan, navettaan tai saunaan ment\u00e4ess\u00e4. T\u00e4m\u00e4 on ollut tapana Ruotsissa ja Norjassa. <\/p>\n\n\n\n<p>Aidalla suljettu piha koostui usein erilaisista rakennuksista. Mit\u00e4 enemm\u00e4n rakennuksia pihassa oli, sit\u00e4 vaikeampi yhden tontun oli pit\u00e4\u00e4 huolta koko pihasta. Sen takia tarvittiin erilaisia tonttuja. Jokaisessa pihan rakennuksessa saattoi olla oma tonttu. Talon tonttu kulki pihassa ja tarkisti, ett\u00e4 paikat olivat kunnossa. Navettatonttu oli navetassa ja huolehti siell\u00e4, ett\u00e4 kaikki oli el\u00e4imill\u00e4 niin kuin pit\u00e4\u00e4. Riihitonttu vahti riihess\u00e4 viljaa ja piti viljan kuivana. Saunatonttu huolehti saunasta. My\u00f6hemmin tuli viel\u00e4 joulutonttu. <\/p>\n\n\n\n<p>Tontut eiv\u00e4t voineet siet\u00e4\u00e4 ep\u00e4j\u00e4rjestyst\u00e4. Talossa piti el\u00e4\u00e4 siististi ja kohtuullisesti. Esimerkiksi saunatonttu vahti, ettei saunassa meluttu. Piti k\u00e4ytt\u00e4yty\u00e4 kiltisti ja kunnolla. Tontut opettivat, ett\u00e4 ihmisten pit\u00e4\u00e4 ottaa toiset ihmiset huomioon. Ihmisill\u00e4 oli tapana laittaa ruokaa tontulle aina tiettyyn paikkaan, jotta tonttu pysyi tyytyv\u00e4isen\u00e4. <\/p>\n\n\n\n<p>Tonttu saattoi kiitt\u00e4\u00e4 asukasta, jos sit\u00e4 kohteli hyvin. Esimerkiksi tottu pystyi varoittamaan ihmist\u00e4 onnettomuuksista. Jos ihminen piti kesken y\u00f6t\u00e4 her\u00e4tt\u00e4\u00e4, pystyi tonttu pit\u00e4m\u00e4\u00e4n \u00e4\u00e4nt\u00e4, kunnes ihminen her\u00e4si. <\/p>\n\n\n\n<p>Ihmisen piti olla kunnolla, sill\u00e4 oli my\u00f6s mahdollista, ett\u00e4 tonttu saattoi loukkaantua huonosta kohtelusta. Loukattu tonttu muutti pahimmassa tapauksessa pois. L\u00e4hd\u00f6n aikana tonttu saattoi jopa tehd\u00e4 tihut\u00f6it\u00e4 ja kostaa ihmiselle ennen l\u00e4ht\u00f6\u00e4\u00e4n, esimerkiksi sytytt\u00e4\u00e4 tulipalon. Sen j\u00e4lkeen ei tonttu ollut en\u00e4\u00e4 huolehtimassa pihasta ja varoittamassa asukkaita onnettomuuksista. Piha oli sen j\u00e4lkeen onnettomuuksille altis. <\/p>\n\n\n\n<p><em>(Kirjoitin t\u00e4m\u00e4n tekstin Turun Luostarinm\u00e4elle museoon vuonna 2018. Teksti\u00e4 tehdess\u00e4 oli minulla ainakin Eero Ojasen ja Sirkku Linnean Suomalaiset taruolennot -kirja ja Johan Egerkransin Pohjoismaiset taruolennot -kirja apuna.)<\/em><\/p>\n\n\n\n<p>&#8211; Oona Suominen<\/p>\n","protected":false},"excerpt":{"rendered":"<p>Joulun viettoa tonttujen matkassa Jo 1400 -luvulla on uskottu taikaolentoihin, jotka suojelivat kotia.Kodinhaltijan, eli tontun, n\u00e4keminen saattoi olla vaikeaa, koska se osasi muuttua n\u00e4kym\u00e4tt\u00f6m\u00e4ksi. Ihminen rakensi talonsa pihalle, jonne kotitonttu <a href=\"https:\/\/corpusry.fi\/index.php\/18-luukku\/\" class=\"more-link\">[&hellip;]<\/a><\/p>\n","protected":false},"author":14,"featured_media":0,"parent":0,"menu_order":0,"comment_status":"closed","ping_status":"closed","template":"","meta":{"Layout":"","footnotes":""},"class_list":["entry","author-janne-haatyla","post-1751","page","type-page","status-publish"],"_links":{"self":[{"href":"https:\/\/corpusry.fi\/index.php\/wp-json\/wp\/v2\/pages\/1751","targetHints":{"allow":["GET"]}}],"collection":[{"href":"https:\/\/corpusry.fi\/index.php\/wp-json\/wp\/v2\/pages"}],"about":[{"href":"https:\/\/corpusry.fi\/index.php\/wp-json\/wp\/v2\/types\/page"}],"author":[{"embeddable":true,"href":"https:\/\/corpusry.fi\/index.php\/wp-json\/wp\/v2\/users\/14"}],"replies":[{"embeddable":true,"href":"https:\/\/corpusry.fi\/index.php\/wp-json\/wp\/v2\/comments?post=1751"}],"version-history":[{"count":1,"href":"https:\/\/corpusry.fi\/index.php\/wp-json\/wp\/v2\/pages\/1751\/revisions"}],"predecessor-version":[{"id":1752,"href":"https:\/\/corpusry.fi\/index.php\/wp-json\/wp\/v2\/pages\/1751\/revisions\/1752"}],"wp:attachment":[{"href":"https:\/\/corpusry.fi\/index.php\/wp-json\/wp\/v2\/media?parent=1751"}],"curies":[{"name":"wp","href":"https:\/\/api.w.org\/{rel}","templated":true}]}}