{"id":1818,"date":"2021-12-01T14:37:56","date_gmt":"2021-12-01T12:37:56","guid":{"rendered":"https:\/\/corpusry.fi\/?page_id=1818"},"modified":"2021-12-01T14:37:56","modified_gmt":"2021-12-01T12:37:56","slug":"1-luukku-2","status":"publish","type":"page","link":"https:\/\/corpusry.fi\/index.php\/1-luukku-2\/","title":{"rendered":"1. Luukku"},"content":{"rendered":"\n<div class=\"wp-block-media-text alignwide is-stacked-on-mobile\"><figure class=\"wp-block-media-text__media\"><img loading=\"lazy\" decoding=\"async\" width=\"1024\" height=\"768\" src=\"https:\/\/corpusry.fi\/wp-content\/uploads\/2021\/12\/IMG_2195-2.jpeg\" alt=\"\" class=\"wp-image-1819 size-full\" srcset=\"https:\/\/corpusry.fi\/wp-content\/uploads\/2021\/12\/IMG_2195-2.jpeg 1024w, https:\/\/corpusry.fi\/wp-content\/uploads\/2021\/12\/IMG_2195-2-300x225.jpeg 300w, https:\/\/corpusry.fi\/wp-content\/uploads\/2021\/12\/IMG_2195-2-768x576.jpeg 768w, https:\/\/corpusry.fi\/wp-content\/uploads\/2021\/12\/IMG_2195-2-175x131.jpeg 175w, https:\/\/corpusry.fi\/wp-content\/uploads\/2021\/12\/IMG_2195-2-667x500.jpeg 667w\" sizes=\"auto, (max-width: 1024px) 100vw, 1024px\" \/><\/figure><div class=\"wp-block-media-text__content\">\n<p style=\"font-size:12px\">Joulukuu on alkanut oikein lumisissa ja hyyt\u00e4viss\u00e4 olosuhteissa, joten mik\u00e4 sen parempaa kuin polkaista joulukalenteri k\u00e4yntiin kuvalla kahdesta ihanasta lumienkelist\u00e4 Tourujoen puistossa. <\/p>\n\n\n\n<p style=\"font-size:12px\">Saatetekstin\u00e4 t\u00e4h\u00e4n kuvaan sain: <\/p>\n\n\n\n<p style=\"font-size:12px\"><em>&#8221;Naaga kontent by rebekka ja kalle&#8221;<\/em><\/p>\n\n\n\n<p><\/p>\n\n\n\n<p><\/p>\n\n\n\n<p><\/p>\n<\/div><\/div>\n\n\n\n<p style=\"font-size:11px\">\u00a9 Rebekka &amp; Kalle <\/p>\n","protected":false},"excerpt":{"rendered":"<p>Joulukuu on alkanut oikein lumisissa ja hyyt\u00e4viss\u00e4 olosuhteissa, joten mik\u00e4 sen parempaa kuin polkaista joulukalenteri k\u00e4yntiin kuvalla kahdesta ihanasta lumienkelist\u00e4 Tourujoen puistossa. Saatetekstin\u00e4 t\u00e4h\u00e4n kuvaan sain: &#8221;Naaga kontent by rebekka <a href=\"https:\/\/corpusry.fi\/index.php\/1-luukku-2\/\" class=\"more-link\">[&hellip;]<\/a><\/p>\n","protected":false},"author":19,"featured_media":0,"parent":0,"menu_order":0,"comment_status":"closed","ping_status":"closed","template":"","meta":{"Layout":"","footnotes":""},"class_list":["entry","author-snupponen","post-1818","page","type-page","status-publish"],"_links":{"self":[{"href":"https:\/\/corpusry.fi\/index.php\/wp-json\/wp\/v2\/pages\/1818","targetHints":{"allow":["GET"]}}],"collection":[{"href":"https:\/\/corpusry.fi\/index.php\/wp-json\/wp\/v2\/pages"}],"about":[{"href":"https:\/\/corpusry.fi\/index.php\/wp-json\/wp\/v2\/types\/page"}],"author":[{"embeddable":true,"href":"https:\/\/corpusry.fi\/index.php\/wp-json\/wp\/v2\/users\/19"}],"replies":[{"embeddable":true,"href":"https:\/\/corpusry.fi\/index.php\/wp-json\/wp\/v2\/comments?post=1818"}],"version-history":[{"count":7,"href":"https:\/\/corpusry.fi\/index.php\/wp-json\/wp\/v2\/pages\/1818\/revisions"}],"predecessor-version":[{"id":1826,"href":"https:\/\/corpusry.fi\/index.php\/wp-json\/wp\/v2\/pages\/1818\/revisions\/1826"}],"wp:attachment":[{"href":"https:\/\/corpusry.fi\/index.php\/wp-json\/wp\/v2\/media?parent=1818"}],"curies":[{"name":"wp","href":"https:\/\/api.w.org\/{rel}","templated":true}]}}