{"id":1828,"date":"2021-12-02T12:38:47","date_gmt":"2021-12-02T10:38:47","guid":{"rendered":"https:\/\/corpusry.fi\/?page_id=1828"},"modified":"2021-12-02T12:38:47","modified_gmt":"2021-12-02T10:38:47","slug":"2-luukku-2","status":"publish","type":"page","link":"https:\/\/corpusry.fi\/index.php\/2-luukku-2\/","title":{"rendered":"2. Luukku"},"content":{"rendered":"\n<p><em>Ala-asteella kirjoittamani joulutarina sopinee corpuslaisen jouluisaksi iltasaduksi. Toivottavasti tarinan j\u00e4nnitt\u00e4v\u00e4t k\u00e4\u00e4nteet eiv\u00e4t kuitenkaan vie y\u00f6uniasi. Tarinan nimi on Joulun Ihme ja se menee kutakuinkin n\u00e4in:<\/em><\/p>\n\n\n\n<p>Iida her\u00e4si aamulla. H\u00e4n juoksi avaamaan joulukalenterinsa. Kuvassa oli tonttu. H\u00e4n muisti, ett\u00e4 h\u00e4nen piti tehd\u00e4 lahja Sellisen vaarille, koska Iida uskoi siihen, ett\u00e4 vaari oli tonttu. Iida tiesi jo mit\u00e4 tekisi: kauniin kaulahuivin. H\u00e4n oli jo aloittanut tekem\u00e4\u00e4n sit\u00e4. Se oli jo valmis. En\u00e4\u00e4 tupsut, niin Iida voisi paketoida sen. Huomenna olisi aatto. Illalla, kun Iidan perhe oli mennyt nukkumaan, h\u00e4n l\u00e4hti. Kun Iida p\u00e4\u00e4si vaarin ovelle, ovi singahti auki. Iida meni sis\u00e4\u00e4n ja ovi meni kiinni. H\u00e4n n\u00e4kee vaarin, joka on kuin onkin tonttu. Iida antoi lahjan. He meniv\u00e4t ulos. Pihalla leiskui revontulet. T\u00e4htis\u00e4de lensi taivaalla. Se oli pukki. Ovella oli lahja Iidalle.Siin\u00e4 oli kauniit lapaset.<\/p>\n\n\n\n<p><em>Sen pituinen se. Hyv\u00e4\u00e4 joulun odotusta kaikille kanssa opiskelijoille toivottaa nelj\u00e4nnen vuoden kanditon taidehissalainen Peppilotta J.<\/em><\/p>\n","protected":false},"excerpt":{"rendered":"<p>Ala-asteella kirjoittamani joulutarina sopinee corpuslaisen jouluisaksi iltasaduksi. Toivottavasti tarinan j\u00e4nnitt\u00e4v\u00e4t k\u00e4\u00e4nteet eiv\u00e4t kuitenkaan vie y\u00f6uniasi. Tarinan nimi on Joulun Ihme ja se menee kutakuinkin n\u00e4in: Iida her\u00e4si aamulla. H\u00e4n juoksi <a href=\"https:\/\/corpusry.fi\/index.php\/2-luukku-2\/\" class=\"more-link\">[&hellip;]<\/a><\/p>\n","protected":false},"author":19,"featured_media":0,"parent":0,"menu_order":0,"comment_status":"closed","ping_status":"closed","template":"","meta":{"Layout":"","footnotes":""},"class_list":["entry","author-snupponen","post-1828","page","type-page","status-publish"],"_links":{"self":[{"href":"https:\/\/corpusry.fi\/index.php\/wp-json\/wp\/v2\/pages\/1828","targetHints":{"allow":["GET"]}}],"collection":[{"href":"https:\/\/corpusry.fi\/index.php\/wp-json\/wp\/v2\/pages"}],"about":[{"href":"https:\/\/corpusry.fi\/index.php\/wp-json\/wp\/v2\/types\/page"}],"author":[{"embeddable":true,"href":"https:\/\/corpusry.fi\/index.php\/wp-json\/wp\/v2\/users\/19"}],"replies":[{"embeddable":true,"href":"https:\/\/corpusry.fi\/index.php\/wp-json\/wp\/v2\/comments?post=1828"}],"version-history":[{"count":2,"href":"https:\/\/corpusry.fi\/index.php\/wp-json\/wp\/v2\/pages\/1828\/revisions"}],"predecessor-version":[{"id":1830,"href":"https:\/\/corpusry.fi\/index.php\/wp-json\/wp\/v2\/pages\/1828\/revisions\/1830"}],"wp:attachment":[{"href":"https:\/\/corpusry.fi\/index.php\/wp-json\/wp\/v2\/media?parent=1828"}],"curies":[{"name":"wp","href":"https:\/\/api.w.org\/{rel}","templated":true}]}}