{"id":1844,"date":"2021-12-04T10:46:37","date_gmt":"2021-12-04T08:46:37","guid":{"rendered":"https:\/\/corpusry.fi\/?page_id=1844"},"modified":"2021-12-04T10:46:37","modified_gmt":"2021-12-04T08:46:37","slug":"4-luukku-2","status":"publish","type":"page","link":"https:\/\/corpusry.fi\/index.php\/4-luukku-2\/","title":{"rendered":"4. Luukku"},"content":{"rendered":"\n<p>T\u00e4n\u00e4\u00e4n vuorossa Nannan mahtava joulubiisi!!<\/p>\n\n\n\n<figure class=\"wp-block-audio\"><audio controls src=\"https:\/\/corpusry.fi\/wp-content\/uploads\/2021\/12\/JOULUBIISI.mp3\"><\/audio><\/figure>\n","protected":false},"excerpt":{"rendered":"<p>T\u00e4n\u00e4\u00e4n vuorossa Nannan mahtava joulubiisi!!<\/p>\n","protected":false},"author":19,"featured_media":0,"parent":0,"menu_order":0,"comment_status":"closed","ping_status":"closed","template":"","meta":{"Layout":"","footnotes":""},"class_list":["entry","author-snupponen","post-1844","page","type-page","status-publish"],"_links":{"self":[{"href":"https:\/\/corpusry.fi\/index.php\/wp-json\/wp\/v2\/pages\/1844","targetHints":{"allow":["GET"]}}],"collection":[{"href":"https:\/\/corpusry.fi\/index.php\/wp-json\/wp\/v2\/pages"}],"about":[{"href":"https:\/\/corpusry.fi\/index.php\/wp-json\/wp\/v2\/types\/page"}],"author":[{"embeddable":true,"href":"https:\/\/corpusry.fi\/index.php\/wp-json\/wp\/v2\/users\/19"}],"replies":[{"embeddable":true,"href":"https:\/\/corpusry.fi\/index.php\/wp-json\/wp\/v2\/comments?post=1844"}],"version-history":[{"count":1,"href":"https:\/\/corpusry.fi\/index.php\/wp-json\/wp\/v2\/pages\/1844\/revisions"}],"predecessor-version":[{"id":1846,"href":"https:\/\/corpusry.fi\/index.php\/wp-json\/wp\/v2\/pages\/1844\/revisions\/1846"}],"wp:attachment":[{"href":"https:\/\/corpusry.fi\/index.php\/wp-json\/wp\/v2\/media?parent=1844"}],"curies":[{"name":"wp","href":"https:\/\/api.w.org\/{rel}","templated":true}]}}