{"id":1848,"date":"2021-12-05T13:56:03","date_gmt":"2021-12-05T11:56:03","guid":{"rendered":"https:\/\/corpusry.fi\/?page_id=1848"},"modified":"2021-12-05T13:56:03","modified_gmt":"2021-12-05T11:56:03","slug":"5-luukku-2","status":"publish","type":"page","link":"https:\/\/corpusry.fi\/index.php\/5-luukku-2\/","title":{"rendered":"5. Luukku"},"content":{"rendered":"\n<p>K\u00e4ss\u00e4kerhon joulukortti <\/p>\n\n\n\n<p>T\u00e4m\u00e4 kuvankaunis kortti syntyi K\u00e4ss\u00e4kerhon pikkujouluissa ja kertoo kaiken oleellisen joulun ihmeest\u00e4, sek\u00e4 k\u00e4ss\u00e4kerhon fiiliksist\u00e4 vuoden l\u00e4hestyess\u00e4 loppuaan. Hauskaa joulua kaikille Corpuslaisille\u00a0(+ <strong>Christiano Ronaldolle<\/strong>) \ud83d\ude42<\/p>\n\n\n\n<figure class=\"wp-block-image size-large\"><img loading=\"lazy\" decoding=\"async\" width=\"724\" height=\"1024\" src=\"https:\/\/corpusry.fi\/wp-content\/uploads\/2021\/12\/IMG_20211202_180548-724x1024.jpg\" alt=\"\" class=\"wp-image-1849\" srcset=\"https:\/\/corpusry.fi\/wp-content\/uploads\/2021\/12\/IMG_20211202_180548-724x1024.jpg 724w, https:\/\/corpusry.fi\/wp-content\/uploads\/2021\/12\/IMG_20211202_180548-212x300.jpg 212w, https:\/\/corpusry.fi\/wp-content\/uploads\/2021\/12\/IMG_20211202_180548-768x1086.jpg 768w, https:\/\/corpusry.fi\/wp-content\/uploads\/2021\/12\/IMG_20211202_180548-1086x1536.jpg 1086w, https:\/\/corpusry.fi\/wp-content\/uploads\/2021\/12\/IMG_20211202_180548-1448x2048.jpg 1448w, https:\/\/corpusry.fi\/wp-content\/uploads\/2021\/12\/IMG_20211202_180548-354x500.jpg 354w, https:\/\/corpusry.fi\/wp-content\/uploads\/2021\/12\/IMG_20211202_180548-scaled.jpg 1810w\" sizes=\"auto, (max-width: 724px) 100vw, 724px\" \/><\/figure>\n","protected":false},"excerpt":{"rendered":"<p>K\u00e4ss\u00e4kerhon joulukortti T\u00e4m\u00e4 kuvankaunis kortti syntyi K\u00e4ss\u00e4kerhon pikkujouluissa ja kertoo kaiken oleellisen joulun ihmeest\u00e4, sek\u00e4 k\u00e4ss\u00e4kerhon fiiliksist\u00e4 vuoden l\u00e4hestyess\u00e4 loppuaan. Hauskaa joulua kaikille Corpuslaisille\u00a0(+ Christiano Ronaldolle) \ud83d\ude42<\/p>\n","protected":false},"author":19,"featured_media":0,"parent":0,"menu_order":0,"comment_status":"closed","ping_status":"closed","template":"","meta":{"Layout":"","footnotes":""},"class_list":["entry","author-snupponen","post-1848","page","type-page","status-publish"],"_links":{"self":[{"href":"https:\/\/corpusry.fi\/index.php\/wp-json\/wp\/v2\/pages\/1848","targetHints":{"allow":["GET"]}}],"collection":[{"href":"https:\/\/corpusry.fi\/index.php\/wp-json\/wp\/v2\/pages"}],"about":[{"href":"https:\/\/corpusry.fi\/index.php\/wp-json\/wp\/v2\/types\/page"}],"author":[{"embeddable":true,"href":"https:\/\/corpusry.fi\/index.php\/wp-json\/wp\/v2\/users\/19"}],"replies":[{"embeddable":true,"href":"https:\/\/corpusry.fi\/index.php\/wp-json\/wp\/v2\/comments?post=1848"}],"version-history":[{"count":2,"href":"https:\/\/corpusry.fi\/index.php\/wp-json\/wp\/v2\/pages\/1848\/revisions"}],"predecessor-version":[{"id":1851,"href":"https:\/\/corpusry.fi\/index.php\/wp-json\/wp\/v2\/pages\/1848\/revisions\/1851"}],"wp:attachment":[{"href":"https:\/\/corpusry.fi\/index.php\/wp-json\/wp\/v2\/media?parent=1848"}],"curies":[{"name":"wp","href":"https:\/\/api.w.org\/{rel}","templated":true}]}}