{"id":1854,"date":"2021-12-06T11:55:09","date_gmt":"2021-12-06T09:55:09","guid":{"rendered":"https:\/\/corpusry.fi\/?page_id=1854"},"modified":"2021-12-06T11:55:09","modified_gmt":"2021-12-06T09:55:09","slug":"6-luukku-2","status":"publish","type":"page","link":"https:\/\/corpusry.fi\/index.php\/6-luukku-2\/","title":{"rendered":"6. Luukku"},"content":{"rendered":"\n<p>Meik\u00e4 mun lemppari emojikombona <\/p>\n\n\n\n<figure class=\"wp-block-video\"><video height=\"1080\" style=\"aspect-ratio: 1920 \/ 1080;\" width=\"1920\" controls src=\"https:\/\/corpusry.fi\/wp-content\/uploads\/2021\/12\/joulukalenteriluukku.mp4\"><\/video><\/figure>\n\n\n\n<p>Hyv\u00e4\u00e4 itsen\u00e4isyysp\u00e4iv\u00e4\u00e4! \ud83d\ude42<\/p>\n\n\n\n<p>Omistettu veteraaneille ja kotirintamalle<\/p>\n\n\n\n<p>&#8211; Valentin<\/p>\n","protected":false},"excerpt":{"rendered":"<p>Meik\u00e4 mun lemppari emojikombona Hyv\u00e4\u00e4 itsen\u00e4isyysp\u00e4iv\u00e4\u00e4! \ud83d\ude42 Omistettu veteraaneille ja kotirintamalle &#8211; Valentin<\/p>\n","protected":false},"author":19,"featured_media":0,"parent":0,"menu_order":0,"comment_status":"closed","ping_status":"closed","template":"","meta":{"Layout":"","footnotes":""},"class_list":["entry","author-snupponen","post-1854","page","type-page","status-publish"],"_links":{"self":[{"href":"https:\/\/corpusry.fi\/index.php\/wp-json\/wp\/v2\/pages\/1854","targetHints":{"allow":["GET"]}}],"collection":[{"href":"https:\/\/corpusry.fi\/index.php\/wp-json\/wp\/v2\/pages"}],"about":[{"href":"https:\/\/corpusry.fi\/index.php\/wp-json\/wp\/v2\/types\/page"}],"author":[{"embeddable":true,"href":"https:\/\/corpusry.fi\/index.php\/wp-json\/wp\/v2\/users\/19"}],"replies":[{"embeddable":true,"href":"https:\/\/corpusry.fi\/index.php\/wp-json\/wp\/v2\/comments?post=1854"}],"version-history":[{"count":2,"href":"https:\/\/corpusry.fi\/index.php\/wp-json\/wp\/v2\/pages\/1854\/revisions"}],"predecessor-version":[{"id":1857,"href":"https:\/\/corpusry.fi\/index.php\/wp-json\/wp\/v2\/pages\/1854\/revisions\/1857"}],"wp:attachment":[{"href":"https:\/\/corpusry.fi\/index.php\/wp-json\/wp\/v2\/media?parent=1854"}],"curies":[{"name":"wp","href":"https:\/\/api.w.org\/{rel}","templated":true}]}}