{"id":1875,"date":"2021-12-09T12:39:06","date_gmt":"2021-12-09T10:39:06","guid":{"rendered":"https:\/\/corpusry.fi\/?page_id=1875"},"modified":"2021-12-09T12:39:06","modified_gmt":"2021-12-09T10:39:06","slug":"9-luukku","status":"publish","type":"page","link":"https:\/\/corpusry.fi\/index.php\/9-luukku\/","title":{"rendered":"9. Luukku"},"content":{"rendered":"\n<p>Samuelin rebr\u00e4nd\u00e4ys ikonisista Juhlap\u00f6yd\u00e4n konvehdeista.<\/p>\n\n\n\n<p>&#8221;<em>Juhlap\u00f6yd\u00e4n konflikteja, sill\u00e4 ei ole joulurauhaa ilman yht\u00e4 perheriitaa<\/em>&#8221;<\/p>\n\n\n\n<figure class=\"wp-block-image size-large\"><img loading=\"lazy\" decoding=\"async\" width=\"686\" height=\"1024\" src=\"https:\/\/corpusry.fi\/wp-content\/uploads\/2021\/12\/juhlapo\u0308yda\u0308n-konflikteja-1-686x1024.jpg\" alt=\"\" class=\"wp-image-1878\" srcset=\"https:\/\/corpusry.fi\/wp-content\/uploads\/2021\/12\/juhlapo\u0308yda\u0308n-konflikteja-1-686x1024.jpg 686w, https:\/\/corpusry.fi\/wp-content\/uploads\/2021\/12\/juhlapo\u0308yda\u0308n-konflikteja-1-201x300.jpg 201w, https:\/\/corpusry.fi\/wp-content\/uploads\/2021\/12\/juhlapo\u0308yda\u0308n-konflikteja-1-768x1146.jpg 768w, https:\/\/corpusry.fi\/wp-content\/uploads\/2021\/12\/juhlapo\u0308yda\u0308n-konflikteja-1-1029x1536.jpg 1029w, https:\/\/corpusry.fi\/wp-content\/uploads\/2021\/12\/juhlapo\u0308yda\u0308n-konflikteja-1-1372x2048.jpg 1372w, https:\/\/corpusry.fi\/wp-content\/uploads\/2021\/12\/juhlapo\u0308yda\u0308n-konflikteja-1-335x500.jpg 335w, https:\/\/corpusry.fi\/wp-content\/uploads\/2021\/12\/juhlapo\u0308yda\u0308n-konflikteja-1-scaled.jpg 1715w\" sizes=\"auto, (max-width: 686px) 100vw, 686px\" \/><\/figure>\n","protected":false},"excerpt":{"rendered":"<p>Samuelin rebr\u00e4nd\u00e4ys ikonisista Juhlap\u00f6yd\u00e4n konvehdeista. &#8221;Juhlap\u00f6yd\u00e4n konflikteja, sill\u00e4 ei ole joulurauhaa ilman yht\u00e4 perheriitaa&#8221;<\/p>\n","protected":false},"author":19,"featured_media":0,"parent":0,"menu_order":0,"comment_status":"closed","ping_status":"closed","template":"","meta":{"Layout":"","footnotes":""},"class_list":["entry","author-snupponen","post-1875","page","type-page","status-publish"],"_links":{"self":[{"href":"https:\/\/corpusry.fi\/index.php\/wp-json\/wp\/v2\/pages\/1875","targetHints":{"allow":["GET"]}}],"collection":[{"href":"https:\/\/corpusry.fi\/index.php\/wp-json\/wp\/v2\/pages"}],"about":[{"href":"https:\/\/corpusry.fi\/index.php\/wp-json\/wp\/v2\/types\/page"}],"author":[{"embeddable":true,"href":"https:\/\/corpusry.fi\/index.php\/wp-json\/wp\/v2\/users\/19"}],"replies":[{"embeddable":true,"href":"https:\/\/corpusry.fi\/index.php\/wp-json\/wp\/v2\/comments?post=1875"}],"version-history":[{"count":1,"href":"https:\/\/corpusry.fi\/index.php\/wp-json\/wp\/v2\/pages\/1875\/revisions"}],"predecessor-version":[{"id":1879,"href":"https:\/\/corpusry.fi\/index.php\/wp-json\/wp\/v2\/pages\/1875\/revisions\/1879"}],"wp:attachment":[{"href":"https:\/\/corpusry.fi\/index.php\/wp-json\/wp\/v2\/media?parent=1875"}],"curies":[{"name":"wp","href":"https:\/\/api.w.org\/{rel}","templated":true}]}}