{"id":1881,"date":"2021-12-10T12:05:34","date_gmt":"2021-12-10T10:05:34","guid":{"rendered":"https:\/\/corpusry.fi\/?page_id=1881"},"modified":"2021-12-10T12:05:34","modified_gmt":"2021-12-10T10:05:34","slug":"10-luukku-2","status":"publish","type":"page","link":"https:\/\/corpusry.fi\/index.php\/10-luukku-2\/","title":{"rendered":"10. Luukku"},"content":{"rendered":"\n<p>Joulupuggi tuli k\u00e4ym\u00e4\u00e4n, (best!!!), kantsii muuten muistella Joulupukki-biisu ulkoa! &lt;33<br><\/p>\n\n\n\n<p>terkuin, <\/p>\n\n\n\n<p>makkispekkis<\/p>\n\n\n\n<figure class=\"wp-block-image size-large\"><img loading=\"lazy\" decoding=\"async\" width=\"768\" height=\"1024\" src=\"https:\/\/corpusry.fi\/wp-content\/uploads\/2021\/12\/F0613DC4-9C08-49D4-9494-EAA7EA3D80F5-768x1024.jpeg\" alt=\"\" class=\"wp-image-1882\" srcset=\"https:\/\/corpusry.fi\/wp-content\/uploads\/2021\/12\/F0613DC4-9C08-49D4-9494-EAA7EA3D80F5-768x1024.jpeg 768w, https:\/\/corpusry.fi\/wp-content\/uploads\/2021\/12\/F0613DC4-9C08-49D4-9494-EAA7EA3D80F5-225x300.jpeg 225w, https:\/\/corpusry.fi\/wp-content\/uploads\/2021\/12\/F0613DC4-9C08-49D4-9494-EAA7EA3D80F5-1152x1536.jpeg 1152w, https:\/\/corpusry.fi\/wp-content\/uploads\/2021\/12\/F0613DC4-9C08-49D4-9494-EAA7EA3D80F5-375x500.jpeg 375w, https:\/\/corpusry.fi\/wp-content\/uploads\/2021\/12\/F0613DC4-9C08-49D4-9494-EAA7EA3D80F5.jpeg 1200w\" sizes=\"auto, (max-width: 768px) 100vw, 768px\" \/><\/figure>\n","protected":false},"excerpt":{"rendered":"<p>Joulupuggi tuli k\u00e4ym\u00e4\u00e4n, (best!!!), kantsii muuten muistella Joulupukki-biisu ulkoa! &lt;33 terkuin, makkispekkis<\/p>\n","protected":false},"author":19,"featured_media":0,"parent":0,"menu_order":0,"comment_status":"closed","ping_status":"closed","template":"","meta":{"Layout":"","footnotes":""},"class_list":["entry","author-snupponen","post-1881","page","type-page","status-publish"],"_links":{"self":[{"href":"https:\/\/corpusry.fi\/index.php\/wp-json\/wp\/v2\/pages\/1881","targetHints":{"allow":["GET"]}}],"collection":[{"href":"https:\/\/corpusry.fi\/index.php\/wp-json\/wp\/v2\/pages"}],"about":[{"href":"https:\/\/corpusry.fi\/index.php\/wp-json\/wp\/v2\/types\/page"}],"author":[{"embeddable":true,"href":"https:\/\/corpusry.fi\/index.php\/wp-json\/wp\/v2\/users\/19"}],"replies":[{"embeddable":true,"href":"https:\/\/corpusry.fi\/index.php\/wp-json\/wp\/v2\/comments?post=1881"}],"version-history":[{"count":4,"href":"https:\/\/corpusry.fi\/index.php\/wp-json\/wp\/v2\/pages\/1881\/revisions"}],"predecessor-version":[{"id":1886,"href":"https:\/\/corpusry.fi\/index.php\/wp-json\/wp\/v2\/pages\/1881\/revisions\/1886"}],"wp:attachment":[{"href":"https:\/\/corpusry.fi\/index.php\/wp-json\/wp\/v2\/media?parent=1881"}],"curies":[{"name":"wp","href":"https:\/\/api.w.org\/{rel}","templated":true}]}}