{"id":1919,"date":"2021-12-16T17:25:07","date_gmt":"2021-12-16T15:25:07","guid":{"rendered":"https:\/\/corpusry.fi\/?page_id=1919"},"modified":"2021-12-16T17:25:07","modified_gmt":"2021-12-16T15:25:07","slug":"16-luukku-2","status":"publish","type":"page","link":"https:\/\/corpusry.fi\/index.php\/16-luukku-2\/","title":{"rendered":"16. Luukku"},"content":{"rendered":"\n<figure class=\"wp-block-image size-full\"><img loading=\"lazy\" decoding=\"async\" width=\"555\" height=\"466\" src=\"https:\/\/corpusry.fi\/wp-content\/uploads\/2021\/12\/ohoMeiltaMuutepuuttuutamanpaivanluukku.png\" alt=\"\" class=\"wp-image-1920\" srcset=\"https:\/\/corpusry.fi\/wp-content\/uploads\/2021\/12\/ohoMeiltaMuutepuuttuutamanpaivanluukku.png 555w, https:\/\/corpusry.fi\/wp-content\/uploads\/2021\/12\/ohoMeiltaMuutepuuttuutamanpaivanluukku-300x252.png 300w\" sizes=\"auto, (max-width: 555px) 100vw, 555px\" \/><figcaption>ohoMeilt\u00e4MuutenPuuttuuT\u00e4m\u00e4nP\u00e4iv\u00e4nLuukku.png<\/figcaption><\/figure>\n","protected":false},"excerpt":{"rendered":"","protected":false},"author":19,"featured_media":0,"parent":0,"menu_order":0,"comment_status":"closed","ping_status":"closed","template":"","meta":{"Layout":"","footnotes":""},"class_list":["entry","author-snupponen","post-1919","page","type-page","status-publish"],"_links":{"self":[{"href":"https:\/\/corpusry.fi\/index.php\/wp-json\/wp\/v2\/pages\/1919","targetHints":{"allow":["GET"]}}],"collection":[{"href":"https:\/\/corpusry.fi\/index.php\/wp-json\/wp\/v2\/pages"}],"about":[{"href":"https:\/\/corpusry.fi\/index.php\/wp-json\/wp\/v2\/types\/page"}],"author":[{"embeddable":true,"href":"https:\/\/corpusry.fi\/index.php\/wp-json\/wp\/v2\/users\/19"}],"replies":[{"embeddable":true,"href":"https:\/\/corpusry.fi\/index.php\/wp-json\/wp\/v2\/comments?post=1919"}],"version-history":[{"count":1,"href":"https:\/\/corpusry.fi\/index.php\/wp-json\/wp\/v2\/pages\/1919\/revisions"}],"predecessor-version":[{"id":1921,"href":"https:\/\/corpusry.fi\/index.php\/wp-json\/wp\/v2\/pages\/1919\/revisions\/1921"}],"wp:attachment":[{"href":"https:\/\/corpusry.fi\/index.php\/wp-json\/wp\/v2\/media?parent=1919"}],"curies":[{"name":"wp","href":"https:\/\/api.w.org\/{rel}","templated":true}]}}