{"id":1923,"date":"2021-12-17T16:12:20","date_gmt":"2021-12-17T14:12:20","guid":{"rendered":"https:\/\/corpusry.fi\/?page_id=1923"},"modified":"2021-12-17T16:12:20","modified_gmt":"2021-12-17T14:12:20","slug":"17-luukku-2","status":"publish","type":"page","link":"https:\/\/corpusry.fi\/index.php\/17-luukku-2\/","title":{"rendered":"17. Luukku"},"content":{"rendered":"\n<p>R\u00e4ppij\u00e4b\u00e4n debyytti<\/p>\n\n\n\n<figure class=\"wp-block-image size-large is-resized\"><img loading=\"lazy\" decoding=\"async\" src=\"https:\/\/corpusry.fi\/wp-content\/uploads\/2021\/12\/WhatsApp-Image-2021-12-17-at-16.01.36-768x1024.jpeg\" alt=\"\" class=\"wp-image-1924\" width=\"555\" height=\"739\" srcset=\"https:\/\/corpusry.fi\/wp-content\/uploads\/2021\/12\/WhatsApp-Image-2021-12-17-at-16.01.36-768x1024.jpeg 768w, https:\/\/corpusry.fi\/wp-content\/uploads\/2021\/12\/WhatsApp-Image-2021-12-17-at-16.01.36-225x300.jpeg 225w, https:\/\/corpusry.fi\/wp-content\/uploads\/2021\/12\/WhatsApp-Image-2021-12-17-at-16.01.36-1152x1536.jpeg 1152w, https:\/\/corpusry.fi\/wp-content\/uploads\/2021\/12\/WhatsApp-Image-2021-12-17-at-16.01.36-375x500.jpeg 375w, https:\/\/corpusry.fi\/wp-content\/uploads\/2021\/12\/WhatsApp-Image-2021-12-17-at-16.01.36.jpeg 1536w\" sizes=\"auto, (max-width: 555px) 100vw, 555px\" \/><\/figure>\n\n\n\n<figure class=\"wp-block-image size-large is-resized\"><img loading=\"lazy\" decoding=\"async\" src=\"https:\/\/corpusry.fi\/wp-content\/uploads\/2021\/12\/WhatsApp-Image-2021-12-17-at-16.01.38-768x1024.jpeg\" alt=\"\" class=\"wp-image-1926\" width=\"554\" height=\"740\" srcset=\"https:\/\/corpusry.fi\/wp-content\/uploads\/2021\/12\/WhatsApp-Image-2021-12-17-at-16.01.38-768x1024.jpeg 768w, https:\/\/corpusry.fi\/wp-content\/uploads\/2021\/12\/WhatsApp-Image-2021-12-17-at-16.01.38-225x300.jpeg 225w, https:\/\/corpusry.fi\/wp-content\/uploads\/2021\/12\/WhatsApp-Image-2021-12-17-at-16.01.38-1152x1536.jpeg 1152w, https:\/\/corpusry.fi\/wp-content\/uploads\/2021\/12\/WhatsApp-Image-2021-12-17-at-16.01.38-375x500.jpeg 375w, https:\/\/corpusry.fi\/wp-content\/uploads\/2021\/12\/WhatsApp-Image-2021-12-17-at-16.01.38.jpeg 1536w\" sizes=\"auto, (max-width: 554px) 100vw, 554px\" \/><\/figure>\n\n\n\n<p>R\u00e4ppij\u00e4b\u00e4n seikkailut jatkunee viel\u00e4 jossain toisessa luukussa (EHK\u00c4)<\/p>\n","protected":false},"excerpt":{"rendered":"<p>R\u00e4ppij\u00e4b\u00e4n debyytti R\u00e4ppij\u00e4b\u00e4n seikkailut jatkunee viel\u00e4 jossain toisessa luukussa (EHK\u00c4)<\/p>\n","protected":false},"author":19,"featured_media":0,"parent":0,"menu_order":0,"comment_status":"closed","ping_status":"closed","template":"","meta":{"Layout":"","footnotes":""},"class_list":["entry","author-snupponen","post-1923","page","type-page","status-publish"],"_links":{"self":[{"href":"https:\/\/corpusry.fi\/index.php\/wp-json\/wp\/v2\/pages\/1923","targetHints":{"allow":["GET"]}}],"collection":[{"href":"https:\/\/corpusry.fi\/index.php\/wp-json\/wp\/v2\/pages"}],"about":[{"href":"https:\/\/corpusry.fi\/index.php\/wp-json\/wp\/v2\/types\/page"}],"author":[{"embeddable":true,"href":"https:\/\/corpusry.fi\/index.php\/wp-json\/wp\/v2\/users\/19"}],"replies":[{"embeddable":true,"href":"https:\/\/corpusry.fi\/index.php\/wp-json\/wp\/v2\/comments?post=1923"}],"version-history":[{"count":2,"href":"https:\/\/corpusry.fi\/index.php\/wp-json\/wp\/v2\/pages\/1923\/revisions"}],"predecessor-version":[{"id":1928,"href":"https:\/\/corpusry.fi\/index.php\/wp-json\/wp\/v2\/pages\/1923\/revisions\/1928"}],"wp:attachment":[{"href":"https:\/\/corpusry.fi\/index.php\/wp-json\/wp\/v2\/media?parent=1923"}],"curies":[{"name":"wp","href":"https:\/\/api.w.org\/{rel}","templated":true}]}}