{"id":1931,"date":"2021-12-18T14:25:44","date_gmt":"2021-12-18T12:25:44","guid":{"rendered":"https:\/\/corpusry.fi\/?page_id=1931"},"modified":"2021-12-18T14:25:44","modified_gmt":"2021-12-18T12:25:44","slug":"18-luukku-2","status":"publish","type":"page","link":"https:\/\/corpusry.fi\/index.php\/18-luukku-2\/","title":{"rendered":"18. Luukku"},"content":{"rendered":"\n<p>Tunnelmallista lomaa kaikille! Muistakaa k\u00e4ss\u00e4ill\u00e4 ja uppoutua kirjoihin (jos semmoisista puuhista tykk\u00e4\u00e4tte). T: taidehissalainen\u00a0Peppilotta, jolta kandi puuttuu yh\u00e4, mutta jouluisen nukkekotiasetelman sain aikaan \ud83e\udd14<\/p>\n\n\n\n<figure class=\"wp-block-image size-large\"><img loading=\"lazy\" decoding=\"async\" width=\"768\" height=\"1024\" src=\"https:\/\/corpusry.fi\/wp-content\/uploads\/2021\/12\/olohuone-768x1024.jpg\" alt=\"\" class=\"wp-image-1932\" srcset=\"https:\/\/corpusry.fi\/wp-content\/uploads\/2021\/12\/olohuone-768x1024.jpg 768w, https:\/\/corpusry.fi\/wp-content\/uploads\/2021\/12\/olohuone-225x300.jpg 225w, https:\/\/corpusry.fi\/wp-content\/uploads\/2021\/12\/olohuone-1152x1536.jpg 1152w, https:\/\/corpusry.fi\/wp-content\/uploads\/2021\/12\/olohuone-1536x2048.jpg 1536w, https:\/\/corpusry.fi\/wp-content\/uploads\/2021\/12\/olohuone-375x500.jpg 375w, https:\/\/corpusry.fi\/wp-content\/uploads\/2021\/12\/olohuone-scaled.jpg 1920w\" sizes=\"auto, (max-width: 768px) 100vw, 768px\" \/><\/figure>\n\n\n\n<figure class=\"wp-block-image size-large\"><img loading=\"lazy\" decoding=\"async\" width=\"768\" height=\"1024\" src=\"https:\/\/corpusry.fi\/wp-content\/uploads\/2021\/12\/keittio-768x1024.jpg\" alt=\"\" class=\"wp-image-1933\" srcset=\"https:\/\/corpusry.fi\/wp-content\/uploads\/2021\/12\/keittio-768x1024.jpg 768w, https:\/\/corpusry.fi\/wp-content\/uploads\/2021\/12\/keittio-225x300.jpg 225w, https:\/\/corpusry.fi\/wp-content\/uploads\/2021\/12\/keittio-1152x1536.jpg 1152w, https:\/\/corpusry.fi\/wp-content\/uploads\/2021\/12\/keittio-1536x2048.jpg 1536w, https:\/\/corpusry.fi\/wp-content\/uploads\/2021\/12\/keittio-375x500.jpg 375w, https:\/\/corpusry.fi\/wp-content\/uploads\/2021\/12\/keittio-scaled.jpg 1920w\" sizes=\"auto, (max-width: 768px) 100vw, 768px\" \/><\/figure>\n","protected":false},"excerpt":{"rendered":"<p>Tunnelmallista lomaa kaikille! Muistakaa k\u00e4ss\u00e4ill\u00e4 ja uppoutua kirjoihin (jos semmoisista puuhista tykk\u00e4\u00e4tte). T: taidehissalainen\u00a0Peppilotta, jolta kandi puuttuu yh\u00e4, mutta jouluisen nukkekotiasetelman sain aikaan \ud83e\udd14<\/p>\n","protected":false},"author":19,"featured_media":0,"parent":0,"menu_order":0,"comment_status":"closed","ping_status":"closed","template":"","meta":{"Layout":"","footnotes":""},"class_list":["entry","author-snupponen","post-1931","page","type-page","status-publish"],"_links":{"self":[{"href":"https:\/\/corpusry.fi\/index.php\/wp-json\/wp\/v2\/pages\/1931","targetHints":{"allow":["GET"]}}],"collection":[{"href":"https:\/\/corpusry.fi\/index.php\/wp-json\/wp\/v2\/pages"}],"about":[{"href":"https:\/\/corpusry.fi\/index.php\/wp-json\/wp\/v2\/types\/page"}],"author":[{"embeddable":true,"href":"https:\/\/corpusry.fi\/index.php\/wp-json\/wp\/v2\/users\/19"}],"replies":[{"embeddable":true,"href":"https:\/\/corpusry.fi\/index.php\/wp-json\/wp\/v2\/comments?post=1931"}],"version-history":[{"count":1,"href":"https:\/\/corpusry.fi\/index.php\/wp-json\/wp\/v2\/pages\/1931\/revisions"}],"predecessor-version":[{"id":1934,"href":"https:\/\/corpusry.fi\/index.php\/wp-json\/wp\/v2\/pages\/1931\/revisions\/1934"}],"wp:attachment":[{"href":"https:\/\/corpusry.fi\/index.php\/wp-json\/wp\/v2\/media?parent=1931"}],"curies":[{"name":"wp","href":"https:\/\/api.w.org\/{rel}","templated":true}]}}