{"id":1941,"date":"2021-12-20T17:27:27","date_gmt":"2021-12-20T15:27:27","guid":{"rendered":"https:\/\/corpusry.fi\/?page_id=1941"},"modified":"2021-12-20T17:27:27","modified_gmt":"2021-12-20T15:27:27","slug":"20-luukku-2","status":"publish","type":"page","link":"https:\/\/corpusry.fi\/index.php\/20-luukku-2\/","title":{"rendered":"20. Luukku"},"content":{"rendered":"\n<p>R\u00e4ppij\u00e4b\u00e4 Tourujoella<\/p>\n\n\n\n<figure class=\"wp-block-image size-full\"><img loading=\"lazy\" decoding=\"async\" width=\"768\" height=\"1024\" src=\"https:\/\/corpusry.fi\/wp-content\/uploads\/2021\/12\/WhatsApp-Image-2021-12-16-at-22.01.08.jpeg\" alt=\"\" class=\"wp-image-1942\" srcset=\"https:\/\/corpusry.fi\/wp-content\/uploads\/2021\/12\/WhatsApp-Image-2021-12-16-at-22.01.08.jpeg 768w, https:\/\/corpusry.fi\/wp-content\/uploads\/2021\/12\/WhatsApp-Image-2021-12-16-at-22.01.08-225x300.jpeg 225w, https:\/\/corpusry.fi\/wp-content\/uploads\/2021\/12\/WhatsApp-Image-2021-12-16-at-22.01.08-375x500.jpeg 375w\" sizes=\"auto, (max-width: 768px) 100vw, 768px\" \/><\/figure>\n","protected":false},"excerpt":{"rendered":"<p>R\u00e4ppij\u00e4b\u00e4 Tourujoella<\/p>\n","protected":false},"author":19,"featured_media":0,"parent":0,"menu_order":0,"comment_status":"closed","ping_status":"closed","template":"","meta":{"Layout":"","footnotes":""},"class_list":["entry","author-snupponen","post-1941","page","type-page","status-publish"],"_links":{"self":[{"href":"https:\/\/corpusry.fi\/index.php\/wp-json\/wp\/v2\/pages\/1941","targetHints":{"allow":["GET"]}}],"collection":[{"href":"https:\/\/corpusry.fi\/index.php\/wp-json\/wp\/v2\/pages"}],"about":[{"href":"https:\/\/corpusry.fi\/index.php\/wp-json\/wp\/v2\/types\/page"}],"author":[{"embeddable":true,"href":"https:\/\/corpusry.fi\/index.php\/wp-json\/wp\/v2\/users\/19"}],"replies":[{"embeddable":true,"href":"https:\/\/corpusry.fi\/index.php\/wp-json\/wp\/v2\/comments?post=1941"}],"version-history":[{"count":1,"href":"https:\/\/corpusry.fi\/index.php\/wp-json\/wp\/v2\/pages\/1941\/revisions"}],"predecessor-version":[{"id":1943,"href":"https:\/\/corpusry.fi\/index.php\/wp-json\/wp\/v2\/pages\/1941\/revisions\/1943"}],"wp:attachment":[{"href":"https:\/\/corpusry.fi\/index.php\/wp-json\/wp\/v2\/media?parent=1941"}],"curies":[{"name":"wp","href":"https:\/\/api.w.org\/{rel}","templated":true}]}}