{"id":1948,"date":"2021-12-22T16:50:29","date_gmt":"2021-12-22T14:50:29","guid":{"rendered":"https:\/\/corpusry.fi\/?page_id=1948"},"modified":"2021-12-22T16:50:29","modified_gmt":"2021-12-22T14:50:29","slug":"22-luukku-2","status":"publish","type":"page","link":"https:\/\/corpusry.fi\/index.php\/22-luukku-2\/","title":{"rendered":"22. Luukku"},"content":{"rendered":"\n<figure class=\"wp-block-image size-full\"><img loading=\"lazy\" decoding=\"async\" width=\"368\" height=\"672\" src=\"https:\/\/corpusry.fi\/wp-content\/uploads\/2021\/12\/ezgif-7-6be51a5335.gif\" alt=\"\" class=\"wp-image-1949\"\/><\/figure>\n\n\n\n<p>Yll\u00e4 n\u00e4kyy muista luukuista tuttu r\u00e4ppij\u00e4b\u00e4 alkuformissaan, mutta samaisella videolla (my\u00f6hemmin muutettu gif-animaatioksi tuotannollisista syist\u00e4) esiintyy my\u00f6s t\u00e4m\u00e4n joulun tuorein ja trendikk\u00e4in innovaatio: <strong>DIY-KAULIN<\/strong><\/p>\n\n\n\n<p>Solidaarisuuden nimiss\u00e4 ja joulun hengen mukaan olemme p\u00e4\u00e4tt\u00e4neet vapauttaa t\u00e4m\u00e4n huikean patentin tekniset tiedot julkisuuteen.<\/p>\n\n\n\n<p>Eli t\u00e4ss\u00e4p\u00e4 ohjeet kaulinta varten<\/p>\n\n\n\n<p>Tarvitset:<\/p>\n\n\n\n<p>1kpl X-Tra Greippilonkero 4,7% 0,5 L Tlk (K18 SIS\u00c4LT\u00c4\u00c4 ALKOHOLIA) vaihtoehtoisesti jos haluaa kaulimesta pidemm\u00e4n niin voi vaikkapa k\u00e4ytt\u00e4\u00e4 niit\u00e4 Auran Pint 0,568L ku se on sillee v\u00e4h\u00e4 pidempi<\/p>\n\n\n\n<p>1kpl semmonen sopiva siivu leivinpaperia tii\u00e4tte varmaan<\/p>\n\n\n\n<p>Ja sitten viel\u00e4 ainakin metrin verran teippi\u00e4 (T\u00e4ss\u00e4 kyseisess\u00e4 k\u00e4ytettiin jotain maalarinteippi\u00e4, joka toimi ihan ok mut ite henkil\u00f6kohtasesti k\u00e4ytt\u00e4sin jesaria mielluummin. Veikkaan et s\u00e4hk\u00f6teippi k\u00e4y my\u00f6s ihan hyvin, sellasesta l\u00e4pin\u00e4kyv\u00e4st\u00e4 toimistoteipist\u00e4 en olis ihan niin varma.)<\/p>\n\n\n\n<p>Valmistusohje:<\/p>\n\n\n\n<p>Kiedot vaan sen leivinpaperin silleen s\u00f6p\u00f6sti sen lonkerot\u00f6lkin ymp\u00e4rille ja sitten teippaat kunnolla kiinni niin ett\u00e4 siit\u00e4 tulee tommosen hassun n\u00e4k\u00f6nen, eip\u00e4 se sen vaikeempaa.<\/p>\n","protected":false},"excerpt":{"rendered":"<p>Yll\u00e4 n\u00e4kyy muista luukuista tuttu r\u00e4ppij\u00e4b\u00e4 alkuformissaan, mutta samaisella videolla (my\u00f6hemmin muutettu gif-animaatioksi tuotannollisista syist\u00e4) esiintyy my\u00f6s t\u00e4m\u00e4n joulun tuorein ja trendikk\u00e4in innovaatio: DIY-KAULIN Solidaarisuuden nimiss\u00e4 ja joulun hengen mukaan <a href=\"https:\/\/corpusry.fi\/index.php\/22-luukku-2\/\" class=\"more-link\">[&hellip;]<\/a><\/p>\n","protected":false},"author":19,"featured_media":0,"parent":0,"menu_order":0,"comment_status":"closed","ping_status":"closed","template":"","meta":{"Layout":"","footnotes":""},"class_list":["entry","author-snupponen","post-1948","page","type-page","status-publish"],"_links":{"self":[{"href":"https:\/\/corpusry.fi\/index.php\/wp-json\/wp\/v2\/pages\/1948","targetHints":{"allow":["GET"]}}],"collection":[{"href":"https:\/\/corpusry.fi\/index.php\/wp-json\/wp\/v2\/pages"}],"about":[{"href":"https:\/\/corpusry.fi\/index.php\/wp-json\/wp\/v2\/types\/page"}],"author":[{"embeddable":true,"href":"https:\/\/corpusry.fi\/index.php\/wp-json\/wp\/v2\/users\/19"}],"replies":[{"embeddable":true,"href":"https:\/\/corpusry.fi\/index.php\/wp-json\/wp\/v2\/comments?post=1948"}],"version-history":[{"count":1,"href":"https:\/\/corpusry.fi\/index.php\/wp-json\/wp\/v2\/pages\/1948\/revisions"}],"predecessor-version":[{"id":1950,"href":"https:\/\/corpusry.fi\/index.php\/wp-json\/wp\/v2\/pages\/1948\/revisions\/1950"}],"wp:attachment":[{"href":"https:\/\/corpusry.fi\/index.php\/wp-json\/wp\/v2\/media?parent=1948"}],"curies":[{"name":"wp","href":"https:\/\/api.w.org\/{rel}","templated":true}]}}