{"id":1957,"date":"2021-12-24T18:08:15","date_gmt":"2021-12-24T16:08:15","guid":{"rendered":"https:\/\/corpusry.fi\/?page_id=1957"},"modified":"2021-12-24T18:08:15","modified_gmt":"2021-12-24T16:08:15","slug":"24-luukku-2","status":"publish","type":"page","link":"https:\/\/corpusry.fi\/index.php\/24-luukku-2\/","title":{"rendered":"24. Luukku"},"content":{"rendered":"\n<p>Hyv\u00e4\u00e4 ja vauhdikasta ja rauhallista ja ihanaa ja railakasta ja mukavaa ja kaupallista ja kaupatonta ja lahjojent\u00e4ytteist\u00e4 joulua kaikille corpuslaisille ja kiitos eritt\u00e4in paljon kaikille joulukalenterin tekoon osallistuneille!!<\/p>\n\n\n\n<figure class=\"wp-block-gallery columns-2 is-cropped wp-block-gallery-1 is-layout-flex wp-block-gallery-is-layout-flex\"><ul class=\"blocks-gallery-grid\"><li class=\"blocks-gallery-item\"><figure><img loading=\"lazy\" decoding=\"async\" width=\"768\" height=\"1024\" src=\"https:\/\/corpusry.fi\/wp-content\/uploads\/2021\/12\/f473e3bb-5fe2-4cf4-9a99-27d50955bffd-768x1024.jpeg\" alt=\"\" data-id=\"1958\" data-full-url=\"https:\/\/corpusry.fi\/wp-content\/uploads\/2021\/12\/f473e3bb-5fe2-4cf4-9a99-27d50955bffd.jpeg\" data-link=\"https:\/\/corpusry.fi\/?attachment_id=1958\" class=\"wp-image-1958\" srcset=\"https:\/\/corpusry.fi\/wp-content\/uploads\/2021\/12\/f473e3bb-5fe2-4cf4-9a99-27d50955bffd-768x1024.jpeg 768w, https:\/\/corpusry.fi\/wp-content\/uploads\/2021\/12\/f473e3bb-5fe2-4cf4-9a99-27d50955bffd-225x300.jpeg 225w, https:\/\/corpusry.fi\/wp-content\/uploads\/2021\/12\/f473e3bb-5fe2-4cf4-9a99-27d50955bffd-1152x1536.jpeg 1152w, https:\/\/corpusry.fi\/wp-content\/uploads\/2021\/12\/f473e3bb-5fe2-4cf4-9a99-27d50955bffd-375x500.jpeg 375w, https:\/\/corpusry.fi\/wp-content\/uploads\/2021\/12\/f473e3bb-5fe2-4cf4-9a99-27d50955bffd.jpeg 1536w\" sizes=\"auto, (max-width: 768px) 100vw, 768px\" \/><\/figure><\/li><li class=\"blocks-gallery-item\"><figure><img loading=\"lazy\" decoding=\"async\" width=\"549\" height=\"1024\" src=\"https:\/\/corpusry.fi\/wp-content\/uploads\/2021\/12\/IMG_3797-549x1024.jpeg\" alt=\"\" data-id=\"1959\" data-full-url=\"https:\/\/corpusry.fi\/wp-content\/uploads\/2021\/12\/IMG_3797.jpeg\" data-link=\"https:\/\/corpusry.fi\/?attachment_id=1959\" class=\"wp-image-1959\" srcset=\"https:\/\/corpusry.fi\/wp-content\/uploads\/2021\/12\/IMG_3797-549x1024.jpeg 549w, https:\/\/corpusry.fi\/wp-content\/uploads\/2021\/12\/IMG_3797-161x300.jpeg 161w, https:\/\/corpusry.fi\/wp-content\/uploads\/2021\/12\/IMG_3797-768x1434.jpeg 768w, https:\/\/corpusry.fi\/wp-content\/uploads\/2021\/12\/IMG_3797-823x1536.jpeg 823w, https:\/\/corpusry.fi\/wp-content\/uploads\/2021\/12\/IMG_3797-268x500.jpeg 268w, https:\/\/corpusry.fi\/wp-content\/uploads\/2021\/12\/IMG_3797.jpeg 960w\" sizes=\"auto, (max-width: 549px) 100vw, 549px\" \/><\/figure><\/li><\/ul><\/figure>\n\n\n\n<p>Jouluterveisin Naagan p\u00e4\u00e4toimittajat Kalle ja Valentin<\/p>\n","protected":false},"excerpt":{"rendered":"<p>Hyv\u00e4\u00e4 ja vauhdikasta ja rauhallista ja ihanaa ja railakasta ja mukavaa ja kaupallista ja kaupatonta ja lahjojent\u00e4ytteist\u00e4 joulua kaikille corpuslaisille ja kiitos eritt\u00e4in paljon kaikille joulukalenterin tekoon osallistuneille!! Jouluterveisin Naagan <a href=\"https:\/\/corpusry.fi\/index.php\/24-luukku-2\/\" class=\"more-link\">[&hellip;]<\/a><\/p>\n","protected":false},"author":19,"featured_media":0,"parent":0,"menu_order":0,"comment_status":"closed","ping_status":"closed","template":"","meta":{"Layout":"","footnotes":""},"class_list":["entry","author-snupponen","post-1957","page","type-page","status-publish"],"_links":{"self":[{"href":"https:\/\/corpusry.fi\/index.php\/wp-json\/wp\/v2\/pages\/1957","targetHints":{"allow":["GET"]}}],"collection":[{"href":"https:\/\/corpusry.fi\/index.php\/wp-json\/wp\/v2\/pages"}],"about":[{"href":"https:\/\/corpusry.fi\/index.php\/wp-json\/wp\/v2\/types\/page"}],"author":[{"embeddable":true,"href":"https:\/\/corpusry.fi\/index.php\/wp-json\/wp\/v2\/users\/19"}],"replies":[{"embeddable":true,"href":"https:\/\/corpusry.fi\/index.php\/wp-json\/wp\/v2\/comments?post=1957"}],"version-history":[{"count":2,"href":"https:\/\/corpusry.fi\/index.php\/wp-json\/wp\/v2\/pages\/1957\/revisions"}],"predecessor-version":[{"id":1961,"href":"https:\/\/corpusry.fi\/index.php\/wp-json\/wp\/v2\/pages\/1957\/revisions\/1961"}],"wp:attachment":[{"href":"https:\/\/corpusry.fi\/index.php\/wp-json\/wp\/v2\/media?parent=1957"}],"curies":[{"name":"wp","href":"https:\/\/api.w.org\/{rel}","templated":true}]}}