{"id":2058,"date":"2022-12-05T14:55:37","date_gmt":"2022-12-05T12:55:37","guid":{"rendered":"https:\/\/corpusry.fi\/?page_id=2058"},"modified":"2022-12-05T14:55:37","modified_gmt":"2022-12-05T12:55:37","slug":"5-luukku-3","status":"publish","type":"page","link":"https:\/\/corpusry.fi\/index.php\/5-luukku-3\/","title":{"rendered":"5. Luukku"},"content":{"rendered":"\n<p>Lotalta jouluterveiset vaihdosta \ud83d\ude42 :<\/p>\n\n\n\n<p>Joulunviettoo &amp; jalkapalloo Gr\u00f6nlannissa\u270c\ufe0f<\/p>\n\n\n\n<div class=\"wp-block-group\"><div class=\"wp-block-group__inner-container is-layout-flow wp-block-group-is-layout-flow\">\n<div class=\"wp-block-group\"><div class=\"wp-block-group__inner-container is-layout-flow wp-block-group-is-layout-flow\">\n<figure class=\"wp-block-image size-large\"><img loading=\"lazy\" decoding=\"async\" width=\"768\" height=\"1024\" src=\"https:\/\/corpusry.fi\/wp-content\/uploads\/2022\/12\/IMG_20221204_115534-2-768x1024.jpg\" alt=\"\" class=\"wp-image-2066\" srcset=\"https:\/\/corpusry.fi\/wp-content\/uploads\/2022\/12\/IMG_20221204_115534-2-768x1024.jpg 768w, https:\/\/corpusry.fi\/wp-content\/uploads\/2022\/12\/IMG_20221204_115534-2-225x300.jpg 225w, https:\/\/corpusry.fi\/wp-content\/uploads\/2022\/12\/IMG_20221204_115534-2-1152x1536.jpg 1152w, https:\/\/corpusry.fi\/wp-content\/uploads\/2022\/12\/IMG_20221204_115534-2-1536x2048.jpg 1536w, https:\/\/corpusry.fi\/wp-content\/uploads\/2022\/12\/IMG_20221204_115534-2-375x500.jpg 375w, https:\/\/corpusry.fi\/wp-content\/uploads\/2022\/12\/IMG_20221204_115534-2-scaled.jpg 1920w\" sizes=\"auto, (max-width: 768px) 100vw, 768px\" \/><figcaption><em>tyhj\u00e4 baari klo 12, lakritsikaljaa ja Ranska vs. Puola<\/em><\/figcaption><\/figure>\n\n\n\n<figure class=\"wp-block-image size-large\"><img loading=\"lazy\" decoding=\"async\" width=\"768\" height=\"1024\" src=\"https:\/\/corpusry.fi\/wp-content\/uploads\/2022\/12\/IMG_20221204_154557-1-768x1024.jpg\" alt=\"\" class=\"wp-image-2067\" srcset=\"https:\/\/corpusry.fi\/wp-content\/uploads\/2022\/12\/IMG_20221204_154557-1-768x1024.jpg 768w, https:\/\/corpusry.fi\/wp-content\/uploads\/2022\/12\/IMG_20221204_154557-1-225x300.jpg 225w, https:\/\/corpusry.fi\/wp-content\/uploads\/2022\/12\/IMG_20221204_154557-1-1152x1536.jpg 1152w, https:\/\/corpusry.fi\/wp-content\/uploads\/2022\/12\/IMG_20221204_154557-1-1536x2048.jpg 1536w, https:\/\/corpusry.fi\/wp-content\/uploads\/2022\/12\/IMG_20221204_154557-1-375x500.jpg 375w, https:\/\/corpusry.fi\/wp-content\/uploads\/2022\/12\/IMG_20221204_154557-1-scaled.jpg 1920w\" sizes=\"auto, (max-width: 768px) 100vw, 768px\" \/><figcaption><em>Jouluvirsi\u00e4 kirkossa Gr\u00f6nlannin inuittikielell\u00e4.<\/em><\/figcaption><\/figure>\n<\/div><\/div>\n\n\n\n<p><\/p>\n<\/div><\/div>\n\n\n\n<div class=\"wp-block-group\"><div class=\"wp-block-group__inner-container is-layout-flow wp-block-group-is-layout-flow\"><\/div><\/div>\n\n\n\n<p><\/p>\n","protected":false},"excerpt":{"rendered":"<p>Lotalta jouluterveiset vaihdosta \ud83d\ude42 : Joulunviettoo &amp; jalkapalloo Gr\u00f6nlannissa\u270c\ufe0f<\/p>\n","protected":false},"author":19,"featured_media":0,"parent":0,"menu_order":0,"comment_status":"closed","ping_status":"closed","template":"","meta":{"Layout":"","footnotes":""},"class_list":["entry","author-snupponen","post-2058","page","type-page","status-publish"],"_links":{"self":[{"href":"https:\/\/corpusry.fi\/index.php\/wp-json\/wp\/v2\/pages\/2058","targetHints":{"allow":["GET"]}}],"collection":[{"href":"https:\/\/corpusry.fi\/index.php\/wp-json\/wp\/v2\/pages"}],"about":[{"href":"https:\/\/corpusry.fi\/index.php\/wp-json\/wp\/v2\/types\/page"}],"author":[{"embeddable":true,"href":"https:\/\/corpusry.fi\/index.php\/wp-json\/wp\/v2\/users\/19"}],"replies":[{"embeddable":true,"href":"https:\/\/corpusry.fi\/index.php\/wp-json\/wp\/v2\/comments?post=2058"}],"version-history":[{"count":7,"href":"https:\/\/corpusry.fi\/index.php\/wp-json\/wp\/v2\/pages\/2058\/revisions"}],"predecessor-version":[{"id":2070,"href":"https:\/\/corpusry.fi\/index.php\/wp-json\/wp\/v2\/pages\/2058\/revisions\/2070"}],"wp:attachment":[{"href":"https:\/\/corpusry.fi\/index.php\/wp-json\/wp\/v2\/media?parent=2058"}],"curies":[{"name":"wp","href":"https:\/\/api.w.org\/{rel}","templated":true}]}}