{"id":2080,"date":"2022-12-08T15:04:57","date_gmt":"2022-12-08T13:04:57","guid":{"rendered":"https:\/\/corpusry.fi\/?page_id=2080"},"modified":"2022-12-08T15:04:57","modified_gmt":"2022-12-08T13:04:57","slug":"8-luukku-3","status":"publish","type":"page","link":"https:\/\/corpusry.fi\/index.php\/8-luukku-3\/","title":{"rendered":"8. Luukku"},"content":{"rendered":"\n<p>Ninnin mukava tonttu antaa vinkin kuinka pysy\u00e4 terveen\u00e4 l\u00e4pi jouluseasonin :)) <\/p>\n\n\n\n<figure class=\"wp-block-image size-large\"><img loading=\"lazy\" decoding=\"async\" width=\"733\" height=\"1024\" src=\"https:\/\/corpusry.fi\/wp-content\/uploads\/2022\/12\/tonttu-colored-done-733x1024.png\" alt=\"\" class=\"wp-image-2081\" srcset=\"https:\/\/corpusry.fi\/wp-content\/uploads\/2022\/12\/tonttu-colored-done-733x1024.png 733w, https:\/\/corpusry.fi\/wp-content\/uploads\/2022\/12\/tonttu-colored-done-215x300.png 215w, https:\/\/corpusry.fi\/wp-content\/uploads\/2022\/12\/tonttu-colored-done-768x1073.png 768w, https:\/\/corpusry.fi\/wp-content\/uploads\/2022\/12\/tonttu-colored-done-358x500.png 358w, https:\/\/corpusry.fi\/wp-content\/uploads\/2022\/12\/tonttu-colored-done.png 1044w\" sizes=\"auto, (max-width: 733px) 100vw, 733px\" \/><\/figure>\n\n\n\n<p> <\/p>\n","protected":false},"excerpt":{"rendered":"<p>Ninnin mukava tonttu antaa vinkin kuinka pysy\u00e4 terveen\u00e4 l\u00e4pi jouluseasonin :))<\/p>\n","protected":false},"author":19,"featured_media":0,"parent":0,"menu_order":0,"comment_status":"closed","ping_status":"closed","template":"","meta":{"Layout":"","footnotes":""},"class_list":["entry","author-snupponen","post-2080","page","type-page","status-publish"],"_links":{"self":[{"href":"https:\/\/corpusry.fi\/index.php\/wp-json\/wp\/v2\/pages\/2080","targetHints":{"allow":["GET"]}}],"collection":[{"href":"https:\/\/corpusry.fi\/index.php\/wp-json\/wp\/v2\/pages"}],"about":[{"href":"https:\/\/corpusry.fi\/index.php\/wp-json\/wp\/v2\/types\/page"}],"author":[{"embeddable":true,"href":"https:\/\/corpusry.fi\/index.php\/wp-json\/wp\/v2\/users\/19"}],"replies":[{"embeddable":true,"href":"https:\/\/corpusry.fi\/index.php\/wp-json\/wp\/v2\/comments?post=2080"}],"version-history":[{"count":1,"href":"https:\/\/corpusry.fi\/index.php\/wp-json\/wp\/v2\/pages\/2080\/revisions"}],"predecessor-version":[{"id":2082,"href":"https:\/\/corpusry.fi\/index.php\/wp-json\/wp\/v2\/pages\/2080\/revisions\/2082"}],"wp:attachment":[{"href":"https:\/\/corpusry.fi\/index.php\/wp-json\/wp\/v2\/media?parent=2080"}],"curies":[{"name":"wp","href":"https:\/\/api.w.org\/{rel}","templated":true}]}}