{"id":2084,"date":"2022-12-09T14:39:41","date_gmt":"2022-12-09T12:39:41","guid":{"rendered":"https:\/\/corpusry.fi\/?page_id=2084"},"modified":"2022-12-09T14:39:41","modified_gmt":"2022-12-09T12:39:41","slug":"9-luukku-2","status":"publish","type":"page","link":"https:\/\/corpusry.fi\/index.php\/9-luukku-2\/","title":{"rendered":"9. Luukku"},"content":{"rendered":"\n<p>Nannan sponsoroima ryhm\u00e4kuva pikkujouluista!<\/p>\n\n\n\n<p><strong>SUUR<\/strong>kiitos fukseille j\u00e4rjest\u00e4misest\u00e4!! (olisinpa itse p\u00e4\u00e4ssyt mukaan nyyhkelispyyhkelis :(&#8230; t: valentin)<\/p>\n\n\n\n<figure class=\"wp-block-image size-large\"><img loading=\"lazy\" decoding=\"async\" width=\"1024\" height=\"768\" src=\"https:\/\/corpusry.fi\/wp-content\/uploads\/2022\/12\/WhatsApp-Image-2022-12-09-at-14.32.17-1024x768.jpeg\" alt=\"\" class=\"wp-image-2085\" srcset=\"https:\/\/corpusry.fi\/wp-content\/uploads\/2022\/12\/WhatsApp-Image-2022-12-09-at-14.32.17-1024x768.jpeg 1024w, https:\/\/corpusry.fi\/wp-content\/uploads\/2022\/12\/WhatsApp-Image-2022-12-09-at-14.32.17-300x225.jpeg 300w, https:\/\/corpusry.fi\/wp-content\/uploads\/2022\/12\/WhatsApp-Image-2022-12-09-at-14.32.17-768x576.jpeg 768w, https:\/\/corpusry.fi\/wp-content\/uploads\/2022\/12\/WhatsApp-Image-2022-12-09-at-14.32.17-1536x1152.jpeg 1536w, https:\/\/corpusry.fi\/wp-content\/uploads\/2022\/12\/WhatsApp-Image-2022-12-09-at-14.32.17-175x131.jpeg 175w, https:\/\/corpusry.fi\/wp-content\/uploads\/2022\/12\/WhatsApp-Image-2022-12-09-at-14.32.17-667x500.jpeg 667w, https:\/\/corpusry.fi\/wp-content\/uploads\/2022\/12\/WhatsApp-Image-2022-12-09-at-14.32.17.jpeg 2048w\" sizes=\"auto, (max-width: 1024px) 100vw, 1024px\" \/><\/figure>\n","protected":false},"excerpt":{"rendered":"<p>Nannan sponsoroima ryhm\u00e4kuva pikkujouluista! SUURkiitos fukseille j\u00e4rjest\u00e4misest\u00e4!! (olisinpa itse p\u00e4\u00e4ssyt mukaan nyyhkelispyyhkelis :(&#8230; t: valentin)<\/p>\n","protected":false},"author":19,"featured_media":0,"parent":0,"menu_order":0,"comment_status":"closed","ping_status":"closed","template":"","meta":{"Layout":"","footnotes":""},"class_list":["entry","author-snupponen","post-2084","page","type-page","status-publish"],"_links":{"self":[{"href":"https:\/\/corpusry.fi\/index.php\/wp-json\/wp\/v2\/pages\/2084","targetHints":{"allow":["GET"]}}],"collection":[{"href":"https:\/\/corpusry.fi\/index.php\/wp-json\/wp\/v2\/pages"}],"about":[{"href":"https:\/\/corpusry.fi\/index.php\/wp-json\/wp\/v2\/types\/page"}],"author":[{"embeddable":true,"href":"https:\/\/corpusry.fi\/index.php\/wp-json\/wp\/v2\/users\/19"}],"replies":[{"embeddable":true,"href":"https:\/\/corpusry.fi\/index.php\/wp-json\/wp\/v2\/comments?post=2084"}],"version-history":[{"count":1,"href":"https:\/\/corpusry.fi\/index.php\/wp-json\/wp\/v2\/pages\/2084\/revisions"}],"predecessor-version":[{"id":2086,"href":"https:\/\/corpusry.fi\/index.php\/wp-json\/wp\/v2\/pages\/2084\/revisions\/2086"}],"wp:attachment":[{"href":"https:\/\/corpusry.fi\/index.php\/wp-json\/wp\/v2\/media?parent=2084"}],"curies":[{"name":"wp","href":"https:\/\/api.w.org\/{rel}","templated":true}]}}