{"id":2105,"date":"2022-12-15T14:01:34","date_gmt":"2022-12-15T12:01:34","guid":{"rendered":"https:\/\/corpusry.fi\/?page_id=2105"},"modified":"2022-12-15T14:10:55","modified_gmt":"2022-12-15T12:10:55","slug":"14-luukku-3","status":"publish","type":"page","link":"https:\/\/corpusry.fi\/index.php\/14-luukku-3\/","title":{"rendered":"14. Luukku"},"content":{"rendered":"\n<p>r\u00f6\u00f6kiukko, ei kande polttaa tupakkia (looking at you kalle\ud83e\udef5) edit: kalle lopetti r\u00f6\u00f6kinpolton t\u00e4n julkaisun j\u00e4lkeen, onnea kallelle <\/p>\n\n\n\n<figure class=\"wp-block-image size-large\"><img loading=\"lazy\" decoding=\"async\" width=\"768\" height=\"1024\" src=\"https:\/\/corpusry.fi\/wp-content\/uploads\/2022\/12\/IMG_7980-768x1024.jpg\" alt=\"\" class=\"wp-image-2107\" srcset=\"https:\/\/corpusry.fi\/wp-content\/uploads\/2022\/12\/IMG_7980-768x1023.jpg 768w, https:\/\/corpusry.fi\/wp-content\/uploads\/2022\/12\/IMG_7980-225x300.jpg 225w, https:\/\/corpusry.fi\/wp-content\/uploads\/2022\/12\/IMG_7980-375x500.jpg 375w, https:\/\/corpusry.fi\/wp-content\/uploads\/2022\/12\/IMG_7980.jpg 998w\" sizes=\"auto, (max-width: 768px) 100vw, 768px\" \/><\/figure>\n","protected":false},"excerpt":{"rendered":"<p>r\u00f6\u00f6kiukko, ei kande polttaa tupakkia (looking at you kalle\ud83e\udef5) edit: kalle lopetti r\u00f6\u00f6kinpolton t\u00e4n julkaisun j\u00e4lkeen, onnea kallelle<\/p>\n","protected":false},"author":19,"featured_media":0,"parent":0,"menu_order":0,"comment_status":"closed","ping_status":"closed","template":"","meta":{"Layout":"","footnotes":""},"class_list":["entry","author-snupponen","post-2105","page","type-page","status-publish"],"_links":{"self":[{"href":"https:\/\/corpusry.fi\/index.php\/wp-json\/wp\/v2\/pages\/2105","targetHints":{"allow":["GET"]}}],"collection":[{"href":"https:\/\/corpusry.fi\/index.php\/wp-json\/wp\/v2\/pages"}],"about":[{"href":"https:\/\/corpusry.fi\/index.php\/wp-json\/wp\/v2\/types\/page"}],"author":[{"embeddable":true,"href":"https:\/\/corpusry.fi\/index.php\/wp-json\/wp\/v2\/users\/19"}],"replies":[{"embeddable":true,"href":"https:\/\/corpusry.fi\/index.php\/wp-json\/wp\/v2\/comments?post=2105"}],"version-history":[{"count":3,"href":"https:\/\/corpusry.fi\/index.php\/wp-json\/wp\/v2\/pages\/2105\/revisions"}],"predecessor-version":[{"id":2113,"href":"https:\/\/corpusry.fi\/index.php\/wp-json\/wp\/v2\/pages\/2105\/revisions\/2113"}],"wp:attachment":[{"href":"https:\/\/corpusry.fi\/index.php\/wp-json\/wp\/v2\/media?parent=2105"}],"curies":[{"name":"wp","href":"https:\/\/api.w.org\/{rel}","templated":true}]}}