{"id":2114,"date":"2022-12-15T18:35:39","date_gmt":"2022-12-15T16:35:39","guid":{"rendered":"https:\/\/corpusry.fi\/?page_id=2114"},"modified":"2022-12-15T18:35:39","modified_gmt":"2022-12-15T16:35:39","slug":"15-luukku-3","status":"publish","type":"page","link":"https:\/\/corpusry.fi\/index.php\/15-luukku-3\/","title":{"rendered":"15. Luukku"},"content":{"rendered":"\n<p>Jouluoluiden maisteluspesiaali!!!!<\/p>\n\n\n\n<p>tutkimuksen toimittaneet p\u00e4\u00e4toimittajat Kalle Kanerva ja Valentin V\u00e4nsk\u00e4<\/p>\n\n\n\n<p>(tutkimuksessa huomioitu suora verrannollisuus juotujen oluiden m\u00e4\u00e4r\u00e4n sek\u00e4 oluesta saatavan makuel\u00e4myksen v\u00e4lill\u00e4)<\/p>\n\n\n\n<figure class=\"wp-block-image size-large\"><img loading=\"lazy\" decoding=\"async\" width=\"724\" height=\"1024\" src=\"https:\/\/corpusry.fi\/wp-content\/uploads\/2022\/12\/1-724x1024.png\" alt=\"\" class=\"wp-image-2115\" srcset=\"https:\/\/corpusry.fi\/wp-content\/uploads\/2022\/12\/1-724x1024.png 724w, https:\/\/corpusry.fi\/wp-content\/uploads\/2022\/12\/1-212x300.png 212w, https:\/\/corpusry.fi\/wp-content\/uploads\/2022\/12\/1-768x1086.png 768w, https:\/\/corpusry.fi\/wp-content\/uploads\/2022\/12\/1-1086x1536.png 1086w, https:\/\/corpusry.fi\/wp-content\/uploads\/2022\/12\/1-1448x2048.png 1448w, https:\/\/corpusry.fi\/wp-content\/uploads\/2022\/12\/1-353x500.png 353w, https:\/\/corpusry.fi\/wp-content\/uploads\/2022\/12\/1.png 1587w\" sizes=\"auto, (max-width: 724px) 100vw, 724px\" \/><\/figure>\n\n\n\n<figure class=\"wp-block-image size-large\"><img loading=\"lazy\" decoding=\"async\" width=\"724\" height=\"1024\" src=\"https:\/\/corpusry.fi\/wp-content\/uploads\/2022\/12\/2-724x1024.png\" alt=\"\" class=\"wp-image-2116\" srcset=\"https:\/\/corpusry.fi\/wp-content\/uploads\/2022\/12\/2-724x1024.png 724w, https:\/\/corpusry.fi\/wp-content\/uploads\/2022\/12\/2-212x300.png 212w, https:\/\/corpusry.fi\/wp-content\/uploads\/2022\/12\/2-768x1086.png 768w, https:\/\/corpusry.fi\/wp-content\/uploads\/2022\/12\/2-1086x1536.png 1086w, https:\/\/corpusry.fi\/wp-content\/uploads\/2022\/12\/2-1448x2048.png 1448w, https:\/\/corpusry.fi\/wp-content\/uploads\/2022\/12\/2-353x500.png 353w, https:\/\/corpusry.fi\/wp-content\/uploads\/2022\/12\/2.png 1587w\" sizes=\"auto, (max-width: 724px) 100vw, 724px\" \/><\/figure>\n","protected":false},"excerpt":{"rendered":"<p>Jouluoluiden maisteluspesiaali!!!! tutkimuksen toimittaneet p\u00e4\u00e4toimittajat Kalle Kanerva ja Valentin V\u00e4nsk\u00e4 (tutkimuksessa huomioitu suora verrannollisuus juotujen oluiden m\u00e4\u00e4r\u00e4n sek\u00e4 oluesta saatavan makuel\u00e4myksen v\u00e4lill\u00e4)<\/p>\n","protected":false},"author":19,"featured_media":0,"parent":0,"menu_order":0,"comment_status":"closed","ping_status":"closed","template":"","meta":{"Layout":"","footnotes":""},"class_list":["entry","author-snupponen","post-2114","page","type-page","status-publish"],"_links":{"self":[{"href":"https:\/\/corpusry.fi\/index.php\/wp-json\/wp\/v2\/pages\/2114","targetHints":{"allow":["GET"]}}],"collection":[{"href":"https:\/\/corpusry.fi\/index.php\/wp-json\/wp\/v2\/pages"}],"about":[{"href":"https:\/\/corpusry.fi\/index.php\/wp-json\/wp\/v2\/types\/page"}],"author":[{"embeddable":true,"href":"https:\/\/corpusry.fi\/index.php\/wp-json\/wp\/v2\/users\/19"}],"replies":[{"embeddable":true,"href":"https:\/\/corpusry.fi\/index.php\/wp-json\/wp\/v2\/comments?post=2114"}],"version-history":[{"count":2,"href":"https:\/\/corpusry.fi\/index.php\/wp-json\/wp\/v2\/pages\/2114\/revisions"}],"predecessor-version":[{"id":2118,"href":"https:\/\/corpusry.fi\/index.php\/wp-json\/wp\/v2\/pages\/2114\/revisions\/2118"}],"wp:attachment":[{"href":"https:\/\/corpusry.fi\/index.php\/wp-json\/wp\/v2\/media?parent=2114"}],"curies":[{"name":"wp","href":"https:\/\/api.w.org\/{rel}","templated":true}]}}