{"id":2125,"date":"2022-12-17T16:46:52","date_gmt":"2022-12-17T14:46:52","guid":{"rendered":"https:\/\/corpusry.fi\/?page_id=2125"},"modified":"2022-12-17T16:46:52","modified_gmt":"2022-12-17T14:46:52","slug":"17-luukku-3","status":"publish","type":"page","link":"https:\/\/corpusry.fi\/index.php\/17-luukku-3\/","title":{"rendered":"17. Luukku"},"content":{"rendered":"\n<p>Ninnilt\u00e4 taas p\u00e4hee tonttu! t\u00e4ll\u00e4 kertaa kyseess\u00e4 jouluinen pinup-tonttu!<\/p>\n\n\n\n<figure class=\"wp-block-image size-full\"><img loading=\"lazy\" decoding=\"async\" width=\"794\" height=\"960\" src=\"https:\/\/corpusry.fi\/wp-content\/uploads\/2022\/12\/pin-up-tonttu.png\" alt=\"\" class=\"wp-image-2126\" srcset=\"https:\/\/corpusry.fi\/wp-content\/uploads\/2022\/12\/pin-up-tonttu.png 794w, https:\/\/corpusry.fi\/wp-content\/uploads\/2022\/12\/pin-up-tonttu-248x300.png 248w, https:\/\/corpusry.fi\/wp-content\/uploads\/2022\/12\/pin-up-tonttu-768x929.png 768w, https:\/\/corpusry.fi\/wp-content\/uploads\/2022\/12\/pin-up-tonttu-414x500.png 414w\" sizes=\"auto, (max-width: 794px) 100vw, 794px\" \/><\/figure>\n","protected":false},"excerpt":{"rendered":"<p>Ninnilt\u00e4 taas p\u00e4hee tonttu! t\u00e4ll\u00e4 kertaa kyseess\u00e4 jouluinen pinup-tonttu!<\/p>\n","protected":false},"author":19,"featured_media":0,"parent":0,"menu_order":0,"comment_status":"closed","ping_status":"closed","template":"","meta":{"Layout":"","footnotes":""},"class_list":["entry","author-snupponen","post-2125","page","type-page","status-publish"],"_links":{"self":[{"href":"https:\/\/corpusry.fi\/index.php\/wp-json\/wp\/v2\/pages\/2125","targetHints":{"allow":["GET"]}}],"collection":[{"href":"https:\/\/corpusry.fi\/index.php\/wp-json\/wp\/v2\/pages"}],"about":[{"href":"https:\/\/corpusry.fi\/index.php\/wp-json\/wp\/v2\/types\/page"}],"author":[{"embeddable":true,"href":"https:\/\/corpusry.fi\/index.php\/wp-json\/wp\/v2\/users\/19"}],"replies":[{"embeddable":true,"href":"https:\/\/corpusry.fi\/index.php\/wp-json\/wp\/v2\/comments?post=2125"}],"version-history":[{"count":1,"href":"https:\/\/corpusry.fi\/index.php\/wp-json\/wp\/v2\/pages\/2125\/revisions"}],"predecessor-version":[{"id":2127,"href":"https:\/\/corpusry.fi\/index.php\/wp-json\/wp\/v2\/pages\/2125\/revisions\/2127"}],"wp:attachment":[{"href":"https:\/\/corpusry.fi\/index.php\/wp-json\/wp\/v2\/media?parent=2125"}],"curies":[{"name":"wp","href":"https:\/\/api.w.org\/{rel}","templated":true}]}}