{"id":2146,"date":"2022-12-21T13:54:52","date_gmt":"2022-12-21T11:54:52","guid":{"rendered":"https:\/\/corpusry.fi\/?page_id=2146"},"modified":"2022-12-21T13:57:06","modified_gmt":"2022-12-21T11:57:06","slug":"21-luukku-3","status":"publish","type":"page","link":"https:\/\/corpusry.fi\/index.php\/21-luukku-3\/","title":{"rendered":"21. Luukku"},"content":{"rendered":"\n<p>Taiteilija saa vapaat k\u00e4det. Et Jotain lumileikkej\u00e4 j\u00e4rven j\u00e4\u00e4ll\u00e4 Emt<\/p>\n\n\n\n<figure class=\"wp-block-image size-large\"><img loading=\"lazy\" decoding=\"async\" width=\"576\" height=\"1024\" src=\"https:\/\/corpusry.fi\/wp-content\/uploads\/2022\/12\/WhatsApp-Image-2022-12-21-at-13.46.17-576x1024.jpeg\" alt=\"\" class=\"wp-image-2147\" srcset=\"https:\/\/corpusry.fi\/wp-content\/uploads\/2022\/12\/WhatsApp-Image-2022-12-21-at-13.46.17-576x1024.jpeg 576w, https:\/\/corpusry.fi\/wp-content\/uploads\/2022\/12\/WhatsApp-Image-2022-12-21-at-13.46.17-169x300.jpeg 169w, https:\/\/corpusry.fi\/wp-content\/uploads\/2022\/12\/WhatsApp-Image-2022-12-21-at-13.46.17-281x500.jpeg 281w, https:\/\/corpusry.fi\/wp-content\/uploads\/2022\/12\/WhatsApp-Image-2022-12-21-at-13.46.17.jpeg 750w\" sizes=\"auto, (max-width: 576px) 100vw, 576px\" \/><\/figure>\n\n\n\n<figure class=\"wp-block-image size-large\"><img loading=\"lazy\" decoding=\"async\" width=\"576\" height=\"1024\" src=\"https:\/\/corpusry.fi\/wp-content\/uploads\/2022\/12\/WhatsApp-Image-2022-12-21-at-13.46.17-1-576x1024.jpeg\" alt=\"\" class=\"wp-image-2148\" srcset=\"https:\/\/corpusry.fi\/wp-content\/uploads\/2022\/12\/WhatsApp-Image-2022-12-21-at-13.46.17-1-576x1024.jpeg 576w, https:\/\/corpusry.fi\/wp-content\/uploads\/2022\/12\/WhatsApp-Image-2022-12-21-at-13.46.17-1-169x300.jpeg 169w, https:\/\/corpusry.fi\/wp-content\/uploads\/2022\/12\/WhatsApp-Image-2022-12-21-at-13.46.17-1-281x500.jpeg 281w, https:\/\/corpusry.fi\/wp-content\/uploads\/2022\/12\/WhatsApp-Image-2022-12-21-at-13.46.17-1.jpeg 750w\" sizes=\"auto, (max-width: 576px) 100vw, 576px\" \/><\/figure>\n","protected":false},"excerpt":{"rendered":"<p>Taiteilija saa vapaat k\u00e4det. Et Jotain lumileikkej\u00e4 j\u00e4rven j\u00e4\u00e4ll\u00e4 Emt<\/p>\n","protected":false},"author":19,"featured_media":0,"parent":0,"menu_order":0,"comment_status":"closed","ping_status":"closed","template":"","meta":{"Layout":"","footnotes":""},"class_list":["entry","author-snupponen","post-2146","page","type-page","status-publish"],"_links":{"self":[{"href":"https:\/\/corpusry.fi\/index.php\/wp-json\/wp\/v2\/pages\/2146","targetHints":{"allow":["GET"]}}],"collection":[{"href":"https:\/\/corpusry.fi\/index.php\/wp-json\/wp\/v2\/pages"}],"about":[{"href":"https:\/\/corpusry.fi\/index.php\/wp-json\/wp\/v2\/types\/page"}],"author":[{"embeddable":true,"href":"https:\/\/corpusry.fi\/index.php\/wp-json\/wp\/v2\/users\/19"}],"replies":[{"embeddable":true,"href":"https:\/\/corpusry.fi\/index.php\/wp-json\/wp\/v2\/comments?post=2146"}],"version-history":[{"count":2,"href":"https:\/\/corpusry.fi\/index.php\/wp-json\/wp\/v2\/pages\/2146\/revisions"}],"predecessor-version":[{"id":2151,"href":"https:\/\/corpusry.fi\/index.php\/wp-json\/wp\/v2\/pages\/2146\/revisions\/2151"}],"wp:attachment":[{"href":"https:\/\/corpusry.fi\/index.php\/wp-json\/wp\/v2\/media?parent=2146"}],"curies":[{"name":"wp","href":"https:\/\/api.w.org\/{rel}","templated":true}]}}