{"id":2166,"date":"2022-12-24T11:49:10","date_gmt":"2022-12-24T09:49:10","guid":{"rendered":"https:\/\/corpusry.fi\/?page_id=2166"},"modified":"2022-12-24T11:49:10","modified_gmt":"2022-12-24T09:49:10","slug":"24-luukku-3","status":"publish","type":"page","link":"https:\/\/corpusry.fi\/index.php\/24-luukku-3\/","title":{"rendered":"24. Luukku"},"content":{"rendered":"\n<p>JOULUAATTO!!!! Hyv\u00e4\u00e4 joulua kaikille terveisin p\u00e4\u00e4toimitttttttjjjtat toivottaa kalle ja vale t: meik\u00e4 (ja kalle tyyliin)<\/p>\n\n\n\n<figure class=\"wp-block-image size-large\"><img loading=\"lazy\" decoding=\"async\" width=\"768\" height=\"1024\" src=\"https:\/\/corpusry.fi\/wp-content\/uploads\/2022\/12\/WhatsApp-Image-2022-12-24-at-11.13.27-768x1024.jpeg\" alt=\"\" class=\"wp-image-2167\" srcset=\"https:\/\/corpusry.fi\/wp-content\/uploads\/2022\/12\/WhatsApp-Image-2022-12-24-at-11.13.27-768x1024.jpeg 768w, https:\/\/corpusry.fi\/wp-content\/uploads\/2022\/12\/WhatsApp-Image-2022-12-24-at-11.13.27-225x300.jpeg 225w, https:\/\/corpusry.fi\/wp-content\/uploads\/2022\/12\/WhatsApp-Image-2022-12-24-at-11.13.27-1152x1536.jpeg 1152w, https:\/\/corpusry.fi\/wp-content\/uploads\/2022\/12\/WhatsApp-Image-2022-12-24-at-11.13.27-375x500.jpeg 375w, https:\/\/corpusry.fi\/wp-content\/uploads\/2022\/12\/WhatsApp-Image-2022-12-24-at-11.13.27.jpeg 1536w\" sizes=\"auto, (max-width: 768px) 100vw, 768px\" \/><\/figure>\n","protected":false},"excerpt":{"rendered":"<p>JOULUAATTO!!!! Hyv\u00e4\u00e4 joulua kaikille terveisin p\u00e4\u00e4toimitttttttjjjtat toivottaa kalle ja vale t: meik\u00e4 (ja kalle tyyliin)<\/p>\n","protected":false},"author":19,"featured_media":0,"parent":0,"menu_order":0,"comment_status":"closed","ping_status":"closed","template":"","meta":{"Layout":"","footnotes":""},"class_list":["entry","author-snupponen","post-2166","page","type-page","status-publish"],"_links":{"self":[{"href":"https:\/\/corpusry.fi\/index.php\/wp-json\/wp\/v2\/pages\/2166","targetHints":{"allow":["GET"]}}],"collection":[{"href":"https:\/\/corpusry.fi\/index.php\/wp-json\/wp\/v2\/pages"}],"about":[{"href":"https:\/\/corpusry.fi\/index.php\/wp-json\/wp\/v2\/types\/page"}],"author":[{"embeddable":true,"href":"https:\/\/corpusry.fi\/index.php\/wp-json\/wp\/v2\/users\/19"}],"replies":[{"embeddable":true,"href":"https:\/\/corpusry.fi\/index.php\/wp-json\/wp\/v2\/comments?post=2166"}],"version-history":[{"count":1,"href":"https:\/\/corpusry.fi\/index.php\/wp-json\/wp\/v2\/pages\/2166\/revisions"}],"predecessor-version":[{"id":2168,"href":"https:\/\/corpusry.fi\/index.php\/wp-json\/wp\/v2\/pages\/2166\/revisions\/2168"}],"wp:attachment":[{"href":"https:\/\/corpusry.fi\/index.php\/wp-json\/wp\/v2\/media?parent=2166"}],"curies":[{"name":"wp","href":"https:\/\/api.w.org\/{rel}","templated":true}]}}