{"id":2345,"date":"2023-12-06T18:32:46","date_gmt":"2023-12-06T16:32:46","guid":{"rendered":"https:\/\/corpusry.fi\/?page_id=2345"},"modified":"2023-12-06T18:32:46","modified_gmt":"2023-12-06T16:32:46","slug":"6-luukku-4","status":"publish","type":"page","link":"https:\/\/corpusry.fi\/index.php\/6-luukku-4\/","title":{"rendered":"6. Luukku"},"content":{"rendered":"\n<p>Kaipaan mets\u00e4\u00e4<br>J\u00e4rve\u00e4<br>Sit\u00e4 yht\u00e4 j\u00e4rve\u00e4<br>Jonka rantaan istuessa<br>Kuva seisahtuu<\/p>\n\n\n\n<p>Kaipaan joskus takaisin<\/p>\n\n\n\n<p>Takaisin kotisuomeen<\/p>\n\n\n\n<p>Sinne Suomeen<br>Jota ei ajeta huonoille teille<br>Suomeen jossa jokainen on arvokas<br>Suomeen jossa ei ole tilaa rasismille<\/p>\n\n\n\n<p>Suomi jossa saa rakastaa<\/p>\n\n\n\n<p>Suomi jossa kulttuuria arvostetaan<\/p>\n\n\n\n<p>Suomi jossa hoitojonot eiv\u00e4t ulottuisi<br>kilometrien p\u00e4\u00e4h\u00e4n<\/p>\n\n\n\n<p>Jossa ihmiset el\u00e4isiv\u00e4t sovussa<br>Kun lunta tippuu hiljalleen katoilta<\/p>\n\n\n\n<p>Jospa viel\u00e4 jokin p\u00e4iv\u00e4<\/p>\n\n\n\n<p><\/p>\n\n\n\n<p>&#8211; Nanna<\/p>\n","protected":false},"excerpt":{"rendered":"<p>Kaipaan mets\u00e4\u00e4J\u00e4rve\u00e4Sit\u00e4 yht\u00e4 j\u00e4rve\u00e4Jonka rantaan istuessaKuva seisahtuu Kaipaan joskus takaisin Takaisin kotisuomeen Sinne SuomeenJota ei ajeta huonoille teilleSuomeen jossa jokainen on arvokasSuomeen jossa ei ole tilaa rasismille Suomi jossa saa <a href=\"https:\/\/corpusry.fi\/index.php\/6-luukku-4\/\" class=\"more-link\">[&hellip;]<\/a><\/p>\n","protected":false},"author":19,"featured_media":0,"parent":0,"menu_order":0,"comment_status":"closed","ping_status":"closed","template":"","meta":{"Layout":"","footnotes":""},"class_list":["entry","author-snupponen","post-2345","page","type-page","status-publish"],"_links":{"self":[{"href":"https:\/\/corpusry.fi\/index.php\/wp-json\/wp\/v2\/pages\/2345","targetHints":{"allow":["GET"]}}],"collection":[{"href":"https:\/\/corpusry.fi\/index.php\/wp-json\/wp\/v2\/pages"}],"about":[{"href":"https:\/\/corpusry.fi\/index.php\/wp-json\/wp\/v2\/types\/page"}],"author":[{"embeddable":true,"href":"https:\/\/corpusry.fi\/index.php\/wp-json\/wp\/v2\/users\/19"}],"replies":[{"embeddable":true,"href":"https:\/\/corpusry.fi\/index.php\/wp-json\/wp\/v2\/comments?post=2345"}],"version-history":[{"count":1,"href":"https:\/\/corpusry.fi\/index.php\/wp-json\/wp\/v2\/pages\/2345\/revisions"}],"predecessor-version":[{"id":2346,"href":"https:\/\/corpusry.fi\/index.php\/wp-json\/wp\/v2\/pages\/2345\/revisions\/2346"}],"wp:attachment":[{"href":"https:\/\/corpusry.fi\/index.php\/wp-json\/wp\/v2\/media?parent=2345"}],"curies":[{"name":"wp","href":"https:\/\/api.w.org\/{rel}","templated":true}]}}