{"id":2348,"date":"2023-12-07T13:00:56","date_gmt":"2023-12-07T11:00:56","guid":{"rendered":"https:\/\/corpusry.fi\/?page_id=2348"},"modified":"2023-12-07T13:00:56","modified_gmt":"2023-12-07T11:00:56","slug":"7-luukku-4","status":"publish","type":"page","link":"https:\/\/corpusry.fi\/index.php\/7-luukku-4\/","title":{"rendered":"7. Luukku"},"content":{"rendered":"\n<p>Helppo lapasohje virkkauksen yst\u00e4ville! N\u00e4ill\u00e4 vinkeill\u00e4 ehdit v\u00e4s\u00e4t\u00e4 viel\u00e4 useammat lapaset pukinkonttiin mukaan!<\/p>\n\n\n\n<p>N\u00e4iden lapasten tekeminen on nopeaa ja helppoa, mutta vaatii virkkaustaitoa.<\/p>\n\n\n\n<p>Vaihe 1: valitse kiva lanka ja sopiva koukku. Kun virkkaat, k\u00e4yt\u00e4 omaa k\u00e4tt\u00e4si mallina oikealle koolle, ettei lapasista tule liian isot tai pienet. My\u00f6s kaverin k\u00e4tt\u00e4 voi lainata.<\/p>\n\n\n\n<p>Tee t\u00e4llainen muoto, aloittaen alhaalta eli ranteeseen tulevasta kire\u00e4mm\u00e4st\u00e4 osasta ja virkkaa koko ajan yl\u00f6sp\u00e4in kohti sormenp\u00e4it\u00e4 (muoto n\u00e4ytt\u00e4\u00e4 hassulta):<\/p>\n\n\n\n<figure class=\"wp-block-image size-large\"><img loading=\"lazy\" decoding=\"async\" width=\"1024\" height=\"1024\" src=\"https:\/\/corpusry.fi\/wp-content\/uploads\/2023\/12\/thumbnail_1701685034109-1024x1024.jpg\" alt=\"\" class=\"wp-image-2349\" srcset=\"https:\/\/corpusry.fi\/wp-content\/uploads\/2023\/12\/thumbnail_1701685034109-1024x1024.jpg 1024w, https:\/\/corpusry.fi\/wp-content\/uploads\/2023\/12\/thumbnail_1701685034109-300x300.jpg 300w, https:\/\/corpusry.fi\/wp-content\/uploads\/2023\/12\/thumbnail_1701685034109-150x150.jpg 150w, https:\/\/corpusry.fi\/wp-content\/uploads\/2023\/12\/thumbnail_1701685034109-768x768.jpg 768w, https:\/\/corpusry.fi\/wp-content\/uploads\/2023\/12\/thumbnail_1701685034109-1536x1536.jpg 1536w, https:\/\/corpusry.fi\/wp-content\/uploads\/2023\/12\/thumbnail_1701685034109-500x500.jpg 500w, https:\/\/corpusry.fi\/wp-content\/uploads\/2023\/12\/thumbnail_1701685034109.jpg 1920w\" sizes=\"auto, (max-width: 1024px) 100vw, 1024px\" \/><\/figure>\n\n\n\n<p>Vaihe 2 ja 3: Melkein jo valmista! Taittele lapanen keskelt\u00e4 kahtia kuvan mukaan ja ompele reunat yhteen n\u00e4in:<\/p>\n\n\n\n<figure class=\"wp-block-image size-large\"><img loading=\"lazy\" decoding=\"async\" width=\"1024\" height=\"1024\" src=\"https:\/\/corpusry.fi\/wp-content\/uploads\/2023\/12\/1701685130049-1024x1024.jpg\" alt=\"\" class=\"wp-image-2350\" srcset=\"https:\/\/corpusry.fi\/wp-content\/uploads\/2023\/12\/1701685130049-1024x1024.jpg 1024w, https:\/\/corpusry.fi\/wp-content\/uploads\/2023\/12\/1701685130049-300x300.jpg 300w, https:\/\/corpusry.fi\/wp-content\/uploads\/2023\/12\/1701685130049-150x150.jpg 150w, https:\/\/corpusry.fi\/wp-content\/uploads\/2023\/12\/1701685130049-768x768.jpg 768w, https:\/\/corpusry.fi\/wp-content\/uploads\/2023\/12\/1701685130049-1536x1536.jpg 1536w, https:\/\/corpusry.fi\/wp-content\/uploads\/2023\/12\/1701685130049.jpg 2048w, https:\/\/corpusry.fi\/wp-content\/uploads\/2023\/12\/1701685130049-500x500.jpg 500w\" sizes=\"auto, (max-width: 1024px) 100vw, 1024px\" \/><\/figure>\n\n\n\n<p>Vaihe 4: K\u00e4\u00e4nn\u00e4 lapanen nurinp\u00e4in niin, ett\u00e4 ommeltu sauma j\u00e4\u00e4 sis\u00e4puolelle. P\u00e4\u00e4ttele langanp\u00e4\u00e4t jos jaksat. Valmista! Hyv\u00e4\u00e4 joulua Corpus &lt;3 T. Lotta<\/p>\n\n\n\n<figure class=\"wp-block-image size-large\"><img loading=\"lazy\" decoding=\"async\" width=\"1024\" height=\"1024\" src=\"https:\/\/corpusry.fi\/wp-content\/uploads\/2023\/12\/1701685184310-1024x1024.jpg\" alt=\"\" class=\"wp-image-2351\" srcset=\"https:\/\/corpusry.fi\/wp-content\/uploads\/2023\/12\/1701685184310-1024x1024.jpg 1024w, https:\/\/corpusry.fi\/wp-content\/uploads\/2023\/12\/1701685184310-300x300.jpg 300w, https:\/\/corpusry.fi\/wp-content\/uploads\/2023\/12\/1701685184310-150x150.jpg 150w, https:\/\/corpusry.fi\/wp-content\/uploads\/2023\/12\/1701685184310-768x768.jpg 768w, https:\/\/corpusry.fi\/wp-content\/uploads\/2023\/12\/1701685184310-1536x1536.jpg 1536w, https:\/\/corpusry.fi\/wp-content\/uploads\/2023\/12\/1701685184310.jpg 2048w, https:\/\/corpusry.fi\/wp-content\/uploads\/2023\/12\/1701685184310-500x500.jpg 500w\" sizes=\"auto, (max-width: 1024px) 100vw, 1024px\" \/><\/figure>\n","protected":false},"excerpt":{"rendered":"<p>Helppo lapasohje virkkauksen yst\u00e4ville! N\u00e4ill\u00e4 vinkeill\u00e4 ehdit v\u00e4s\u00e4t\u00e4 viel\u00e4 useammat lapaset pukinkonttiin mukaan! N\u00e4iden lapasten tekeminen on nopeaa ja helppoa, mutta vaatii virkkaustaitoa. Vaihe 1: valitse kiva lanka ja sopiva <a href=\"https:\/\/corpusry.fi\/index.php\/7-luukku-4\/\" class=\"more-link\">[&hellip;]<\/a><\/p>\n","protected":false},"author":19,"featured_media":0,"parent":0,"menu_order":0,"comment_status":"closed","ping_status":"closed","template":"","meta":{"Layout":"","footnotes":""},"class_list":["entry","author-snupponen","post-2348","page","type-page","status-publish"],"_links":{"self":[{"href":"https:\/\/corpusry.fi\/index.php\/wp-json\/wp\/v2\/pages\/2348","targetHints":{"allow":["GET"]}}],"collection":[{"href":"https:\/\/corpusry.fi\/index.php\/wp-json\/wp\/v2\/pages"}],"about":[{"href":"https:\/\/corpusry.fi\/index.php\/wp-json\/wp\/v2\/types\/page"}],"author":[{"embeddable":true,"href":"https:\/\/corpusry.fi\/index.php\/wp-json\/wp\/v2\/users\/19"}],"replies":[{"embeddable":true,"href":"https:\/\/corpusry.fi\/index.php\/wp-json\/wp\/v2\/comments?post=2348"}],"version-history":[{"count":1,"href":"https:\/\/corpusry.fi\/index.php\/wp-json\/wp\/v2\/pages\/2348\/revisions"}],"predecessor-version":[{"id":2352,"href":"https:\/\/corpusry.fi\/index.php\/wp-json\/wp\/v2\/pages\/2348\/revisions\/2352"}],"wp:attachment":[{"href":"https:\/\/corpusry.fi\/index.php\/wp-json\/wp\/v2\/media?parent=2348"}],"curies":[{"name":"wp","href":"https:\/\/api.w.org\/{rel}","templated":true}]}}