{"id":2354,"date":"2023-12-08T12:36:32","date_gmt":"2023-12-08T10:36:32","guid":{"rendered":"https:\/\/corpusry.fi\/?page_id=2354"},"modified":"2023-12-08T12:36:32","modified_gmt":"2023-12-08T10:36:32","slug":"8-luukku-4","status":"publish","type":"page","link":"https:\/\/corpusry.fi\/index.php\/8-luukku-4\/","title":{"rendered":"8. Luukku"},"content":{"rendered":"\n<p>Neo toivottaa kaikille Hyv\u00e4\u00e4 Joulua ja kehottaa nauttimaan hyv\u00e4st\u00e4 ruuasta.\u00a0<\/p>\n\n\n\n<figure class=\"wp-block-image size-large\"><img loading=\"lazy\" decoding=\"async\" width=\"768\" height=\"1024\" src=\"https:\/\/corpusry.fi\/wp-content\/uploads\/2023\/12\/NEO-768x1024.png\" alt=\"\" class=\"wp-image-2355\" srcset=\"https:\/\/corpusry.fi\/wp-content\/uploads\/2023\/12\/NEO-768x1024.png 768w, https:\/\/corpusry.fi\/wp-content\/uploads\/2023\/12\/NEO-225x300.png 225w, https:\/\/corpusry.fi\/wp-content\/uploads\/2023\/12\/NEO-1152x1536.png 1152w, https:\/\/corpusry.fi\/wp-content\/uploads\/2023\/12\/NEO-375x500.png 375w, https:\/\/corpusry.fi\/wp-content\/uploads\/2023\/12\/NEO.png 1536w\" sizes=\"auto, (max-width: 768px) 100vw, 768px\" \/><\/figure>\n","protected":false},"excerpt":{"rendered":"<p>Neo toivottaa kaikille Hyv\u00e4\u00e4 Joulua ja kehottaa nauttimaan hyv\u00e4st\u00e4 ruuasta.\u00a0<\/p>\n","protected":false},"author":19,"featured_media":0,"parent":0,"menu_order":0,"comment_status":"closed","ping_status":"closed","template":"","meta":{"Layout":"","footnotes":""},"class_list":["entry","author-snupponen","post-2354","page","type-page","status-publish"],"_links":{"self":[{"href":"https:\/\/corpusry.fi\/index.php\/wp-json\/wp\/v2\/pages\/2354","targetHints":{"allow":["GET"]}}],"collection":[{"href":"https:\/\/corpusry.fi\/index.php\/wp-json\/wp\/v2\/pages"}],"about":[{"href":"https:\/\/corpusry.fi\/index.php\/wp-json\/wp\/v2\/types\/page"}],"author":[{"embeddable":true,"href":"https:\/\/corpusry.fi\/index.php\/wp-json\/wp\/v2\/users\/19"}],"replies":[{"embeddable":true,"href":"https:\/\/corpusry.fi\/index.php\/wp-json\/wp\/v2\/comments?post=2354"}],"version-history":[{"count":1,"href":"https:\/\/corpusry.fi\/index.php\/wp-json\/wp\/v2\/pages\/2354\/revisions"}],"predecessor-version":[{"id":2356,"href":"https:\/\/corpusry.fi\/index.php\/wp-json\/wp\/v2\/pages\/2354\/revisions\/2356"}],"wp:attachment":[{"href":"https:\/\/corpusry.fi\/index.php\/wp-json\/wp\/v2\/media?parent=2354"}],"curies":[{"name":"wp","href":"https:\/\/api.w.org\/{rel}","templated":true}]}}